{"id":4648,"date":"2015-05-06T01:59:48","date_gmt":"2015-05-06T01:59:48","guid":{"rendered":"https:\/\/sirkussirkus.com\/kauppa\/?post_type=product&#038;p=4648"},"modified":"2025-10-05T16:34:30","modified_gmt":"2025-10-05T16:34:30","slug":"krom-x-beams-o-k","status":"publish","type":"product","link":"https:\/\/sirkussirkus.com\/kauppa\/product\/krom-x-beams-o-k\/","title":{"rendered":"KROM X BEAMS O.K."},"content":{"rendered":"<p>Kendama, jolla on tarina. Jokaisesta myydyst\u00e4 KROM X BEAMS O.K. -mallista lahjoitetaan 3 dollaria Tohokun kyl\u00e4\u00e4n Japaniin Fukushiman surullisenkuuluisalle maanj\u00e4ristysalueelle. T\u00e4m\u00e4 Kendama-malli on eritt\u00e4in laadukas, persoonallisen n\u00e4k\u00f6inen ja oiva tapa auttaa muita hauskan harrastuksen kautta. K\u00e4densijan varteen on kirjoitettu kuuluisa lause, joka kuvaa Tohokun alueella paperimassasta k\u00e4sity\u00f6n\u00e4 valmistettavia Okigari Koboshi -hahmoja sek\u00e4 Fukushiman alueen nykyisten ja entisten asukkaiden periksiantamatonta el\u00e4m\u00e4nasennetta: &#8221;7 times down 8 times up&#8221;<\/p>\n","protected":false},"excerpt":{"rendered":"<p>Kendama, jolla on tarina. Jokaisesta myydyst\u00e4 KROM X BEAMS O.K. -mallista lahjoitetaan 3 dollaria Tohokun kyl\u00e4\u00e4n Japaniin Fukushiman surullisenkuuluisalle maanj\u00e4ristysalueelle. T\u00e4m\u00e4 Kendama-malli on eritt\u00e4in laadukas, persoonallisen n\u00e4k\u00f6inen ja oiva tapa auttaa muita hauskan harrastuksen kautta. K\u00e4densijan varteen on kirjoitettu kuuluisa lause, joka kuvaa Tohokun alueella paperimassasta k\u00e4sity\u00f6n\u00e4 valmistettavia Okigari Koboshi -hahmoja sek\u00e4 Fukushiman alueen nykyisten [&hellip;]<\/p>\n","protected":false},"featured_media":4651,"template":"","meta":{"site-sidebar-layout":"default","site-content-layout":"default","ast-site-content-layout":"default","site-content-style":"default","site-sidebar-style":"default","ast-global-header-display":"","ast-banner-title-visibility":"","ast-main-header-display":"","ast-hfb-above-header-display":"","ast-hfb-below-header-display":"","ast-hfb-mobile-header-display":"","site-post-title":"","ast-breadcrumbs-content":"","ast-featured-img":"","footer-sml-layout":"","theme-transparent-header-meta":"default","adv-header-id-meta":"","stick-header-meta":"","header-above-stick-meta":"","header-main-stick-meta":"","header-below-stick-meta":"","astra-migrate-meta-layouts":"set","ast-page-background-enabled":"default","ast-page-background-meta":{"desktop":{"background-color":"","background-image":"","background-repeat":"repeat","background-position":"center center","background-size":"auto","background-attachment":"scroll","background-type":"","background-media":"","overlay-type":"","overlay-color":"","overlay-opacity":"","overlay-gradient":""},"tablet":{"background-color":"","background-image":"","background-repeat":"repeat","background-position":"center center","background-size":"auto","background-attachment":"scroll","background-type":"","background-media":"","overlay-type":"","overlay-color":"","overlay-opacity":"","overlay-gradient":""},"mobile":{"background-color":"","background-image":"","background-repeat":"repeat","background-position":"center center","background-size":"auto","background-attachment":"scroll","background-type":"","background-media":"","overlay-type":"","overlay-color":"","overlay-opacity":"","overlay-gradient":""}},"ast-content-background-meta":{"desktop":{"background-color":"var(--ast-global-color-5)","background-image":"","background-repeat":"repeat","background-position":"center center","background-size":"auto","background-attachment":"scroll","background-type":"","background-media":"","overlay-type":"","overlay-color":"","overlay-opacity":"","overlay-gradient":""},"tablet":{"background-color":"var(--ast-global-color-5)","background-image":"","background-repeat":"repeat","background-position":"center center","background-size":"auto","background-attachment":"scroll","background-type":"","background-media":"","overlay-type":"","overlay-color":"","overlay-opacity":"","overlay-gradient":""},"mobile":{"background-color":"var(--ast-global-color-5)","background-image":"","background-repeat":"repeat","background-position":"center center","background-size":"auto","background-attachment":"scroll","background-type":"","background-media":"","overlay-type":"","overlay-color":"","overlay-opacity":"","overlay-gradient":""}}},"product_brand":[],"product_cat":[75],"product_tag":[288,146,277,279,289],"class_list":{"0":"post-4648","1":"product","2":"type-product","3":"status-publish","4":"has-post-thumbnail","6":"product_cat-kendama","7":"product_tag-beams","8":"product_tag-kendama","9":"product_tag-krom","10":"product_tag-muut","11":"product_tag-o-k","12":"desktop-align-center","13":"tablet-align-left","14":"mobile-align-left","16":"first","17":"outofstock","18":"sale","19":"taxable","20":"shipping-taxable","21":"purchasable","22":"product-type-variable"},"_links":{"self":[{"href":"https:\/\/sirkussirkus.com\/kauppa\/wp-json\/wp\/v2\/product\/4648","targetHints":{"allow":["GET"]}}],"collection":[{"href":"https:\/\/sirkussirkus.com\/kauppa\/wp-json\/wp\/v2\/product"}],"about":[{"href":"https:\/\/sirkussirkus.com\/kauppa\/wp-json\/wp\/v2\/types\/product"}],"version-history":[{"count":1,"href":"https:\/\/sirkussirkus.com\/kauppa\/wp-json\/wp\/v2\/product\/4648\/revisions"}],"predecessor-version":[{"id":4660,"href":"https:\/\/sirkussirkus.com\/kauppa\/wp-json\/wp\/v2\/product\/4648\/revisions\/4660"}],"wp:featuredmedia":[{"embeddable":true,"href":"https:\/\/sirkussirkus.com\/kauppa\/wp-json\/wp\/v2\/media\/4651"}],"wp:attachment":[{"href":"https:\/\/sirkussirkus.com\/kauppa\/wp-json\/wp\/v2\/media?parent=4648"}],"wp:term":[{"taxonomy":"product_brand","embeddable":true,"href":"https:\/\/sirkussirkus.com\/kauppa\/wp-json\/wp\/v2\/product_brand?post=4648"},{"taxonomy":"product_cat","embeddable":true,"href":"https:\/\/sirkussirkus.com\/kauppa\/wp-json\/wp\/v2\/product_cat?post=4648"},{"taxonomy":"product_tag","embeddable":true,"href":"https:\/\/sirkussirkus.com\/kauppa\/wp-json\/wp\/v2\/product_tag?post=4648"}],"curies":[{"name":"wp","href":"https:\/\/api.w.org\/{rel}","templated":true}]}}