{"id":4639,"date":"2022-05-06T01:52:51","date_gmt":"2022-05-06T01:52:51","guid":{"rendered":"https:\/\/sirkussirkus.com\/kauppa\/?post_type=product&#038;p=4639"},"modified":"2025-10-16T08:39:25","modified_gmt":"2025-10-16T08:39:25","slug":"krom-9-year-bday","status":"publish","type":"product","link":"https:\/\/sirkussirkus.com\/kauppa\/product\/krom-9-year-bday\/","title":{"rendered":"KROM 9 Year Bday"},"content":{"rendered":"<p>Krom Kendaman 9-vuotisjuhla-Kendama! Viimeisen p\u00e4\u00e4lle viimeistelty sekapuinen n\u00e4ytt\u00e4v\u00e4 ja yksityiskohtainen Kendama. Uutta l\u00e4hestymist\u00e4 Kenin muotoilussa, materiaaleissa sek\u00e4 laminoinnissa. Pakkaukseen sis\u00e4ltyy juhla-Kendama, varanaru, varajyv\u00e4, tarrapakkaus ja minijuliste.<\/p>\n<p>Ominaisuudet: Uusi KROM AK -muotoiltu Ken, materiaalina vaahtera-koivu-zebrano, Warp Hole -kantakuppireik\u00e4, laakeroitu jyv\u00e4, kultanaru, LOL Clear -pinta, 25-kertainen laminointi.<\/p>\n<p>Monien mielest\u00e4 parastakin parempi Kendama!<\/p>\n","protected":false},"excerpt":{"rendered":"<p>Krom Kendaman 9-vuotisjuhla-Kendama! Viimeisen p\u00e4\u00e4lle viimeistelty sekapuinen n\u00e4ytt\u00e4v\u00e4 ja yksityiskohtainen Kendama. Uutta l\u00e4hestymist\u00e4 Kenin muotoilussa, materiaaleissa sek\u00e4 laminoinnissa. Pakkaukseen sis\u00e4ltyy juhla-Kendama, varanaru, varajyv\u00e4, tarrapakkaus ja minijuliste. Ominaisuudet: Uusi KROM AK -muotoiltu Ken, materiaalina vaahtera-koivu-zebrano, Warp Hole -kantakuppireik\u00e4, laakeroitu jyv\u00e4, kultanaru, LOL Clear -pinta, 25-kertainen laminointi. Monien mielest\u00e4 parastakin parempi Kendama!<\/p>\n","protected":false},"featured_media":4640,"template":"","meta":{"site-sidebar-layout":"default","site-content-layout":"default","ast-site-content-layout":"default","site-content-style":"default","site-sidebar-style":"default","ast-global-header-display":"","ast-banner-title-visibility":"","ast-main-header-display":"","ast-hfb-above-header-display":"","ast-hfb-below-header-display":"","ast-hfb-mobile-header-display":"","site-post-title":"","ast-breadcrumbs-content":"","ast-featured-img":"","footer-sml-layout":"","theme-transparent-header-meta":"default","adv-header-id-meta":"","stick-header-meta":"","header-above-stick-meta":"","header-main-stick-meta":"","header-below-stick-meta":"","astra-migrate-meta-layouts":"set","ast-page-background-enabled":"default","ast-page-background-meta":{"desktop":{"background-color":"","background-image":"","background-repeat":"repeat","background-position":"center center","background-size":"auto","background-attachment":"scroll","background-type":"","background-media":"","overlay-type":"","overlay-color":"","overlay-opacity":"","overlay-gradient":""},"tablet":{"background-color":"","background-image":"","background-repeat":"repeat","background-position":"center center","background-size":"auto","background-attachment":"scroll","background-type":"","background-media":"","overlay-type":"","overlay-color":"","overlay-opacity":"","overlay-gradient":""},"mobile":{"background-color":"","background-image":"","background-repeat":"repeat","background-position":"center center","background-size":"auto","background-attachment":"scroll","background-type":"","background-media":"","overlay-type":"","overlay-color":"","overlay-opacity":"","overlay-gradient":""}},"ast-content-background-meta":{"desktop":{"background-color":"var(--ast-global-color-5)","background-image":"","background-repeat":"repeat","background-position":"center center","background-size":"auto","background-attachment":"scroll","background-type":"","background-media":"","overlay-type":"","overlay-color":"","overlay-opacity":"","overlay-gradient":""},"tablet":{"background-color":"var(--ast-global-color-5)","background-image":"","background-repeat":"repeat","background-position":"center center","background-size":"auto","background-attachment":"scroll","background-type":"","background-media":"","overlay-type":"","overlay-color":"","overlay-opacity":"","overlay-gradient":""},"mobile":{"background-color":"var(--ast-global-color-5)","background-image":"","background-repeat":"repeat","background-position":"center center","background-size":"auto","background-attachment":"scroll","background-type":"","background-media":"","overlay-type":"","overlay-color":"","overlay-opacity":"","overlay-gradient":""}}},"product_brand":[],"product_cat":[75],"product_tag":[287,146,277,279],"class_list":{"0":"post-4639","1":"product","2":"type-product","3":"status-publish","4":"has-post-thumbnail","6":"product_cat-kendama","7":"product_tag-bday","8":"product_tag-kendama","9":"product_tag-krom","10":"product_tag-muut","11":"desktop-align-center","12":"tablet-align-left","13":"mobile-align-left","15":"first","16":"outofstock","17":"taxable","18":"shipping-taxable","19":"purchasable","20":"product-type-simple"},"_links":{"self":[{"href":"https:\/\/sirkussirkus.com\/kauppa\/wp-json\/wp\/v2\/product\/4639","targetHints":{"allow":["GET"]}}],"collection":[{"href":"https:\/\/sirkussirkus.com\/kauppa\/wp-json\/wp\/v2\/product"}],"about":[{"href":"https:\/\/sirkussirkus.com\/kauppa\/wp-json\/wp\/v2\/types\/product"}],"version-history":[{"count":1,"href":"https:\/\/sirkussirkus.com\/kauppa\/wp-json\/wp\/v2\/product\/4639\/revisions"}],"predecessor-version":[{"id":4647,"href":"https:\/\/sirkussirkus.com\/kauppa\/wp-json\/wp\/v2\/product\/4639\/revisions\/4647"}],"wp:featuredmedia":[{"embeddable":true,"href":"https:\/\/sirkussirkus.com\/kauppa\/wp-json\/wp\/v2\/media\/4640"}],"wp:attachment":[{"href":"https:\/\/sirkussirkus.com\/kauppa\/wp-json\/wp\/v2\/media?parent=4639"}],"wp:term":[{"taxonomy":"product_brand","embeddable":true,"href":"https:\/\/sirkussirkus.com\/kauppa\/wp-json\/wp\/v2\/product_brand?post=4639"},{"taxonomy":"product_cat","embeddable":true,"href":"https:\/\/sirkussirkus.com\/kauppa\/wp-json\/wp\/v2\/product_cat?post=4639"},{"taxonomy":"product_tag","embeddable":true,"href":"https:\/\/sirkussirkus.com\/kauppa\/wp-json\/wp\/v2\/product_tag?post=4639"}],"curies":[{"name":"wp","href":"https:\/\/api.w.org\/{rel}","templated":true}]}}