{"id":4610,"date":"2022-05-06T01:46:00","date_gmt":"2022-05-06T01:46:00","guid":{"rendered":"https:\/\/sirkussirkus.com\/kauppa\/?post_type=product&#038;p=4610"},"modified":"2025-10-16T08:40:16","modified_gmt":"2025-10-16T08:40:16","slug":"krom-headshot-pro-mod-walnut","status":"publish","type":"product","link":"https:\/\/sirkussirkus.com\/kauppa\/product\/krom-headshot-pro-mod-walnut\/","title":{"rendered":"KROM Headshot Pro Mod Walnut"},"content":{"rendered":"<p>KROM-tallipelaajien uudet, siistit ja yksityiskohtaiset pro-mallit nyt p\u00e4hkin\u00e4puusta veistettyn\u00e4. Erinomainen viimeistely jokaista yksityiskohtaa my\u00f6den. P\u00e4hkin\u00e4puu tuo materiaalina mallille viel\u00e4 lis\u00e4\u00e4 arvokasta ulkon\u00e4k\u00f6\u00e4 ja painonsa puolesta se antaa parhaan mahdollisen k\u00e4ytt\u00f6suhteen Kenille ja Damalle. Paketissa Kendama, tarroja, varanaru.<\/p>\n<p>Ominaisuudet: KROM SLAYDAWG 2 -muotoiltu Ken, Warp hole -kantareik\u00e4, kokopuurakenne, KROM 20% scope, 23,5mm bevel-viiste, LOL clear super sticky -p\u00e4\u00e4llyste, KROM minilaakeri jyv\u00e4n\u00e4, tuoreet kaiverrukset, kiva paketti. Kendaman materiaalina p\u00e4hkin\u00e4puu.<\/p>\n<p>Nelj\u00e4 mallia: Hiroki &#8221;IJI&#8221; Iijima, Rolf Sandvigganer, Bonz Atron ja Jake Fischer.<\/p>\n","protected":false},"excerpt":{"rendered":"<p>KROM-tallipelaajien uudet, siistit ja yksityiskohtaiset pro-mallit nyt p\u00e4hkin\u00e4puusta veistettyn\u00e4. Erinomainen viimeistely jokaista yksityiskohtaa my\u00f6den. P\u00e4hkin\u00e4puu tuo materiaalina mallille viel\u00e4 lis\u00e4\u00e4 arvokasta ulkon\u00e4k\u00f6\u00e4 ja painonsa puolesta se antaa parhaan mahdollisen k\u00e4ytt\u00f6suhteen Kenille ja Damalle. Paketissa Kendama, tarroja, varanaru. Ominaisuudet: KROM SLAYDAWG 2 -muotoiltu Ken, Warp hole -kantareik\u00e4, kokopuurakenne, KROM 20% scope, 23,5mm bevel-viiste, LOL clear super [&hellip;]<\/p>\n","protected":false},"featured_media":4615,"template":"","meta":{"site-sidebar-layout":"default","site-content-layout":"default","ast-site-content-layout":"default","site-content-style":"default","site-sidebar-style":"default","ast-global-header-display":"","ast-banner-title-visibility":"","ast-main-header-display":"","ast-hfb-above-header-display":"","ast-hfb-below-header-display":"","ast-hfb-mobile-header-display":"","site-post-title":"","ast-breadcrumbs-content":"","ast-featured-img":"","footer-sml-layout":"","theme-transparent-header-meta":"default","adv-header-id-meta":"","stick-header-meta":"","header-above-stick-meta":"","header-main-stick-meta":"","header-below-stick-meta":"","astra-migrate-meta-layouts":"default","ast-page-background-enabled":"default","ast-page-background-meta":{"desktop":{"background-color":"","background-image":"","background-repeat":"repeat","background-position":"center center","background-size":"auto","background-attachment":"scroll","background-type":"","background-media":"","overlay-type":"","overlay-color":"","overlay-opacity":"","overlay-gradient":""},"tablet":{"background-color":"","background-image":"","background-repeat":"repeat","background-position":"center center","background-size":"auto","background-attachment":"scroll","background-type":"","background-media":"","overlay-type":"","overlay-color":"","overlay-opacity":"","overlay-gradient":""},"mobile":{"background-color":"","background-image":"","background-repeat":"repeat","background-position":"center center","background-size":"auto","background-attachment":"scroll","background-type":"","background-media":"","overlay-type":"","overlay-color":"","overlay-opacity":"","overlay-gradient":""}},"ast-content-background-meta":{"desktop":{"background-color":"var(--ast-global-color-5)","background-image":"","background-repeat":"repeat","background-position":"center center","background-size":"auto","background-attachment":"scroll","background-type":"","background-media":"","overlay-type":"","overlay-color":"","overlay-opacity":"","overlay-gradient":""},"tablet":{"background-color":"var(--ast-global-color-5)","background-image":"","background-repeat":"repeat","background-position":"center center","background-size":"auto","background-attachment":"scroll","background-type":"","background-media":"","overlay-type":"","overlay-color":"","overlay-opacity":"","overlay-gradient":""},"mobile":{"background-color":"var(--ast-global-color-5)","background-image":"","background-repeat":"repeat","background-position":"center center","background-size":"auto","background-attachment":"scroll","background-type":"","background-media":"","overlay-type":"","overlay-color":"","overlay-opacity":"","overlay-gradient":""}}},"product_brand":[],"product_cat":[75],"product_tag":[284,146,277,286,279,285,283],"class_list":{"0":"post-4610","1":"product","2":"type-product","3":"status-publish","4":"has-post-thumbnail","6":"product_cat-kendama","7":"product_tag-headshot","8":"product_tag-kendama","9":"product_tag-krom","10":"product_tag-mod","11":"product_tag-muut","12":"product_tag-pro","13":"product_tag-walnut","14":"desktop-align-center","15":"tablet-align-left","16":"mobile-align-left","18":"first","19":"outofstock","20":"sale","21":"taxable","22":"shipping-taxable","23":"purchasable","24":"product-type-variable"},"_links":{"self":[{"href":"https:\/\/sirkussirkus.com\/kauppa\/wp-json\/wp\/v2\/product\/4610","targetHints":{"allow":["GET"]}}],"collection":[{"href":"https:\/\/sirkussirkus.com\/kauppa\/wp-json\/wp\/v2\/product"}],"about":[{"href":"https:\/\/sirkussirkus.com\/kauppa\/wp-json\/wp\/v2\/types\/product"}],"version-history":[{"count":1,"href":"https:\/\/sirkussirkus.com\/kauppa\/wp-json\/wp\/v2\/product\/4610\/revisions"}],"predecessor-version":[{"id":4627,"href":"https:\/\/sirkussirkus.com\/kauppa\/wp-json\/wp\/v2\/product\/4610\/revisions\/4627"}],"wp:featuredmedia":[{"embeddable":true,"href":"https:\/\/sirkussirkus.com\/kauppa\/wp-json\/wp\/v2\/media\/4615"}],"wp:attachment":[{"href":"https:\/\/sirkussirkus.com\/kauppa\/wp-json\/wp\/v2\/media?parent=4610"}],"wp:term":[{"taxonomy":"product_brand","embeddable":true,"href":"https:\/\/sirkussirkus.com\/kauppa\/wp-json\/wp\/v2\/product_brand?post=4610"},{"taxonomy":"product_cat","embeddable":true,"href":"https:\/\/sirkussirkus.com\/kauppa\/wp-json\/wp\/v2\/product_cat?post=4610"},{"taxonomy":"product_tag","embeddable":true,"href":"https:\/\/sirkussirkus.com\/kauppa\/wp-json\/wp\/v2\/product_tag?post=4610"}],"curies":[{"name":"wp","href":"https:\/\/api.w.org\/{rel}","templated":true}]}}