{"id":4536,"date":"2020-05-06T01:15:14","date_gmt":"2020-05-06T01:15:14","guid":{"rendered":"https:\/\/sirkussirkus.com\/kauppa\/?post_type=product&#038;p=4536"},"modified":"2023-01-19T09:35:21","modified_gmt":"2023-01-19T09:35:21","slug":"kh20-kris-holm-trial","status":"publish","type":"product","link":"https:\/\/sirkussirkus.com\/kauppa\/product\/kh20-kris-holm-trial\/","title":{"rendered":"KH20 Kris Holm Trial"},"content":{"rendered":"<div class=\"product-text\">\n<p>Rakennettu kest\u00e4m\u00e4\u00e4n pahoinpitely\u00e4 ja v\u00e4\u00e4rink\u00e4ytt\u00f6\u00e4. Kris Holm -nimikkopy\u00f6r\u00e4 on suunniteltu nimenomaan trial-ajoon, kovaan katuk\u00e4ytt\u00f6\u00f6n sek\u00e4 kaupunkitemppuiluun. KH20 on monen kilpailevan Trial-ammattilaisten valinta. Kevyt, laadukas ja \u00e4\u00e4rimm\u00e4isen kest\u00e4v\u00e4. Yksipy\u00f6r\u00e4isten eliitti\u00e4. Alla olevalta videolta voit todistaa t\u00e4m\u00e4n py\u00f6r\u00e4n mahdollisuudet.<\/p>\n<p><a href=\"https:\/\/vimeo.com\/75238440\" target=\"_blank\" rel=\"noopener noreferrer\">Vimeo: Max Schulze Uni-Cyclist Mad Man<\/a><\/p>\n<p>Ajajan suositeltu maksimipaino 100kg.Ajajan suositeltu minimi haarakorkeus noin 63cm.<\/p>\n<p>Paino 5,4kg<\/p>\n<p>TILAUSTUOTE<\/p>\n<\/div>\n","protected":false},"excerpt":{"rendered":"<p>Rakennettu kest\u00e4m\u00e4\u00e4n pahoinpitely\u00e4 ja v\u00e4\u00e4rink\u00e4ytt\u00f6\u00e4. Kris Holm -nimikkopy\u00f6r\u00e4 on suunniteltu nimenomaan trial-ajoon, kovaan katuk\u00e4ytt\u00f6\u00f6n sek\u00e4 kaupunkitemppuiluun. KH20 on monen kilpailevan Trial-ammattilaisten valinta. Kevyt, laadukas ja \u00e4\u00e4rimm\u00e4isen kest\u00e4v\u00e4. Yksipy\u00f6r\u00e4isten eliitti\u00e4. Alla olevalta videolta voit todistaa t\u00e4m\u00e4n py\u00f6r\u00e4n mahdollisuudet. Vimeo: Max Schulze Uni-Cyclist Mad Man Ajajan suositeltu maksimipaino 100kg.Ajajan suositeltu minimi haarakorkeus noin 63cm. Paino 5,4kg TILAUSTUOTE<\/p>\n","protected":false},"featured_media":4537,"template":"","meta":{"site-sidebar-layout":"default","site-content-layout":"default","ast-site-content-layout":"default","site-content-style":"default","site-sidebar-style":"default","ast-global-header-display":"","ast-banner-title-visibility":"","ast-main-header-display":"","ast-hfb-above-header-display":"","ast-hfb-below-header-display":"","ast-hfb-mobile-header-display":"","site-post-title":"","ast-breadcrumbs-content":"","ast-featured-img":"","footer-sml-layout":"","theme-transparent-header-meta":"default","adv-header-id-meta":"","stick-header-meta":"","header-above-stick-meta":"","header-main-stick-meta":"","header-below-stick-meta":"","astra-migrate-meta-layouts":"default","ast-page-background-enabled":"default","ast-page-background-meta":{"desktop":{"background-color":"","background-image":"","background-repeat":"repeat","background-position":"center center","background-size":"auto","background-attachment":"scroll","background-type":"","background-media":"","overlay-type":"","overlay-color":"","overlay-opacity":"","overlay-gradient":""},"tablet":{"background-color":"","background-image":"","background-repeat":"repeat","background-position":"center center","background-size":"auto","background-attachment":"scroll","background-type":"","background-media":"","overlay-type":"","overlay-color":"","overlay-opacity":"","overlay-gradient":""},"mobile":{"background-color":"","background-image":"","background-repeat":"repeat","background-position":"center center","background-size":"auto","background-attachment":"scroll","background-type":"","background-media":"","overlay-type":"","overlay-color":"","overlay-opacity":"","overlay-gradient":""}},"ast-content-background-meta":{"desktop":{"background-color":"var(--ast-global-color-5)","background-image":"","background-repeat":"repeat","background-position":"center center","background-size":"auto","background-attachment":"scroll","background-type":"","background-media":"","overlay-type":"","overlay-color":"","overlay-opacity":"","overlay-gradient":""},"tablet":{"background-color":"var(--ast-global-color-5)","background-image":"","background-repeat":"repeat","background-position":"center center","background-size":"auto","background-attachment":"scroll","background-type":"","background-media":"","overlay-type":"","overlay-color":"","overlay-opacity":"","overlay-gradient":""},"mobile":{"background-color":"var(--ast-global-color-5)","background-image":"","background-repeat":"repeat","background-position":"center center","background-size":"auto","background-attachment":"scroll","background-type":"","background-media":"","overlay-type":"","overlay-color":"","overlay-opacity":"","overlay-gradient":""}}},"product_brand":[],"product_cat":[124],"product_tag":[175,170,276,274,275,267,273,128],"class_list":{"0":"post-4536","1":"product","2":"type-product","3":"status-publish","4":"has-post-thumbnail","6":"product_cat-yksipyora","7":"product_tag-175","8":"product_tag-170","9":"product_tag-holm","10":"product_tag-kh20","11":"product_tag-kris","12":"product_tag-tasapainoilu","13":"product_tag-tilaustuote","14":"product_tag-yksipyorainen","15":"desktop-align-center","16":"tablet-align-left","17":"mobile-align-left","19":"first","20":"outofstock","21":"taxable","22":"shipping-taxable","23":"purchasable","24":"product-type-simple"},"_links":{"self":[{"href":"https:\/\/sirkussirkus.com\/kauppa\/wp-json\/wp\/v2\/product\/4536","targetHints":{"allow":["GET"]}}],"collection":[{"href":"https:\/\/sirkussirkus.com\/kauppa\/wp-json\/wp\/v2\/product"}],"about":[{"href":"https:\/\/sirkussirkus.com\/kauppa\/wp-json\/wp\/v2\/types\/product"}],"version-history":[{"count":2,"href":"https:\/\/sirkussirkus.com\/kauppa\/wp-json\/wp\/v2\/product\/4536\/revisions"}],"predecessor-version":[{"id":4544,"href":"https:\/\/sirkussirkus.com\/kauppa\/wp-json\/wp\/v2\/product\/4536\/revisions\/4544"}],"wp:featuredmedia":[{"embeddable":true,"href":"https:\/\/sirkussirkus.com\/kauppa\/wp-json\/wp\/v2\/media\/4537"}],"wp:attachment":[{"href":"https:\/\/sirkussirkus.com\/kauppa\/wp-json\/wp\/v2\/media?parent=4536"}],"wp:term":[{"taxonomy":"product_brand","embeddable":true,"href":"https:\/\/sirkussirkus.com\/kauppa\/wp-json\/wp\/v2\/product_brand?post=4536"},{"taxonomy":"product_cat","embeddable":true,"href":"https:\/\/sirkussirkus.com\/kauppa\/wp-json\/wp\/v2\/product_cat?post=4536"},{"taxonomy":"product_tag","embeddable":true,"href":"https:\/\/sirkussirkus.com\/kauppa\/wp-json\/wp\/v2\/product_tag?post=4536"}],"curies":[{"name":"wp","href":"https:\/\/api.w.org\/{rel}","templated":true}]}}