{"id":4530,"date":"2022-03-06T01:12:10","date_gmt":"2022-03-06T01:12:10","guid":{"rendered":"https:\/\/sirkussirkus.com\/kauppa\/?post_type=product&#038;p=4530"},"modified":"2026-01-25T12:15:08","modified_gmt":"2026-01-25T12:15:08","slug":"qu-ax-minibike-6","status":"publish","type":"product","link":"https:\/\/sirkussirkus.com\/kauppa\/product\/qu-ax-minibike-6\/","title":{"rendered":"QU-AX Minibike 6&#8243;"},"content":{"rendered":"<p>6&#8243; minipolkupy\u00f6r\u00e4 aikuisille. Kyll\u00e4, aikuisille. Ei lapsille. Toki lapsetkin voivat py\u00f6r\u00e4ll\u00e4 ajella. Ei mitenk\u00e4\u00e4n j\u00e4rin miellytt\u00e4v\u00e4 ajaa, mutta sit\u00e4kin hauskempi kulkupeli. Ehdoton kapistus vaikka polttareihin.<\/p>\n<p>T\u00e4ll\u00e4 ajopelill\u00e4 huomiosi on taattu, ja kaikki ehtiv\u00e4t katsella sinua riitt\u00e4v\u00e4n pitk\u00e4\u00e4n, sill\u00e4 t\u00e4ll\u00e4 py\u00f6r\u00e4ll\u00e4 matkanteko kest\u00e4\u00e4 tuskastuttavan kauan vaikka sotkisit vimmatusti. Huomaa, ett\u00e4 valmistaja ei ole antanut mit\u00e4\u00e4n paino- tai kokosuosituksia t\u00e4lle py\u00f6r\u00e4lle. Eli t\u00e4m\u00e4 soveltuu sinulle jos olet tarpeeksi kahjo. Tehty kest\u00e4m\u00e4\u00e4n. K\u00e4ytt\u00f6 omalla vastuulla.<\/p>\n<p>Kuuden tuuman polyuretaanirenkaat. Ter\u00e4skammet ja ketjusuojus. Kromattu ohjaustanko. Satula synteettist\u00e4 nahkaa niiteill\u00e4. Seisontatuki n\u00e4ytteillepanoa varten.<\/p>\n<p>Hommaa kaverille kanssa, niin voitte pit\u00e4\u00e4 kilpailuja!<\/p>\n","protected":false},"excerpt":{"rendered":"<p>6&#8243; minipolkupy\u00f6r\u00e4 aikuisille. Kyll\u00e4, aikuisille. Ei lapsille. Toki lapsetkin voivat py\u00f6r\u00e4ll\u00e4 ajella. Ei mitenk\u00e4\u00e4n j\u00e4rin miellytt\u00e4v\u00e4 ajaa, mutta sit\u00e4kin hauskempi kulkupeli. Ehdoton kapistus vaikka polttareihin. T\u00e4ll\u00e4 ajopelill\u00e4 huomiosi on taattu, ja kaikki ehtiv\u00e4t katsella sinua riitt\u00e4v\u00e4n pitk\u00e4\u00e4n, sill\u00e4 t\u00e4ll\u00e4 py\u00f6r\u00e4ll\u00e4 matkanteko kest\u00e4\u00e4 tuskastuttavan kauan vaikka sotkisit vimmatusti. Huomaa, ett\u00e4 valmistaja ei ole antanut mit\u00e4\u00e4n paino- [&hellip;]<\/p>\n","protected":false},"featured_media":4531,"template":"","meta":{"site-sidebar-layout":"default","site-content-layout":"default","ast-site-content-layout":"default","site-content-style":"default","site-sidebar-style":"default","ast-global-header-display":"","ast-banner-title-visibility":"","ast-main-header-display":"","ast-hfb-above-header-display":"","ast-hfb-below-header-display":"","ast-hfb-mobile-header-display":"","site-post-title":"","ast-breadcrumbs-content":"","ast-featured-img":"","footer-sml-layout":"","theme-transparent-header-meta":"default","adv-header-id-meta":"","stick-header-meta":"","header-above-stick-meta":"","header-main-stick-meta":"","header-below-stick-meta":"","astra-migrate-meta-layouts":"default","ast-page-background-enabled":"default","ast-page-background-meta":{"desktop":{"background-color":"","background-image":"","background-repeat":"repeat","background-position":"center center","background-size":"auto","background-attachment":"scroll","background-type":"","background-media":"","overlay-type":"","overlay-color":"","overlay-opacity":"","overlay-gradient":""},"tablet":{"background-color":"","background-image":"","background-repeat":"repeat","background-position":"center center","background-size":"auto","background-attachment":"scroll","background-type":"","background-media":"","overlay-type":"","overlay-color":"","overlay-opacity":"","overlay-gradient":""},"mobile":{"background-color":"","background-image":"","background-repeat":"repeat","background-position":"center center","background-size":"auto","background-attachment":"scroll","background-type":"","background-media":"","overlay-type":"","overlay-color":"","overlay-opacity":"","overlay-gradient":""}},"ast-content-background-meta":{"desktop":{"background-color":"var(--ast-global-color-5)","background-image":"","background-repeat":"repeat","background-position":"center center","background-size":"auto","background-attachment":"scroll","background-type":"","background-media":"","overlay-type":"","overlay-color":"","overlay-opacity":"","overlay-gradient":""},"tablet":{"background-color":"var(--ast-global-color-5)","background-image":"","background-repeat":"repeat","background-position":"center center","background-size":"auto","background-attachment":"scroll","background-type":"","background-media":"","overlay-type":"","overlay-color":"","overlay-opacity":"","overlay-gradient":""},"mobile":{"background-color":"var(--ast-global-color-5)","background-image":"","background-repeat":"repeat","background-position":"center center","background-size":"auto","background-attachment":"scroll","background-type":"","background-media":"","overlay-type":"","overlay-color":"","overlay-opacity":"","overlay-gradient":""}}},"product_brand":[],"product_cat":[666,677,124],"product_tag":[198,272,222,130,271],"class_list":{"0":"post-4530","1":"product","2":"type-product","3":"status-publish","4":"has-post-thumbnail","6":"product_cat-kivaa","7":"product_cat-uutuudet","8":"product_cat-yksipyora","9":"product_tag-198","10":"product_tag-minibike","11":"product_tag-pyora","12":"product_tag-qu-ax","13":"product_tag-yksipyoraiset","14":"desktop-align-center","15":"tablet-align-left","16":"mobile-align-left","18":"first","19":"outofstock","20":"taxable","21":"shipping-taxable","22":"purchasable","23":"product-type-simple"},"_links":{"self":[{"href":"https:\/\/sirkussirkus.com\/kauppa\/wp-json\/wp\/v2\/product\/4530","targetHints":{"allow":["GET"]}}],"collection":[{"href":"https:\/\/sirkussirkus.com\/kauppa\/wp-json\/wp\/v2\/product"}],"about":[{"href":"https:\/\/sirkussirkus.com\/kauppa\/wp-json\/wp\/v2\/types\/product"}],"version-history":[{"count":2,"href":"https:\/\/sirkussirkus.com\/kauppa\/wp-json\/wp\/v2\/product\/4530\/revisions"}],"predecessor-version":[{"id":4535,"href":"https:\/\/sirkussirkus.com\/kauppa\/wp-json\/wp\/v2\/product\/4530\/revisions\/4535"}],"wp:featuredmedia":[{"embeddable":true,"href":"https:\/\/sirkussirkus.com\/kauppa\/wp-json\/wp\/v2\/media\/4531"}],"wp:attachment":[{"href":"https:\/\/sirkussirkus.com\/kauppa\/wp-json\/wp\/v2\/media?parent=4530"}],"wp:term":[{"taxonomy":"product_brand","embeddable":true,"href":"https:\/\/sirkussirkus.com\/kauppa\/wp-json\/wp\/v2\/product_brand?post=4530"},{"taxonomy":"product_cat","embeddable":true,"href":"https:\/\/sirkussirkus.com\/kauppa\/wp-json\/wp\/v2\/product_cat?post=4530"},{"taxonomy":"product_tag","embeddable":true,"href":"https:\/\/sirkussirkus.com\/kauppa\/wp-json\/wp\/v2\/product_tag?post=4530"}],"curies":[{"name":"wp","href":"https:\/\/api.w.org\/{rel}","templated":true}]}}