{"id":4526,"date":"2021-05-06T01:10:16","date_gmt":"2021-05-06T01:10:16","guid":{"rendered":"https:\/\/sirkussirkus.com\/kauppa\/?post_type=product&#038;p=4526"},"modified":"2025-09-29T15:57:12","modified_gmt":"2025-09-29T15:57:12","slug":"qu-ax-luxus-16","status":"publish","type":"product","link":"https:\/\/sirkussirkus.com\/kauppa\/product\/qu-ax-luxus-16\/","title":{"rendered":"QU-AX Luxus 16&#8243;"},"content":{"rendered":"<p>Pienemmille lapsille tarkoitettu 16 tuuman renkaalla varustettu yksipy\u00f6r\u00e4inen. QU-AX valmistaa tunnetusti maailman parhaat yksipy\u00f6r\u00e4iset. 28 pinnaa 16 tuuman renkaassa. Peruspolkimet hyv\u00e4ll\u00e4 pidolla. Mukava satula vaihdettavilla puskureilla. N\u00e4pp\u00e4r\u00e4 korkeudens\u00e4\u00e4t\u00f6. Luxus mallin mukana saat kaksi satulaputkea (200mm ja 300mm), joten s\u00e4\u00e4styt satulaputken sahaukselta.Ajajan suositeltu minimi haarakorkeus noin 56cm.<\/p>\n<p>Paino 6,5kg<\/p>\n","protected":false},"excerpt":{"rendered":"<p>Pienemmille lapsille tarkoitettu 16 tuuman renkaalla varustettu yksipy\u00f6r\u00e4inen. QU-AX valmistaa tunnetusti maailman parhaat yksipy\u00f6r\u00e4iset. 28 pinnaa 16 tuuman renkaassa. Peruspolkimet hyv\u00e4ll\u00e4 pidolla. Mukava satula vaihdettavilla puskureilla. N\u00e4pp\u00e4r\u00e4 korkeudens\u00e4\u00e4t\u00f6. Luxus mallin mukana saat kaksi satulaputkea (200mm ja 300mm), joten s\u00e4\u00e4styt satulaputken sahaukselta.Ajajan suositeltu minimi haarakorkeus noin 56cm. Paino 6,5kg<\/p>\n","protected":false},"featured_media":4527,"template":"","meta":{"site-sidebar-layout":"default","site-content-layout":"default","ast-site-content-layout":"default","site-content-style":"default","site-sidebar-style":"default","ast-global-header-display":"","ast-banner-title-visibility":"","ast-main-header-display":"","ast-hfb-above-header-display":"","ast-hfb-below-header-display":"","ast-hfb-mobile-header-display":"","site-post-title":"","ast-breadcrumbs-content":"","ast-featured-img":"","footer-sml-layout":"","theme-transparent-header-meta":"default","adv-header-id-meta":"","stick-header-meta":"","header-above-stick-meta":"","header-main-stick-meta":"","header-below-stick-meta":"","astra-migrate-meta-layouts":"set","ast-page-background-enabled":"default","ast-page-background-meta":{"desktop":{"background-color":"","background-image":"","background-repeat":"repeat","background-position":"center center","background-size":"auto","background-attachment":"scroll","background-type":"","background-media":"","overlay-type":"","overlay-color":"","overlay-opacity":"","overlay-gradient":""},"tablet":{"background-color":"","background-image":"","background-repeat":"repeat","background-position":"center center","background-size":"auto","background-attachment":"scroll","background-type":"","background-media":"","overlay-type":"","overlay-color":"","overlay-opacity":"","overlay-gradient":""},"mobile":{"background-color":"","background-image":"","background-repeat":"repeat","background-position":"center center","background-size":"auto","background-attachment":"scroll","background-type":"","background-media":"","overlay-type":"","overlay-color":"","overlay-opacity":"","overlay-gradient":""}},"ast-content-background-meta":{"desktop":{"background-color":"var(--ast-global-color-5)","background-image":"","background-repeat":"repeat","background-position":"center center","background-size":"auto","background-attachment":"scroll","background-type":"","background-media":"","overlay-type":"","overlay-color":"","overlay-opacity":"","overlay-gradient":""},"tablet":{"background-color":"var(--ast-global-color-5)","background-image":"","background-repeat":"repeat","background-position":"center center","background-size":"auto","background-attachment":"scroll","background-type":"","background-media":"","overlay-type":"","overlay-color":"","overlay-opacity":"","overlay-gradient":""},"mobile":{"background-color":"var(--ast-global-color-5)","background-image":"","background-repeat":"repeat","background-position":"center center","background-size":"auto","background-attachment":"scroll","background-type":"","background-media":"","overlay-type":"","overlay-color":"","overlay-opacity":"","overlay-gradient":""}}},"product_brand":[],"product_cat":[124],"product_tag":[269,270,222,130,267,128],"class_list":{"0":"post-4526","1":"product","2":"type-product","3":"status-publish","4":"has-post-thumbnail","6":"product_cat-yksipyora","7":"product_tag-269","8":"product_tag-luxus","9":"product_tag-pyora","10":"product_tag-qu-ax","11":"product_tag-tasapainoilu","12":"product_tag-yksipyorainen","13":"desktop-align-center","14":"tablet-align-left","15":"mobile-align-left","17":"first","18":"outofstock","19":"taxable","20":"shipping-taxable","21":"purchasable","22":"product-type-simple"},"_links":{"self":[{"href":"https:\/\/sirkussirkus.com\/kauppa\/wp-json\/wp\/v2\/product\/4526","targetHints":{"allow":["GET"]}}],"collection":[{"href":"https:\/\/sirkussirkus.com\/kauppa\/wp-json\/wp\/v2\/product"}],"about":[{"href":"https:\/\/sirkussirkus.com\/kauppa\/wp-json\/wp\/v2\/types\/product"}],"version-history":[{"count":2,"href":"https:\/\/sirkussirkus.com\/kauppa\/wp-json\/wp\/v2\/product\/4526\/revisions"}],"predecessor-version":[{"id":4529,"href":"https:\/\/sirkussirkus.com\/kauppa\/wp-json\/wp\/v2\/product\/4526\/revisions\/4529"}],"wp:featuredmedia":[{"embeddable":true,"href":"https:\/\/sirkussirkus.com\/kauppa\/wp-json\/wp\/v2\/media\/4527"}],"wp:attachment":[{"href":"https:\/\/sirkussirkus.com\/kauppa\/wp-json\/wp\/v2\/media?parent=4526"}],"wp:term":[{"taxonomy":"product_brand","embeddable":true,"href":"https:\/\/sirkussirkus.com\/kauppa\/wp-json\/wp\/v2\/product_brand?post=4526"},{"taxonomy":"product_cat","embeddable":true,"href":"https:\/\/sirkussirkus.com\/kauppa\/wp-json\/wp\/v2\/product_cat?post=4526"},{"taxonomy":"product_tag","embeddable":true,"href":"https:\/\/sirkussirkus.com\/kauppa\/wp-json\/wp\/v2\/product_tag?post=4526"}],"curies":[{"name":"wp","href":"https:\/\/api.w.org\/{rel}","templated":true}]}}