{"id":4518,"date":"2022-05-06T01:08:10","date_gmt":"2022-05-06T01:08:10","guid":{"rendered":"https:\/\/sirkussirkus.com\/kauppa\/?post_type=product&#038;p=4518"},"modified":"2025-12-19T08:36:56","modified_gmt":"2025-12-19T08:36:56","slug":"qu-ax-luxus-20","status":"publish","type":"product","link":"https:\/\/sirkussirkus.com\/kauppa\/product\/qu-ax-luxus-20\/","title":{"rendered":"QU-AX Luxus 20&#8243;"},"content":{"rendered":"<div class=\"product-text\">\n<p>J\u00e4mer\u00e4mpi ja laadukkaampi versio QU-AX-peruspy\u00f6r\u00e4st\u00e4. QU-AX valmistaa tunnetusti maailman parhaat yksipy\u00f6r\u00e4iset. 36 pinnaa 20 tuuman renkaassa. Peruspolkimet hyv\u00e4ll\u00e4 pidolla. Mukava satula vaihdettavilla puskureilla. N\u00e4pp\u00e4r\u00e4 korkeudens\u00e4\u00e4t\u00f6. Luxus mallin mukana saat my\u00f6s ylim\u00e4\u00e4r\u00e4isen 20cm satulaputken pienempi\u00e4 yksipy\u00f6r\u00e4ilij\u00f6it\u00e4 varten, joten s\u00e4\u00e4styt satulaputken sahaukselta.<\/p>\n<p>Ajajan suositeltu maksimipaino 85kg.<\/p>\n<p>Ajajan suositeltu minimi haarakorkeus noin 63cm.<\/p>\n<p>Paino 7,5kg<\/p>\n<p>Varastossa olevat v\u00e4rit vaihtelevat saatavuuden mukaan. HUOM! Vihre\u00e4ss\u00e4 ja Sinisess\u00e4 py\u00f6r\u00e4ss\u00e4 keltainen ulkokumi. Soveltuu hyvin sis\u00e4k\u00e4ytt\u00f6\u00f6n, koska ei j\u00e4t\u00e4 j\u00e4lki\u00e4 mutta ulkona voi ajaa yht\u00e4lailla. Kumissa on erona vain v\u00e4ri.<\/p>\n<\/div>\n","protected":false},"excerpt":{"rendered":"<p>J\u00e4mer\u00e4mpi ja laadukkaampi versio QU-AX-peruspy\u00f6r\u00e4st\u00e4. QU-AX valmistaa tunnetusti maailman parhaat yksipy\u00f6r\u00e4iset. 36 pinnaa 20 tuuman renkaassa. Peruspolkimet hyv\u00e4ll\u00e4 pidolla. Mukava satula vaihdettavilla puskureilla. N\u00e4pp\u00e4r\u00e4 korkeudens\u00e4\u00e4t\u00f6. Luxus mallin mukana saat my\u00f6s ylim\u00e4\u00e4r\u00e4isen 20cm satulaputken pienempi\u00e4 yksipy\u00f6r\u00e4ilij\u00f6it\u00e4 varten, joten s\u00e4\u00e4styt satulaputken sahaukselta. Ajajan suositeltu maksimipaino 85kg. Ajajan suositeltu minimi haarakorkeus noin 63cm. Paino 7,5kg Varastossa olevat v\u00e4rit [&hellip;]<\/p>\n","protected":false},"featured_media":4522,"template":"","meta":{"site-sidebar-layout":"default","site-content-layout":"default","ast-site-content-layout":"default","site-content-style":"default","site-sidebar-style":"default","ast-global-header-display":"","ast-banner-title-visibility":"","ast-main-header-display":"","ast-hfb-above-header-display":"","ast-hfb-below-header-display":"","ast-hfb-mobile-header-display":"","site-post-title":"","ast-breadcrumbs-content":"","ast-featured-img":"","footer-sml-layout":"","theme-transparent-header-meta":"default","adv-header-id-meta":"","stick-header-meta":"","header-above-stick-meta":"","header-main-stick-meta":"","header-below-stick-meta":"","astra-migrate-meta-layouts":"set","ast-page-background-enabled":"default","ast-page-background-meta":{"desktop":{"background-color":"","background-image":"","background-repeat":"repeat","background-position":"center center","background-size":"auto","background-attachment":"scroll","background-type":"","background-media":"","overlay-type":"","overlay-color":"","overlay-opacity":"","overlay-gradient":""},"tablet":{"background-color":"","background-image":"","background-repeat":"repeat","background-position":"center center","background-size":"auto","background-attachment":"scroll","background-type":"","background-media":"","overlay-type":"","overlay-color":"","overlay-opacity":"","overlay-gradient":""},"mobile":{"background-color":"","background-image":"","background-repeat":"repeat","background-position":"center center","background-size":"auto","background-attachment":"scroll","background-type":"","background-media":"","overlay-type":"","overlay-color":"","overlay-opacity":"","overlay-gradient":""}},"ast-content-background-meta":{"desktop":{"background-color":"var(--ast-global-color-5)","background-image":"","background-repeat":"repeat","background-position":"center center","background-size":"auto","background-attachment":"scroll","background-type":"","background-media":"","overlay-type":"","overlay-color":"","overlay-opacity":"","overlay-gradient":""},"tablet":{"background-color":"var(--ast-global-color-5)","background-image":"","background-repeat":"repeat","background-position":"center center","background-size":"auto","background-attachment":"scroll","background-type":"","background-media":"","overlay-type":"","overlay-color":"","overlay-opacity":"","overlay-gradient":""},"mobile":{"background-color":"var(--ast-global-color-5)","background-image":"","background-repeat":"repeat","background-position":"center center","background-size":"auto","background-attachment":"scroll","background-type":"","background-media":"","overlay-type":"","overlay-color":"","overlay-opacity":"","overlay-gradient":""}}},"product_brand":[],"product_cat":[124],"product_tag":[243,268,222,130,267,127,128,271],"class_list":{"0":"post-4518","1":"product","2":"type-product","3":"status-publish","4":"has-post-thumbnail","6":"product_cat-yksipyora","7":"product_tag-243","8":"product_tag-268","9":"product_tag-pyora","10":"product_tag-qu-ax","11":"product_tag-tasapainoilu","12":"product_tag-yksipyora","13":"product_tag-yksipyorainen","14":"product_tag-yksipyoraiset","15":"desktop-align-center","16":"tablet-align-left","17":"mobile-align-left","19":"first","20":"outofstock","21":"taxable","22":"shipping-taxable","23":"purchasable","24":"product-type-variable","25":"has-default-attributes"},"_links":{"self":[{"href":"https:\/\/sirkussirkus.com\/kauppa\/wp-json\/wp\/v2\/product\/4518","targetHints":{"allow":["GET"]}}],"collection":[{"href":"https:\/\/sirkussirkus.com\/kauppa\/wp-json\/wp\/v2\/product"}],"about":[{"href":"https:\/\/sirkussirkus.com\/kauppa\/wp-json\/wp\/v2\/types\/product"}],"version-history":[{"count":4,"href":"https:\/\/sirkussirkus.com\/kauppa\/wp-json\/wp\/v2\/product\/4518\/revisions"}],"predecessor-version":[{"id":8184,"href":"https:\/\/sirkussirkus.com\/kauppa\/wp-json\/wp\/v2\/product\/4518\/revisions\/8184"}],"wp:featuredmedia":[{"embeddable":true,"href":"https:\/\/sirkussirkus.com\/kauppa\/wp-json\/wp\/v2\/media\/4522"}],"wp:attachment":[{"href":"https:\/\/sirkussirkus.com\/kauppa\/wp-json\/wp\/v2\/media?parent=4518"}],"wp:term":[{"taxonomy":"product_brand","embeddable":true,"href":"https:\/\/sirkussirkus.com\/kauppa\/wp-json\/wp\/v2\/product_brand?post=4518"},{"taxonomy":"product_cat","embeddable":true,"href":"https:\/\/sirkussirkus.com\/kauppa\/wp-json\/wp\/v2\/product_cat?post=4518"},{"taxonomy":"product_tag","embeddable":true,"href":"https:\/\/sirkussirkus.com\/kauppa\/wp-json\/wp\/v2\/product_tag?post=4518"}],"curies":[{"name":"wp","href":"https:\/\/api.w.org\/{rel}","templated":true}]}}