{"id":4508,"date":"2022-05-06T01:05:20","date_gmt":"2022-05-06T01:05:20","guid":{"rendered":"https:\/\/sirkussirkus.com\/kauppa\/?post_type=product&#038;p=4508"},"modified":"2025-05-25T19:19:17","modified_gmt":"2025-05-25T19:19:17","slug":"qu-ax-only-one-20","status":"publish","type":"product","link":"https:\/\/sirkussirkus.com\/kauppa\/product\/qu-ax-only-one-20\/","title":{"rendered":"QU-AX Only One 20&#8243;"},"content":{"rendered":"<p>Edullinen laadukas perusyksipy\u00f6r\u00e4inen aloittelijalle. QU-AX valmistaa tunnetusti maailman parhaat yksipy\u00f6r\u00e4iset. 36 pinnaa 20 tuuman renkaassa. Peruspolkimet hyv\u00e4ll\u00e4 pidolla. Satula vaihdettavilla puskureilla. N\u00e4pp\u00e4r\u00e4 korkeudens\u00e4\u00e4t\u00f6. Saatavana punaisena ja sinisen\u00e4 sek\u00e4 tilauksesta satunnaisesti violettina, valkoisena, keltaisena ja mustana. V\u00e4rit vaihtelevat saatavuuden mukaan. Violetissa py\u00f6r\u00e4ss\u00e4 muista poikkeava valkoinen rengas, joka soveltuu hyvin sis\u00e4tilaharjoitteluun.<\/p>\n<p>Ajajan suositeltu maksimipaino 75kg.<\/p>\n<p>Ajajan suositeltu minimi haarakorkeus noin 63cm.<\/p>\n<p>Paino 6kg<\/p>\n","protected":false},"excerpt":{"rendered":"<p>Edullinen laadukas perusyksipy\u00f6r\u00e4inen aloittelijalle. QU-AX valmistaa tunnetusti maailman parhaat yksipy\u00f6r\u00e4iset. 36 pinnaa 20 tuuman renkaassa. Peruspolkimet hyv\u00e4ll\u00e4 pidolla. Satula vaihdettavilla puskureilla. N\u00e4pp\u00e4r\u00e4 korkeudens\u00e4\u00e4t\u00f6. Saatavana punaisena ja sinisen\u00e4 sek\u00e4 tilauksesta satunnaisesti violettina, valkoisena, keltaisena ja mustana. V\u00e4rit vaihtelevat saatavuuden mukaan. Violetissa py\u00f6r\u00e4ss\u00e4 muista poikkeava valkoinen rengas, joka soveltuu hyvin sis\u00e4tilaharjoitteluun. Ajajan suositeltu maksimipaino 75kg. Ajajan suositeltu [&hellip;]<\/p>\n","protected":false},"featured_media":4513,"template":"","meta":{"site-sidebar-layout":"default","site-content-layout":"default","ast-site-content-layout":"default","site-content-style":"default","site-sidebar-style":"default","ast-global-header-display":"","ast-banner-title-visibility":"","ast-main-header-display":"","ast-hfb-above-header-display":"","ast-hfb-below-header-display":"","ast-hfb-mobile-header-display":"","site-post-title":"","ast-breadcrumbs-content":"","ast-featured-img":"","footer-sml-layout":"","theme-transparent-header-meta":"default","adv-header-id-meta":"","stick-header-meta":"","header-above-stick-meta":"","header-main-stick-meta":"","header-below-stick-meta":"","astra-migrate-meta-layouts":"set","ast-page-background-enabled":"default","ast-page-background-meta":{"desktop":{"background-color":"","background-image":"","background-repeat":"repeat","background-position":"center center","background-size":"auto","background-attachment":"scroll","background-type":"","background-media":"","overlay-type":"","overlay-color":"","overlay-opacity":"","overlay-gradient":""},"tablet":{"background-color":"","background-image":"","background-repeat":"repeat","background-position":"center center","background-size":"auto","background-attachment":"scroll","background-type":"","background-media":"","overlay-type":"","overlay-color":"","overlay-opacity":"","overlay-gradient":""},"mobile":{"background-color":"","background-image":"","background-repeat":"repeat","background-position":"center center","background-size":"auto","background-attachment":"scroll","background-type":"","background-media":"","overlay-type":"","overlay-color":"","overlay-opacity":"","overlay-gradient":""}},"ast-content-background-meta":{"desktop":{"background-color":"var(--ast-global-color-5)","background-image":"","background-repeat":"repeat","background-position":"center center","background-size":"auto","background-attachment":"scroll","background-type":"","background-media":"","overlay-type":"","overlay-color":"","overlay-opacity":"","overlay-gradient":""},"tablet":{"background-color":"var(--ast-global-color-5)","background-image":"","background-repeat":"repeat","background-position":"center center","background-size":"auto","background-attachment":"scroll","background-type":"","background-media":"","overlay-type":"","overlay-color":"","overlay-opacity":"","overlay-gradient":""},"mobile":{"background-color":"var(--ast-global-color-5)","background-image":"","background-repeat":"repeat","background-position":"center center","background-size":"auto","background-attachment":"scroll","background-type":"","background-media":"","overlay-type":"","overlay-color":"","overlay-opacity":"","overlay-gradient":""}}},"product_brand":[],"product_cat":[124],"product_tag":[243,222,130,267,127,128,271],"class_list":{"0":"post-4508","1":"product","2":"type-product","3":"status-publish","4":"has-post-thumbnail","6":"product_cat-yksipyora","7":"product_tag-243","8":"product_tag-pyora","9":"product_tag-qu-ax","10":"product_tag-tasapainoilu","11":"product_tag-yksipyora","12":"product_tag-yksipyorainen","13":"product_tag-yksipyoraiset","14":"desktop-align-center","15":"tablet-align-left","16":"mobile-align-left","18":"first","19":"outofstock","20":"taxable","21":"shipping-taxable","22":"purchasable","23":"product-type-variable","24":"has-default-attributes"},"_links":{"self":[{"href":"https:\/\/sirkussirkus.com\/kauppa\/wp-json\/wp\/v2\/product\/4508","targetHints":{"allow":["GET"]}}],"collection":[{"href":"https:\/\/sirkussirkus.com\/kauppa\/wp-json\/wp\/v2\/product"}],"about":[{"href":"https:\/\/sirkussirkus.com\/kauppa\/wp-json\/wp\/v2\/types\/product"}],"version-history":[{"count":3,"href":"https:\/\/sirkussirkus.com\/kauppa\/wp-json\/wp\/v2\/product\/4508\/revisions"}],"predecessor-version":[{"id":4517,"href":"https:\/\/sirkussirkus.com\/kauppa\/wp-json\/wp\/v2\/product\/4508\/revisions\/4517"}],"wp:featuredmedia":[{"embeddable":true,"href":"https:\/\/sirkussirkus.com\/kauppa\/wp-json\/wp\/v2\/media\/4513"}],"wp:attachment":[{"href":"https:\/\/sirkussirkus.com\/kauppa\/wp-json\/wp\/v2\/media?parent=4508"}],"wp:term":[{"taxonomy":"product_brand","embeddable":true,"href":"https:\/\/sirkussirkus.com\/kauppa\/wp-json\/wp\/v2\/product_brand?post=4508"},{"taxonomy":"product_cat","embeddable":true,"href":"https:\/\/sirkussirkus.com\/kauppa\/wp-json\/wp\/v2\/product_cat?post=4508"},{"taxonomy":"product_tag","embeddable":true,"href":"https:\/\/sirkussirkus.com\/kauppa\/wp-json\/wp\/v2\/product_tag?post=4508"}],"curies":[{"name":"wp","href":"https:\/\/api.w.org\/{rel}","templated":true}]}}