{"id":4504,"date":"2021-05-06T01:01:54","date_gmt":"2021-05-06T01:01:54","guid":{"rendered":"https:\/\/sirkussirkus.com\/kauppa\/?post_type=product&#038;p=4504"},"modified":"2023-01-19T09:36:41","modified_gmt":"2023-01-19T09:36:41","slug":"qu-ax-only-one-24","status":"publish","type":"product","link":"https:\/\/sirkussirkus.com\/kauppa\/product\/qu-ax-only-one-24\/","title":{"rendered":"QU-AX Only One 24&#8243;"},"content":{"rendered":"<p>Edullinen laadukas perusyksipy\u00f6r\u00e4inen isommalla py\u00f6r\u00e4ll\u00e4. 24 tuuman rengas sopii hyvin kaupunkiajoon ja muuhun pitk\u00e4n matkan ajamiseen. QU-AX valmistaa tunnetusti maailman parhaat yksipy\u00f6r\u00e4iset. 36 pinnaa 24 tuuman renkaassa. Peruspolkimet hyv\u00e4ll\u00e4 pidolla. Satula vaihdettavilla puskureilla. N\u00e4pp\u00e4r\u00e4 korkeudens\u00e4\u00e4t\u00f6. V\u00e4rin\u00e4 musta.<\/p>\n<p>Ajajan suositeltu maksimipaino 75kg.<\/p>\n<p>Ajajan suositeltu minimi haarakorkeus noin 68cm.<\/p>\n<p>Paino 7kg<\/p>\n","protected":false},"excerpt":{"rendered":"<p>Edullinen laadukas perusyksipy\u00f6r\u00e4inen isommalla py\u00f6r\u00e4ll\u00e4. 24 tuuman rengas sopii hyvin kaupunkiajoon ja muuhun pitk\u00e4n matkan ajamiseen. QU-AX valmistaa tunnetusti maailman parhaat yksipy\u00f6r\u00e4iset. 36 pinnaa 24 tuuman renkaassa. Peruspolkimet hyv\u00e4ll\u00e4 pidolla. Satula vaihdettavilla puskureilla. N\u00e4pp\u00e4r\u00e4 korkeudens\u00e4\u00e4t\u00f6. V\u00e4rin\u00e4 musta. Ajajan suositeltu maksimipaino 75kg. Ajajan suositeltu minimi haarakorkeus noin 68cm. Paino 7kg<\/p>\n","protected":false},"featured_media":4505,"template":"","meta":{"site-sidebar-layout":"default","site-content-layout":"default","ast-site-content-layout":"default","site-content-style":"default","site-sidebar-style":"default","ast-global-header-display":"","ast-banner-title-visibility":"","ast-main-header-display":"","ast-hfb-above-header-display":"","ast-hfb-below-header-display":"","ast-hfb-mobile-header-display":"","site-post-title":"","ast-breadcrumbs-content":"","ast-featured-img":"","footer-sml-layout":"","theme-transparent-header-meta":"default","adv-header-id-meta":"","stick-header-meta":"","header-above-stick-meta":"","header-main-stick-meta":"","header-below-stick-meta":"","astra-migrate-meta-layouts":"default","ast-page-background-enabled":"default","ast-page-background-meta":{"desktop":{"background-color":"","background-image":"","background-repeat":"repeat","background-position":"center center","background-size":"auto","background-attachment":"scroll","background-type":"","background-media":"","overlay-type":"","overlay-color":"","overlay-opacity":"","overlay-gradient":""},"tablet":{"background-color":"","background-image":"","background-repeat":"repeat","background-position":"center center","background-size":"auto","background-attachment":"scroll","background-type":"","background-media":"","overlay-type":"","overlay-color":"","overlay-opacity":"","overlay-gradient":""},"mobile":{"background-color":"","background-image":"","background-repeat":"repeat","background-position":"center center","background-size":"auto","background-attachment":"scroll","background-type":"","background-media":"","overlay-type":"","overlay-color":"","overlay-opacity":"","overlay-gradient":""}},"ast-content-background-meta":{"desktop":{"background-color":"var(--ast-global-color-5)","background-image":"","background-repeat":"repeat","background-position":"center center","background-size":"auto","background-attachment":"scroll","background-type":"","background-media":"","overlay-type":"","overlay-color":"","overlay-opacity":"","overlay-gradient":""},"tablet":{"background-color":"var(--ast-global-color-5)","background-image":"","background-repeat":"repeat","background-position":"center center","background-size":"auto","background-attachment":"scroll","background-type":"","background-media":"","overlay-type":"","overlay-color":"","overlay-opacity":"","overlay-gradient":""},"mobile":{"background-color":"var(--ast-global-color-5)","background-image":"","background-repeat":"repeat","background-position":"center center","background-size":"auto","background-attachment":"scroll","background-type":"","background-media":"","overlay-type":"","overlay-color":"","overlay-opacity":"","overlay-gradient":""}}},"product_brand":[],"product_cat":[124],"product_tag":[167,222,130,267,128],"class_list":{"0":"post-4504","1":"product","2":"type-product","3":"status-publish","4":"has-post-thumbnail","6":"product_cat-yksipyora","7":"product_tag-167","8":"product_tag-pyora","9":"product_tag-qu-ax","10":"product_tag-tasapainoilu","11":"product_tag-yksipyorainen","12":"desktop-align-center","13":"tablet-align-left","14":"mobile-align-left","16":"first","17":"outofstock","18":"taxable","19":"shipping-taxable","20":"purchasable","21":"product-type-simple"},"_links":{"self":[{"href":"https:\/\/sirkussirkus.com\/kauppa\/wp-json\/wp\/v2\/product\/4504","targetHints":{"allow":["GET"]}}],"collection":[{"href":"https:\/\/sirkussirkus.com\/kauppa\/wp-json\/wp\/v2\/product"}],"about":[{"href":"https:\/\/sirkussirkus.com\/kauppa\/wp-json\/wp\/v2\/types\/product"}],"version-history":[{"count":1,"href":"https:\/\/sirkussirkus.com\/kauppa\/wp-json\/wp\/v2\/product\/4504\/revisions"}],"predecessor-version":[{"id":4507,"href":"https:\/\/sirkussirkus.com\/kauppa\/wp-json\/wp\/v2\/product\/4504\/revisions\/4507"}],"wp:featuredmedia":[{"embeddable":true,"href":"https:\/\/sirkussirkus.com\/kauppa\/wp-json\/wp\/v2\/media\/4505"}],"wp:attachment":[{"href":"https:\/\/sirkussirkus.com\/kauppa\/wp-json\/wp\/v2\/media?parent=4504"}],"wp:term":[{"taxonomy":"product_brand","embeddable":true,"href":"https:\/\/sirkussirkus.com\/kauppa\/wp-json\/wp\/v2\/product_brand?post=4504"},{"taxonomy":"product_cat","embeddable":true,"href":"https:\/\/sirkussirkus.com\/kauppa\/wp-json\/wp\/v2\/product_cat?post=4504"},{"taxonomy":"product_tag","embeddable":true,"href":"https:\/\/sirkussirkus.com\/kauppa\/wp-json\/wp\/v2\/product_tag?post=4504"}],"curies":[{"name":"wp","href":"https:\/\/api.w.org\/{rel}","templated":true}]}}