{"id":4482,"date":"2022-05-06T00:54:54","date_gmt":"2022-05-06T00:54:54","guid":{"rendered":"https:\/\/sirkussirkus.com\/kauppa\/?post_type=product&#038;p=4482"},"modified":"2024-08-27T06:43:42","modified_gmt":"2024-08-27T06:43:42","slug":"prodigy-ilma-akrobatiaremmit","status":"publish","type":"product","link":"https:\/\/sirkussirkus.com\/kauppa\/product\/prodigy-ilma-akrobatiaremmit\/","title":{"rendered":"Prodigy &#8211; Ilma-akrobatiaremmit"},"content":{"rendered":"<div class=\"product-text\">\n<p>Prodigyn \u00e4\u00e4rimm\u00e4isen mukavat puuvillasukalla p\u00e4\u00e4llystetyt remmit. Puuvillaisen sukan sis\u00e4ll\u00e4 eritt\u00e4in vahva polyesterinauha. V\u00e4rin\u00e4 vain luonnonvalkoinen. Kuvien sulkurenkaat sis\u00e4ltyv\u00e4t hintaan. (Ankkurilevy ja ankkurilevyn karabiini eiv\u00e4t sis\u00e4lly hintaan).<\/p>\n<p><a href=\"https:\/\/www.youtube.com\/watch?v=_uyYPbzV9jU\" target=\"_blank\" rel=\"noopener noreferrer\">Katso video remmien esitysk\u00e4yt\u00f6st\u00e4.<\/a><\/p>\n<p>Pituus 3-8m \/ Leveys 50mm \/ Lenkki 30cm<br \/>\nMurtumispainoraja 2000kg<\/p>\n<p>Ty\u00f6skentelypainoraja 280kg<\/p>\n<p>Ripustusv\u00e4lineet ja muut tarvikkeet l\u00f6yd\u00e4t omalta osastolta: Sirkusv\u00e4lineet \/ Ilma-akrobatia \/ Ripustus ja muut tarvikkeet<\/p>\n<\/div>\n","protected":false},"excerpt":{"rendered":"<p>Prodigyn \u00e4\u00e4rimm\u00e4isen mukavat puuvillasukalla p\u00e4\u00e4llystetyt remmit. Puuvillaisen sukan sis\u00e4ll\u00e4 eritt\u00e4in vahva polyesterinauha. V\u00e4rin\u00e4 vain luonnonvalkoinen. Kuvien sulkurenkaat sis\u00e4ltyv\u00e4t hintaan. (Ankkurilevy ja ankkurilevyn karabiini eiv\u00e4t sis\u00e4lly hintaan). Katso video remmien esitysk\u00e4yt\u00f6st\u00e4. Pituus 3-8m \/ Leveys 50mm \/ Lenkki 30cm Murtumispainoraja 2000kg Ty\u00f6skentelypainoraja 280kg Ripustusv\u00e4lineet ja muut tarvikkeet l\u00f6yd\u00e4t omalta osastolta: Sirkusv\u00e4lineet \/ Ilma-akrobatia \/ Ripustus ja [&hellip;]<\/p>\n","protected":false},"featured_media":4488,"template":"","meta":{"site-sidebar-layout":"default","site-content-layout":"default","ast-site-content-layout":"default","site-content-style":"default","site-sidebar-style":"default","ast-global-header-display":"","ast-banner-title-visibility":"","ast-main-header-display":"","ast-hfb-above-header-display":"","ast-hfb-below-header-display":"","ast-hfb-mobile-header-display":"","site-post-title":"","ast-breadcrumbs-content":"","ast-featured-img":"","footer-sml-layout":"","theme-transparent-header-meta":"default","adv-header-id-meta":"","stick-header-meta":"","header-above-stick-meta":"","header-main-stick-meta":"","header-below-stick-meta":"","astra-migrate-meta-layouts":"default","ast-page-background-enabled":"default","ast-page-background-meta":{"desktop":{"background-color":"","background-image":"","background-repeat":"repeat","background-position":"center center","background-size":"auto","background-attachment":"scroll","background-type":"","background-media":"","overlay-type":"","overlay-color":"","overlay-opacity":"","overlay-gradient":""},"tablet":{"background-color":"","background-image":"","background-repeat":"repeat","background-position":"center center","background-size":"auto","background-attachment":"scroll","background-type":"","background-media":"","overlay-type":"","overlay-color":"","overlay-opacity":"","overlay-gradient":""},"mobile":{"background-color":"","background-image":"","background-repeat":"repeat","background-position":"center center","background-size":"auto","background-attachment":"scroll","background-type":"","background-media":"","overlay-type":"","overlay-color":"","overlay-opacity":"","overlay-gradient":""}},"ast-content-background-meta":{"desktop":{"background-color":"var(--ast-global-color-5)","background-image":"","background-repeat":"repeat","background-position":"center center","background-size":"auto","background-attachment":"scroll","background-type":"","background-media":"","overlay-type":"","overlay-color":"","overlay-opacity":"","overlay-gradient":""},"tablet":{"background-color":"var(--ast-global-color-5)","background-image":"","background-repeat":"repeat","background-position":"center center","background-size":"auto","background-attachment":"scroll","background-type":"","background-media":"","overlay-type":"","overlay-color":"","overlay-opacity":"","overlay-gradient":""},"mobile":{"background-color":"var(--ast-global-color-5)","background-image":"","background-repeat":"repeat","background-position":"center center","background-size":"auto","background-attachment":"scroll","background-type":"","background-media":"","overlay-type":"","overlay-color":"","overlay-opacity":"","overlay-gradient":""}}},"product_brand":[],"product_cat":[123],"product_tag":[262,261,94,95,257,258,260],"class_list":{"0":"post-4482","1":"product","2":"type-product","3":"status-publish","4":"has-post-thumbnail","6":"product_cat-remmit","7":"product_tag-262","8":"product_tag-261","9":"product_tag-ilma-akrobatia","10":"product_tag-prodigy","11":"product_tag-remmi","12":"product_tag-remmit","13":"product_tag-straps","14":"desktop-align-center","15":"tablet-align-left","16":"mobile-align-left","18":"first","19":"instock","20":"taxable","21":"shipping-taxable","22":"purchasable","23":"product-type-variable"},"_links":{"self":[{"href":"https:\/\/sirkussirkus.com\/kauppa\/wp-json\/wp\/v2\/product\/4482","targetHints":{"allow":["GET"]}}],"collection":[{"href":"https:\/\/sirkussirkus.com\/kauppa\/wp-json\/wp\/v2\/product"}],"about":[{"href":"https:\/\/sirkussirkus.com\/kauppa\/wp-json\/wp\/v2\/types\/product"}],"version-history":[{"count":1,"href":"https:\/\/sirkussirkus.com\/kauppa\/wp-json\/wp\/v2\/product\/4482\/revisions"}],"predecessor-version":[{"id":4493,"href":"https:\/\/sirkussirkus.com\/kauppa\/wp-json\/wp\/v2\/product\/4482\/revisions\/4493"}],"wp:featuredmedia":[{"embeddable":true,"href":"https:\/\/sirkussirkus.com\/kauppa\/wp-json\/wp\/v2\/media\/4488"}],"wp:attachment":[{"href":"https:\/\/sirkussirkus.com\/kauppa\/wp-json\/wp\/v2\/media?parent=4482"}],"wp:term":[{"taxonomy":"product_brand","embeddable":true,"href":"https:\/\/sirkussirkus.com\/kauppa\/wp-json\/wp\/v2\/product_brand?post=4482"},{"taxonomy":"product_cat","embeddable":true,"href":"https:\/\/sirkussirkus.com\/kauppa\/wp-json\/wp\/v2\/product_cat?post=4482"},{"taxonomy":"product_tag","embeddable":true,"href":"https:\/\/sirkussirkus.com\/kauppa\/wp-json\/wp\/v2\/product_tag?post=4482"}],"curies":[{"name":"wp","href":"https:\/\/api.w.org\/{rel}","templated":true}]}}