{"id":4465,"date":"2022-05-06T00:47:28","date_gmt":"2022-05-06T00:47:28","guid":{"rendered":"https:\/\/sirkussirkus.com\/kauppa\/?post_type=product&#038;p=4465"},"modified":"2025-07-29T18:36:21","modified_gmt":"2025-07-29T18:36:21","slug":"firetoys-ilma-akrobatiaremmit-valkoinen","status":"publish","type":"product","link":"https:\/\/sirkussirkus.com\/kauppa\/product\/firetoys-ilma-akrobatiaremmit-valkoinen\/","title":{"rendered":"Firetoys &#8211; Ilma-akrobatiaremmit (valkoinen)"},"content":{"rendered":"<div class=\"product-text\">\n<p>Firetoysin valmistamat 100% polyesteria olevat remmit ovat ohuet, kest\u00e4v\u00e4t, pehme\u00e4t ja edulliset. Pehme\u00e4 polyesteri on ohutta, mutta kest\u00e4v\u00e4\u00e4 ja toimii erityisen hyvin kietomistempuissa. Remmeiss\u00e4 on miellytt\u00e4v\u00e4 pinta reppuremmim\u00e4isest\u00e4 ulkon\u00e4\u00f6st\u00e4 huolimatta. Suuret 30cm p\u00e4\u00e4tylenkit mahdollistavat my\u00f6s helpon jalkojen k\u00e4yt\u00f6n remmeiss\u00e4. Remmeiss\u00e4 ei ole joustoa. Remmej\u00e4 l\u00f6ytyy kahdessa v\u00e4riss\u00e4 ja nelj\u00e4ss\u00e4 eri mitassa. Hinnat ovat pareittain. Kolmiokarabiinit sis\u00e4ltyv\u00e4t hintaan.<\/p>\n<p><a href=\"https:\/\/www.youtube.com\/watch?v=_uyYPbzV9jU\" target=\"_blank\" rel=\"noopener noreferrer\">Katso video remmien esitysk\u00e4yt\u00f6st\u00e4.<\/a><\/p>\n<p>Pituus 3-10m \/ Leveys 45mm \/ Lenkki 30cm \/ Paino 1-1,6kg<br \/>\nMurtumispainoraja 2200kg<\/p>\n<p>Ty\u00f6skentelypainoraja 300kg<\/p>\n<p>Ripustusv\u00e4lineet ja muut tarvikkeet l\u00f6yd\u00e4t omalta osastolta: Sirkusv\u00e4lineet \/ Ilma-akrobatia \/ Ripustus ja muut tarvikkeet<\/p>\n<\/div>\n","protected":false},"excerpt":{"rendered":"<p>Firetoysin valmistamat 100% polyesteria olevat remmit ovat ohuet, kest\u00e4v\u00e4t, pehme\u00e4t ja edulliset. Pehme\u00e4 polyesteri on ohutta, mutta kest\u00e4v\u00e4\u00e4 ja toimii erityisen hyvin kietomistempuissa. Remmeiss\u00e4 on miellytt\u00e4v\u00e4 pinta reppuremmim\u00e4isest\u00e4 ulkon\u00e4\u00f6st\u00e4 huolimatta. Suuret 30cm p\u00e4\u00e4tylenkit mahdollistavat my\u00f6s helpon jalkojen k\u00e4yt\u00f6n remmeiss\u00e4. Remmeiss\u00e4 ei ole joustoa. Remmej\u00e4 l\u00f6ytyy kahdessa v\u00e4riss\u00e4 ja nelj\u00e4ss\u00e4 eri mitassa. Hinnat ovat pareittain. Kolmiokarabiinit [&hellip;]<\/p>\n","protected":false},"featured_media":4469,"template":"","meta":{"site-sidebar-layout":"default","site-content-layout":"default","ast-site-content-layout":"default","site-content-style":"default","site-sidebar-style":"default","ast-global-header-display":"","ast-banner-title-visibility":"","ast-main-header-display":"","ast-hfb-above-header-display":"","ast-hfb-below-header-display":"","ast-hfb-mobile-header-display":"","site-post-title":"","ast-breadcrumbs-content":"","ast-featured-img":"","footer-sml-layout":"","theme-transparent-header-meta":"default","adv-header-id-meta":"","stick-header-meta":"","header-above-stick-meta":"","header-main-stick-meta":"","header-below-stick-meta":"","astra-migrate-meta-layouts":"set","ast-page-background-enabled":"default","ast-page-background-meta":{"desktop":{"background-color":"","background-image":"","background-repeat":"repeat","background-position":"center center","background-size":"auto","background-attachment":"scroll","background-type":"","background-media":"","overlay-type":"","overlay-color":"","overlay-opacity":"","overlay-gradient":""},"tablet":{"background-color":"","background-image":"","background-repeat":"repeat","background-position":"center center","background-size":"auto","background-attachment":"scroll","background-type":"","background-media":"","overlay-type":"","overlay-color":"","overlay-opacity":"","overlay-gradient":""},"mobile":{"background-color":"","background-image":"","background-repeat":"repeat","background-position":"center center","background-size":"auto","background-attachment":"scroll","background-type":"","background-media":"","overlay-type":"","overlay-color":"","overlay-opacity":"","overlay-gradient":""}},"ast-content-background-meta":{"desktop":{"background-color":"var(--ast-global-color-5)","background-image":"","background-repeat":"repeat","background-position":"center center","background-size":"auto","background-attachment":"scroll","background-type":"","background-media":"","overlay-type":"","overlay-color":"","overlay-opacity":"","overlay-gradient":""},"tablet":{"background-color":"var(--ast-global-color-5)","background-image":"","background-repeat":"repeat","background-position":"center center","background-size":"auto","background-attachment":"scroll","background-type":"","background-media":"","overlay-type":"","overlay-color":"","overlay-opacity":"","overlay-gradient":""},"mobile":{"background-color":"var(--ast-global-color-5)","background-image":"","background-repeat":"repeat","background-position":"center center","background-size":"auto","background-attachment":"scroll","background-type":"","background-media":"","overlay-type":"","overlay-color":"","overlay-opacity":"","overlay-gradient":""}}},"product_brand":[],"product_cat":[123,677],"product_tag":[259,184,94,220,257,258,260],"class_list":{"0":"post-4465","1":"product","2":"type-product","3":"status-publish","4":"has-post-thumbnail","6":"product_cat-remmit","7":"product_cat-uutuudet","8":"product_tag-259","9":"product_tag-firetoys","10":"product_tag-ilma-akrobatia","11":"product_tag-polyesteri","12":"product_tag-remmi","13":"product_tag-remmit","14":"product_tag-straps","15":"desktop-align-center","16":"tablet-align-left","17":"mobile-align-left","19":"first","20":"instock","21":"sale","22":"taxable","23":"shipping-taxable","24":"purchasable","25":"product-type-variable"},"_links":{"self":[{"href":"https:\/\/sirkussirkus.com\/kauppa\/wp-json\/wp\/v2\/product\/4465","targetHints":{"allow":["GET"]}}],"collection":[{"href":"https:\/\/sirkussirkus.com\/kauppa\/wp-json\/wp\/v2\/product"}],"about":[{"href":"https:\/\/sirkussirkus.com\/kauppa\/wp-json\/wp\/v2\/types\/product"}],"version-history":[{"count":1,"href":"https:\/\/sirkussirkus.com\/kauppa\/wp-json\/wp\/v2\/product\/4465\/revisions"}],"predecessor-version":[{"id":4471,"href":"https:\/\/sirkussirkus.com\/kauppa\/wp-json\/wp\/v2\/product\/4465\/revisions\/4471"}],"wp:featuredmedia":[{"embeddable":true,"href":"https:\/\/sirkussirkus.com\/kauppa\/wp-json\/wp\/v2\/media\/4469"}],"wp:attachment":[{"href":"https:\/\/sirkussirkus.com\/kauppa\/wp-json\/wp\/v2\/media?parent=4465"}],"wp:term":[{"taxonomy":"product_brand","embeddable":true,"href":"https:\/\/sirkussirkus.com\/kauppa\/wp-json\/wp\/v2\/product_brand?post=4465"},{"taxonomy":"product_cat","embeddable":true,"href":"https:\/\/sirkussirkus.com\/kauppa\/wp-json\/wp\/v2\/product_cat?post=4465"},{"taxonomy":"product_tag","embeddable":true,"href":"https:\/\/sirkussirkus.com\/kauppa\/wp-json\/wp\/v2\/product_tag?post=4465"}],"curies":[{"name":"wp","href":"https:\/\/api.w.org\/{rel}","templated":true}]}}