{"id":4420,"date":"2022-05-06T00:32:03","date_gmt":"2022-05-06T00:32:03","guid":{"rendered":"https:\/\/sirkussirkus.com\/kauppa\/?post_type=product&#038;p=4420"},"modified":"2023-05-24T05:56:38","modified_gmt":"2023-05-24T05:56:38","slug":"paritrapetsi-dyna-core-valkoinen","status":"publish","type":"product","link":"https:\/\/sirkussirkus.com\/kauppa\/product\/paritrapetsi-dyna-core-valkoinen\/","title":{"rendered":"Paritrapetsi &#8211; Dyna-Core (sakkelit)"},"content":{"rendered":"<div class=\"product-text\">\n<p>Prodigyn Dyna-Core -trapetseissa on trapetsin k\u00f6yden sis\u00e4ss\u00e4 eritt\u00e4in vahva 4mm paksu 12-s\u00e4ikeinen dyneemaydin. Ydin on paitsi vahva my\u00f6s taipuisa. Tanko on kiinni k\u00f6ysiss\u00e4 ruuvilukitteisilla sakkeleilla, jotka kiristet\u00e4\u00e4n kuusikulmioavaimella. Jokaisen osan trapetsissa voi tarvittaessa vaihtaa erikseen. Sakkelit ovat yhteensopivat Prodigyn monipisterengastrapetsin kanssa, joten voit k\u00e4ytt\u00e4\u00e4 trapetsin k\u00f6ysi\u00e4 nyt my\u00f6s Prodigyn rengastrapetsin ripustamiseen.<\/p>\n<p>Hyv\u00e4 perusparitrapetsi kaikenlaiseen k\u00e4ytt\u00f6\u00f6n. Aloitustrapetsi, opetus- ja esitysk\u00e4ytt\u00f6.<br \/>\nPikalukituskarabiinit sis\u00e4ltyv\u00e4t hintaan.<\/p>\n<p>K\u00f6ysien pituus 2.5m \/ Tangon leveys 92cm \/ Tangon paksuus 25mm \/ K\u00f6ysien paksuus 24mm<\/p>\n<p>Ty\u00f6skentelypainoraja 200kg, Murtumispainoraja 1250kg<\/p>\n<p>Ripustusv\u00e4lineet ja muut tarvikkeet l\u00f6yd\u00e4t omalta osastolta: Ilma-akrobatia \/ Tarvikkeet<\/p>\n<\/div>\n","protected":false},"excerpt":{"rendered":"<p>Prodigyn Dyna-Core -trapetseissa on trapetsin k\u00f6yden sis\u00e4ss\u00e4 eritt\u00e4in vahva 4mm paksu 12-s\u00e4ikeinen dyneemaydin. Ydin on paitsi vahva my\u00f6s taipuisa. Tanko on kiinni k\u00f6ysiss\u00e4 ruuvilukitteisilla sakkeleilla, jotka kiristet\u00e4\u00e4n kuusikulmioavaimella. Jokaisen osan trapetsissa voi tarvittaessa vaihtaa erikseen. Sakkelit ovat yhteensopivat Prodigyn monipisterengastrapetsin kanssa, joten voit k\u00e4ytt\u00e4\u00e4 trapetsin k\u00f6ysi\u00e4 nyt my\u00f6s Prodigyn rengastrapetsin ripustamiseen. Hyv\u00e4 perusparitrapetsi kaikenlaiseen k\u00e4ytt\u00f6\u00f6n. [&hellip;]<\/p>\n","protected":false},"featured_media":4421,"template":"","meta":{"site-sidebar-layout":"default","site-content-layout":"default","ast-site-content-layout":"default","site-content-style":"default","site-sidebar-style":"default","ast-global-header-display":"","ast-banner-title-visibility":"","ast-main-header-display":"","ast-hfb-above-header-display":"","ast-hfb-below-header-display":"","ast-hfb-mobile-header-display":"","site-post-title":"","ast-breadcrumbs-content":"","ast-featured-img":"","footer-sml-layout":"","theme-transparent-header-meta":"default","adv-header-id-meta":"","stick-header-meta":"","header-above-stick-meta":"","header-main-stick-meta":"","header-below-stick-meta":"","astra-migrate-meta-layouts":"default","ast-page-background-enabled":"default","ast-page-background-meta":{"desktop":{"background-color":"","background-image":"","background-repeat":"repeat","background-position":"center center","background-size":"auto","background-attachment":"scroll","background-type":"","background-media":"","overlay-type":"","overlay-color":"","overlay-opacity":"","overlay-gradient":""},"tablet":{"background-color":"","background-image":"","background-repeat":"repeat","background-position":"center center","background-size":"auto","background-attachment":"scroll","background-type":"","background-media":"","overlay-type":"","overlay-color":"","overlay-opacity":"","overlay-gradient":""},"mobile":{"background-color":"","background-image":"","background-repeat":"repeat","background-position":"center center","background-size":"auto","background-attachment":"scroll","background-type":"","background-media":"","overlay-type":"","overlay-color":"","overlay-opacity":"","overlay-gradient":""}},"ast-content-background-meta":{"desktop":{"background-color":"var(--ast-global-color-5)","background-image":"","background-repeat":"repeat","background-position":"center center","background-size":"auto","background-attachment":"scroll","background-type":"","background-media":"","overlay-type":"","overlay-color":"","overlay-opacity":"","overlay-gradient":""},"tablet":{"background-color":"var(--ast-global-color-5)","background-image":"","background-repeat":"repeat","background-position":"center center","background-size":"auto","background-attachment":"scroll","background-type":"","background-media":"","overlay-type":"","overlay-color":"","overlay-opacity":"","overlay-gradient":""},"mobile":{"background-color":"var(--ast-global-color-5)","background-image":"","background-repeat":"repeat","background-position":"center center","background-size":"auto","background-attachment":"scroll","background-type":"","background-media":"","overlay-type":"","overlay-color":"","overlay-opacity":"","overlay-gradient":""}}},"product_brand":[],"product_cat":[122],"product_tag":[724,254,725,255,95,252,91],"class_list":{"0":"post-4420","1":"product","2":"type-product","3":"status-publish","4":"has-post-thumbnail","6":"product_cat-trapetsit","7":"product_tag-2-5","8":"product_tag-dyna-core","9":"product_tag-dynacore","10":"product_tag-paritrapetsi","11":"product_tag-prodigy","12":"product_tag-tanko","13":"product_tag-trapetsi","14":"desktop-align-center","15":"tablet-align-left","16":"mobile-align-left","18":"first","19":"instock","20":"taxable","21":"shipping-taxable","22":"purchasable","23":"product-type-simple"},"_links":{"self":[{"href":"https:\/\/sirkussirkus.com\/kauppa\/wp-json\/wp\/v2\/product\/4420","targetHints":{"allow":["GET"]}}],"collection":[{"href":"https:\/\/sirkussirkus.com\/kauppa\/wp-json\/wp\/v2\/product"}],"about":[{"href":"https:\/\/sirkussirkus.com\/kauppa\/wp-json\/wp\/v2\/types\/product"}],"version-history":[{"count":4,"href":"https:\/\/sirkussirkus.com\/kauppa\/wp-json\/wp\/v2\/product\/4420\/revisions"}],"predecessor-version":[{"id":6781,"href":"https:\/\/sirkussirkus.com\/kauppa\/wp-json\/wp\/v2\/product\/4420\/revisions\/6781"}],"wp:featuredmedia":[{"embeddable":true,"href":"https:\/\/sirkussirkus.com\/kauppa\/wp-json\/wp\/v2\/media\/4421"}],"wp:attachment":[{"href":"https:\/\/sirkussirkus.com\/kauppa\/wp-json\/wp\/v2\/media?parent=4420"}],"wp:term":[{"taxonomy":"product_brand","embeddable":true,"href":"https:\/\/sirkussirkus.com\/kauppa\/wp-json\/wp\/v2\/product_brand?post=4420"},{"taxonomy":"product_cat","embeddable":true,"href":"https:\/\/sirkussirkus.com\/kauppa\/wp-json\/wp\/v2\/product_cat?post=4420"},{"taxonomy":"product_tag","embeddable":true,"href":"https:\/\/sirkussirkus.com\/kauppa\/wp-json\/wp\/v2\/product_tag?post=4420"}],"curies":[{"name":"wp","href":"https:\/\/api.w.org\/{rel}","templated":true}]}}