{"id":4368,"date":"2023-05-06T00:11:10","date_gmt":"2023-05-06T00:11:10","guid":{"rendered":"https:\/\/sirkussirkus.com\/kauppa\/?post_type=product&#038;p=4368"},"modified":"2026-03-30T05:27:18","modified_gmt":"2026-03-30T05:27:18","slug":"rengastrapetsi-0-piste","status":"publish","type":"product","link":"https:\/\/sirkussirkus.com\/kauppa\/product\/rengastrapetsi-0-piste\/","title":{"rendered":"Rengastrapetsi &#8211; 0-piste"},"content":{"rendered":"<div class=\"product-text\">\n<p>Firetoysin valmistama rengastrapetsi, jossa ei ole kiinnityspisteit\u00e4. Kiinnityspisteett\u00f6m\u00e4n rengastrapetsin voit kiinnitt\u00e4\u00e4 ripustusliinoilla kaikilla eri tavoilla tarpeen mukaan eri k\u00e4ytt\u00f6tarkoituksiin: Yhdest\u00e4 kohdasta, kahdesta kohdasta tai useammasta kohdasta my\u00f6s vaakatasoon kattokruunumaisesti. Mainittu koko on rengastrapetsin ulkohalkaisija. Saatavana viidess\u00e4 eri koossa. Kuvien kiinnitystarvikkeet eiv\u00e4t sis\u00e4lly hintaan.<\/p>\n<p>0-pistetrapetsi kiinnitet\u00e4\u00e4n ripustusliinalla. Haluttuun kiinnityskohtaan tehd\u00e4\u00e4n ripustusliinalla yksinkertainen tai moninkertainen leivonp\u00e4\u00e4solmu (kuva 2). Jos trapetsi ei ole teipattu kauttaaltaan, teipataan kiinnityskohta trapetsista trapetsiteipill\u00e4. T\u00e4m\u00e4 est\u00e4\u00e4 trapetsin liukumisen solmun sis\u00e4ll\u00e4, jos paino on esimerkiksi kokonaan jommalla kummalla reunalla.<\/p>\n<p>Putken paksuus 25mm<\/p>\n<p>Ty\u00f6skentelypainoraja 260kg<\/p>\n<p>Ripustusv\u00e4lineet ja muut tarvikkeet l\u00f6yd\u00e4t omalta osastolta: Sirkusv\u00e4lineet \/ Ilma-akrobatia \/ Tarvikkeet<\/p>\n<p><a href=\"http:\/\/www.sirkussirkus.com\/rengastrapetsinkoko.pdf\" target=\"_blank\" rel=\"noopener noreferrer\">Rengastrapetsin koko &#8211; Mittausohjeet<\/a><\/p>\n<\/div>\n","protected":false},"excerpt":{"rendered":"<p>Firetoysin valmistama rengastrapetsi, jossa ei ole kiinnityspisteit\u00e4. Kiinnityspisteett\u00f6m\u00e4n rengastrapetsin voit kiinnitt\u00e4\u00e4 ripustusliinoilla kaikilla eri tavoilla tarpeen mukaan eri k\u00e4ytt\u00f6tarkoituksiin: Yhdest\u00e4 kohdasta, kahdesta kohdasta tai useammasta kohdasta my\u00f6s vaakatasoon kattokruunumaisesti. Mainittu koko on rengastrapetsin ulkohalkaisija. Saatavana viidess\u00e4 eri koossa. Kuvien kiinnitystarvikkeet eiv\u00e4t sis\u00e4lly hintaan. 0-pistetrapetsi kiinnitet\u00e4\u00e4n ripustusliinalla. Haluttuun kiinnityskohtaan tehd\u00e4\u00e4n ripustusliinalla yksinkertainen tai moninkertainen leivonp\u00e4\u00e4solmu (kuva [&hellip;]<\/p>\n","protected":false},"featured_media":4374,"template":"","meta":{"site-sidebar-layout":"default","site-content-layout":"default","ast-site-content-layout":"default","site-content-style":"default","site-sidebar-style":"default","ast-global-header-display":"","ast-banner-title-visibility":"","ast-main-header-display":"","ast-hfb-above-header-display":"","ast-hfb-below-header-display":"","ast-hfb-mobile-header-display":"","site-post-title":"","ast-breadcrumbs-content":"","ast-featured-img":"","footer-sml-layout":"","theme-transparent-header-meta":"default","adv-header-id-meta":"","stick-header-meta":"","header-above-stick-meta":"","header-main-stick-meta":"","header-below-stick-meta":"","astra-migrate-meta-layouts":"set","ast-page-background-enabled":"default","ast-page-background-meta":{"desktop":{"background-color":"","background-image":"","background-repeat":"repeat","background-position":"center center","background-size":"auto","background-attachment":"scroll","background-type":"","background-media":"","overlay-type":"","overlay-color":"","overlay-opacity":"","overlay-gradient":""},"tablet":{"background-color":"","background-image":"","background-repeat":"repeat","background-position":"center center","background-size":"auto","background-attachment":"scroll","background-type":"","background-media":"","overlay-type":"","overlay-color":"","overlay-opacity":"","overlay-gradient":""},"mobile":{"background-color":"","background-image":"","background-repeat":"repeat","background-position":"center center","background-size":"auto","background-attachment":"scroll","background-type":"","background-media":"","overlay-type":"","overlay-color":"","overlay-opacity":"","overlay-gradient":""}},"ast-content-background-meta":{"desktop":{"background-color":"var(--ast-global-color-5)","background-image":"","background-repeat":"repeat","background-position":"center center","background-size":"auto","background-attachment":"scroll","background-type":"","background-media":"","overlay-type":"","overlay-color":"","overlay-opacity":"","overlay-gradient":""},"tablet":{"background-color":"var(--ast-global-color-5)","background-image":"","background-repeat":"repeat","background-position":"center center","background-size":"auto","background-attachment":"scroll","background-type":"","background-media":"","overlay-type":"","overlay-color":"","overlay-opacity":"","overlay-gradient":""},"mobile":{"background-color":"var(--ast-global-color-5)","background-image":"","background-repeat":"repeat","background-position":"center center","background-size":"auto","background-attachment":"scroll","background-type":"","background-media":"","overlay-type":"","overlay-color":"","overlay-opacity":"","overlay-gradient":""}}},"product_brand":[],"product_cat":[68,677],"product_tag":[247,184,94,166,168,91],"class_list":{"0":"post-4368","1":"product","2":"type-product","3":"status-publish","4":"has-post-thumbnail","6":"product_cat-rengastrapetsit","7":"product_cat-uutuudet","8":"product_tag-247","9":"product_tag-firetoys","10":"product_tag-ilma-akrobatia","11":"product_tag-rengas","12":"product_tag-renkaat","13":"product_tag-trapetsi","14":"desktop-align-center","15":"tablet-align-left","16":"mobile-align-left","18":"first","19":"outofstock","20":"taxable","21":"shipping-taxable","22":"purchasable","23":"product-type-variable"},"_links":{"self":[{"href":"https:\/\/sirkussirkus.com\/kauppa\/wp-json\/wp\/v2\/product\/4368","targetHints":{"allow":["GET"]}}],"collection":[{"href":"https:\/\/sirkussirkus.com\/kauppa\/wp-json\/wp\/v2\/product"}],"about":[{"href":"https:\/\/sirkussirkus.com\/kauppa\/wp-json\/wp\/v2\/types\/product"}],"version-history":[{"count":2,"href":"https:\/\/sirkussirkus.com\/kauppa\/wp-json\/wp\/v2\/product\/4368\/revisions"}],"predecessor-version":[{"id":6501,"href":"https:\/\/sirkussirkus.com\/kauppa\/wp-json\/wp\/v2\/product\/4368\/revisions\/6501"}],"wp:featuredmedia":[{"embeddable":true,"href":"https:\/\/sirkussirkus.com\/kauppa\/wp-json\/wp\/v2\/media\/4374"}],"wp:attachment":[{"href":"https:\/\/sirkussirkus.com\/kauppa\/wp-json\/wp\/v2\/media?parent=4368"}],"wp:term":[{"taxonomy":"product_brand","embeddable":true,"href":"https:\/\/sirkussirkus.com\/kauppa\/wp-json\/wp\/v2\/product_brand?post=4368"},{"taxonomy":"product_cat","embeddable":true,"href":"https:\/\/sirkussirkus.com\/kauppa\/wp-json\/wp\/v2\/product_cat?post=4368"},{"taxonomy":"product_tag","embeddable":true,"href":"https:\/\/sirkussirkus.com\/kauppa\/wp-json\/wp\/v2\/product_tag?post=4368"}],"curies":[{"name":"wp","href":"https:\/\/api.w.org\/{rel}","templated":true}]}}