{"id":4338,"date":"2022-05-05T23:55:45","date_gmt":"2022-05-05T23:55:45","guid":{"rendered":"https:\/\/sirkussirkus.com\/kauppa\/?post_type=product&#038;p=4338"},"modified":"2025-05-30T10:58:08","modified_gmt":"2025-05-30T10:58:08","slug":"paallystetty-koysi-punainen","status":"publish","type":"product","link":"https:\/\/sirkussirkus.com\/kauppa\/product\/paallystetty-koysi-punainen\/","title":{"rendered":"P\u00e4\u00e4llystetty K\u00f6ysi &#8211; Punainen"},"content":{"rendered":"<p>VALMISTUS LOPETETTU TOISTAISEKSI. Firetoysin valmistama p\u00e4\u00e4llystetty ns. sukkak\u00f6ysi, jossa normaalin k\u00f6yden p\u00e4\u00e4ll\u00e4 on puuvillasta kudottu pehme\u00e4 sukka. Sukka lis\u00e4\u00e4 k\u00e4ytt\u00f6mukavuutta entisest\u00e4\u00e4n, ja jakaa paineen kehoa vasten tasaisemmin kuin kolmis\u00e4ikeinen k\u00f6ysi. P\u00e4\u00e4llystetty k\u00f6ysi joustaa v\u00e4hemm\u00e4n, ja on sen puolesta tiputuksissa rankempi kuin punottu k\u00f6ysi. P\u00e4\u00e4llyste tosin pehment\u00e4\u00e4 iskuja, ja k\u00f6yden joustamattomuus tarjoaa parempaa tarkkuutta suorituksiin ja temppuihin, joissa k\u00f6ysi irtoaa hetkellisesti ilma-akrobaatin k\u00e4sist\u00e4. Saatavana kahdessa eri v\u00e4riss\u00e4 ja kolmessa eri mitassa.<\/p>\n<p>Pituus 6-10m \/ Paksuus 37-40mm<\/p>\n<p>Ty\u00f6skentelypainoraja 250kg<\/p>\n<p>Ripustusv\u00e4lineet ja muut tarvikkeet l\u00f6yd\u00e4t omalta osastolta: Sirkusv\u00e4lineet \/ Ilma-akrobatia \/ Ripustus ja muut tarvikkeet<\/p>\n","protected":false},"excerpt":{"rendered":"<p>VALMISTUS LOPETETTU TOISTAISEKSI. Firetoysin valmistama p\u00e4\u00e4llystetty ns. sukkak\u00f6ysi, jossa normaalin k\u00f6yden p\u00e4\u00e4ll\u00e4 on puuvillasta kudottu pehme\u00e4 sukka. Sukka lis\u00e4\u00e4 k\u00e4ytt\u00f6mukavuutta entisest\u00e4\u00e4n, ja jakaa paineen kehoa vasten tasaisemmin kuin kolmis\u00e4ikeinen k\u00f6ysi. P\u00e4\u00e4llystetty k\u00f6ysi joustaa v\u00e4hemm\u00e4n, ja on sen puolesta tiputuksissa rankempi kuin punottu k\u00f6ysi. P\u00e4\u00e4llyste tosin pehment\u00e4\u00e4 iskuja, ja k\u00f6yden joustamattomuus tarjoaa parempaa tarkkuutta suorituksiin ja [&hellip;]<\/p>\n","protected":false},"featured_media":4342,"template":"","meta":{"site-sidebar-layout":"default","site-content-layout":"default","ast-site-content-layout":"default","site-content-style":"default","site-sidebar-style":"default","ast-global-header-display":"","ast-banner-title-visibility":"","ast-main-header-display":"","ast-hfb-above-header-display":"","ast-hfb-below-header-display":"","ast-hfb-mobile-header-display":"","site-post-title":"","ast-breadcrumbs-content":"","ast-featured-img":"","footer-sml-layout":"","theme-transparent-header-meta":"default","adv-header-id-meta":"","stick-header-meta":"","header-above-stick-meta":"","header-main-stick-meta":"","header-below-stick-meta":"","astra-migrate-meta-layouts":"set","ast-page-background-enabled":"default","ast-page-background-meta":{"desktop":{"background-color":"","background-image":"","background-repeat":"repeat","background-position":"center center","background-size":"auto","background-attachment":"scroll","background-type":"","background-media":"","overlay-type":"","overlay-color":"","overlay-opacity":"","overlay-gradient":""},"tablet":{"background-color":"","background-image":"","background-repeat":"repeat","background-position":"center center","background-size":"auto","background-attachment":"scroll","background-type":"","background-media":"","overlay-type":"","overlay-color":"","overlay-opacity":"","overlay-gradient":""},"mobile":{"background-color":"","background-image":"","background-repeat":"repeat","background-position":"center center","background-size":"auto","background-attachment":"scroll","background-type":"","background-media":"","overlay-type":"","overlay-color":"","overlay-opacity":"","overlay-gradient":""}},"ast-content-background-meta":{"desktop":{"background-color":"var(--ast-global-color-5)","background-image":"","background-repeat":"repeat","background-position":"center center","background-size":"auto","background-attachment":"scroll","background-type":"","background-media":"","overlay-type":"","overlay-color":"","overlay-opacity":"","overlay-gradient":""},"tablet":{"background-color":"var(--ast-global-color-5)","background-image":"","background-repeat":"repeat","background-position":"center center","background-size":"auto","background-attachment":"scroll","background-type":"","background-media":"","overlay-type":"","overlay-color":"","overlay-opacity":"","overlay-gradient":""},"mobile":{"background-color":"var(--ast-global-color-5)","background-image":"","background-repeat":"repeat","background-position":"center center","background-size":"auto","background-attachment":"scroll","background-type":"","background-media":"","overlay-type":"","overlay-color":"","overlay-opacity":"","overlay-gradient":""}}},"product_brand":[],"product_cat":[121],"product_tag":[94,245,228,246],"class_list":{"0":"post-4338","1":"product","2":"type-product","3":"status-publish","4":"has-post-thumbnail","6":"product_cat-koydet","7":"product_tag-ilma-akrobatia","8":"product_tag-koydet","9":"product_tag-koysi","10":"product_tag-paallystetty","11":"desktop-align-center","12":"tablet-align-left","13":"mobile-align-left","15":"first","16":"outofstock","17":"taxable","18":"shipping-taxable","19":"purchasable","20":"product-type-variable","21":"has-default-attributes"},"_links":{"self":[{"href":"https:\/\/sirkussirkus.com\/kauppa\/wp-json\/wp\/v2\/product\/4338","targetHints":{"allow":["GET"]}}],"collection":[{"href":"https:\/\/sirkussirkus.com\/kauppa\/wp-json\/wp\/v2\/product"}],"about":[{"href":"https:\/\/sirkussirkus.com\/kauppa\/wp-json\/wp\/v2\/types\/product"}],"version-history":[{"count":2,"href":"https:\/\/sirkussirkus.com\/kauppa\/wp-json\/wp\/v2\/product\/4338\/revisions"}],"predecessor-version":[{"id":8290,"href":"https:\/\/sirkussirkus.com\/kauppa\/wp-json\/wp\/v2\/product\/4338\/revisions\/8290"}],"wp:featuredmedia":[{"embeddable":true,"href":"https:\/\/sirkussirkus.com\/kauppa\/wp-json\/wp\/v2\/media\/4342"}],"wp:attachment":[{"href":"https:\/\/sirkussirkus.com\/kauppa\/wp-json\/wp\/v2\/media?parent=4338"}],"wp:term":[{"taxonomy":"product_brand","embeddable":true,"href":"https:\/\/sirkussirkus.com\/kauppa\/wp-json\/wp\/v2\/product_brand?post=4338"},{"taxonomy":"product_cat","embeddable":true,"href":"https:\/\/sirkussirkus.com\/kauppa\/wp-json\/wp\/v2\/product_cat?post=4338"},{"taxonomy":"product_tag","embeddable":true,"href":"https:\/\/sirkussirkus.com\/kauppa\/wp-json\/wp\/v2\/product_tag?post=4338"}],"curies":[{"name":"wp","href":"https:\/\/api.w.org\/{rel}","templated":true}]}}