{"id":4291,"date":"2022-05-05T23:37:18","date_gmt":"2022-05-05T23:37:18","guid":{"rendered":"https:\/\/sirkussirkus.com\/kauppa\/?post_type=product&#038;p=4291"},"modified":"2025-09-06T17:02:49","modified_gmt":"2025-09-06T17:02:49","slug":"3-saikeinen-koysi-valkoinen","status":"publish","type":"product","link":"https:\/\/sirkussirkus.com\/kauppa\/product\/3-saikeinen-koysi-valkoinen\/","title":{"rendered":"3-s\u00e4ikeinen K\u00f6ysi &#8211; Valkoinen"},"content":{"rendered":"<div class=\"product-text\">\n<p>Firetoysin valmistama kolmis\u00e4ikeinen pehme\u00e4, notkea ja joustava ilma-akrobatiak\u00f6ysi. T\u00e4ss\u00e4 kolmis\u00e4ikeisess\u00e4 vertikaalik\u00f6ydess\u00e4 yhdistyv\u00e4t ominaisuudet ovat harvinainen yhdistelm\u00e4. Laadukas viimeistely, tyylik\u00e4s ulkomuoto ja edullinen hinta. K\u00f6ytt\u00e4 l\u00f6ytyy kolmessa eri v\u00e4riss\u00e4 ja viidess\u00e4 eri mitassa. Kuvan sulkurengas (karabiini) ei sis\u00e4lly hintaan.<\/p>\n<p>T\u00e4m\u00e4 k\u00f6ysi ei sovellu Spanish Web -tyyliseen py\u00f6ritt\u00e4miseen.<\/p>\n<p>Pituus 6-12m \/ Paksuus 35mm<\/p>\n<p>Ty\u00f6skentelypainoraja 190kg<\/p>\n<p>Ripustusv\u00e4lineet ja muut tarvikkeet l\u00f6yd\u00e4t omalta osastolta: Sirkusv\u00e4lineet \/ Ilma-akrobatia \/ Tarvikkeet<\/p>\n<\/div>\n","protected":false},"excerpt":{"rendered":"<p>Firetoysin valmistama kolmis\u00e4ikeinen pehme\u00e4, notkea ja joustava ilma-akrobatiak\u00f6ysi. T\u00e4ss\u00e4 kolmis\u00e4ikeisess\u00e4 vertikaalik\u00f6ydess\u00e4 yhdistyv\u00e4t ominaisuudet ovat harvinainen yhdistelm\u00e4. Laadukas viimeistely, tyylik\u00e4s ulkomuoto ja edullinen hinta. K\u00f6ytt\u00e4 l\u00f6ytyy kolmessa eri v\u00e4riss\u00e4 ja viidess\u00e4 eri mitassa. Kuvan sulkurengas (karabiini) ei sis\u00e4lly hintaan. T\u00e4m\u00e4 k\u00f6ysi ei sovellu Spanish Web -tyyliseen py\u00f6ritt\u00e4miseen. Pituus 6-12m \/ Paksuus 35mm Ty\u00f6skentelypainoraja 190kg Ripustusv\u00e4lineet ja [&hellip;]<\/p>\n","protected":false},"featured_media":4292,"template":"","meta":{"site-sidebar-layout":"default","site-content-layout":"default","ast-site-content-layout":"default","site-content-style":"default","site-sidebar-style":"default","ast-global-header-display":"","ast-banner-title-visibility":"","ast-main-header-display":"","ast-hfb-above-header-display":"","ast-hfb-below-header-display":"","ast-hfb-mobile-header-display":"","site-post-title":"","ast-breadcrumbs-content":"","ast-featured-img":"","footer-sml-layout":"","theme-transparent-header-meta":"default","adv-header-id-meta":"","stick-header-meta":"","header-above-stick-meta":"","header-main-stick-meta":"","header-below-stick-meta":"","astra-migrate-meta-layouts":"default","ast-page-background-enabled":"default","ast-page-background-meta":{"desktop":{"background-color":"","background-image":"","background-repeat":"repeat","background-position":"center center","background-size":"auto","background-attachment":"scroll","background-type":"","background-media":"","overlay-type":"","overlay-color":"","overlay-opacity":"","overlay-gradient":""},"tablet":{"background-color":"","background-image":"","background-repeat":"repeat","background-position":"center center","background-size":"auto","background-attachment":"scroll","background-type":"","background-media":"","overlay-type":"","overlay-color":"","overlay-opacity":"","overlay-gradient":""},"mobile":{"background-color":"","background-image":"","background-repeat":"repeat","background-position":"center center","background-size":"auto","background-attachment":"scroll","background-type":"","background-media":"","overlay-type":"","overlay-color":"","overlay-opacity":"","overlay-gradient":""}},"ast-content-background-meta":{"desktop":{"background-color":"var(--ast-global-color-5)","background-image":"","background-repeat":"repeat","background-position":"center center","background-size":"auto","background-attachment":"scroll","background-type":"","background-media":"","overlay-type":"","overlay-color":"","overlay-opacity":"","overlay-gradient":""},"tablet":{"background-color":"var(--ast-global-color-5)","background-image":"","background-repeat":"repeat","background-position":"center center","background-size":"auto","background-attachment":"scroll","background-type":"","background-media":"","overlay-type":"","overlay-color":"","overlay-opacity":"","overlay-gradient":""},"mobile":{"background-color":"var(--ast-global-color-5)","background-image":"","background-repeat":"repeat","background-position":"center center","background-size":"auto","background-attachment":"scroll","background-type":"","background-media":"","overlay-type":"","overlay-color":"","overlay-opacity":"","overlay-gradient":""}}},"product_brand":[],"product_cat":[121],"product_tag":[244,184,94,245,228],"class_list":{"0":"post-4291","1":"product","2":"type-product","3":"status-publish","4":"has-post-thumbnail","6":"product_cat-koydet","7":"product_tag-244","8":"product_tag-firetoys","9":"product_tag-ilma-akrobatia","10":"product_tag-koydet","11":"product_tag-koysi","12":"desktop-align-center","13":"tablet-align-left","14":"mobile-align-left","16":"first","17":"instock","18":"taxable","19":"shipping-taxable","20":"purchasable","21":"product-type-variable","22":"has-default-attributes"},"_links":{"self":[{"href":"https:\/\/sirkussirkus.com\/kauppa\/wp-json\/wp\/v2\/product\/4291","targetHints":{"allow":["GET"]}}],"collection":[{"href":"https:\/\/sirkussirkus.com\/kauppa\/wp-json\/wp\/v2\/product"}],"about":[{"href":"https:\/\/sirkussirkus.com\/kauppa\/wp-json\/wp\/v2\/types\/product"}],"version-history":[{"count":3,"href":"https:\/\/sirkussirkus.com\/kauppa\/wp-json\/wp\/v2\/product\/4291\/revisions"}],"predecessor-version":[{"id":6612,"href":"https:\/\/sirkussirkus.com\/kauppa\/wp-json\/wp\/v2\/product\/4291\/revisions\/6612"}],"wp:featuredmedia":[{"embeddable":true,"href":"https:\/\/sirkussirkus.com\/kauppa\/wp-json\/wp\/v2\/media\/4292"}],"wp:attachment":[{"href":"https:\/\/sirkussirkus.com\/kauppa\/wp-json\/wp\/v2\/media?parent=4291"}],"wp:term":[{"taxonomy":"product_brand","embeddable":true,"href":"https:\/\/sirkussirkus.com\/kauppa\/wp-json\/wp\/v2\/product_brand?post=4291"},{"taxonomy":"product_cat","embeddable":true,"href":"https:\/\/sirkussirkus.com\/kauppa\/wp-json\/wp\/v2\/product_cat?post=4291"},{"taxonomy":"product_tag","embeddable":true,"href":"https:\/\/sirkussirkus.com\/kauppa\/wp-json\/wp\/v2\/product_tag?post=4291"}],"curies":[{"name":"wp","href":"https:\/\/api.w.org\/{rel}","templated":true}]}}