{"id":4221,"date":"2022-05-05T16:09:29","date_gmt":"2022-05-05T16:09:29","guid":{"rendered":"https:\/\/sirkussirkus.com\/kauppa\/?post_type=product&#038;p=4221"},"modified":"2024-09-09T11:37:50","modified_gmt":"2024-09-09T11:37:50","slug":"sr-pieni-8-alumiini","status":"publish","type":"product","link":"https:\/\/sirkussirkus.com\/kauppa\/product\/sr-pieni-8-alumiini\/","title":{"rendered":"SR &#8211; Pieni 8 (alumiini)"},"content":{"rendered":"<div class=\"product-text\">\n<p>Singing Rock -merkkinen kuumataotusta alumiinista valmistettu &#8221;kasi&#8221;, joka soveltuu erinomaisesti hiuksistariipunnan harjoittamiseen. Alumiinista valmistetut kiinnikkeet ja varusteet vaativat kunnon tarkistuksen joka k\u00e4ytt\u00f6kerran yhteydess\u00e4, ja niit\u00e4 ei saa pudottaa kovalle lattialle korkealta. Iskut saattavat heikent\u00e4\u00e4 murtolujuutta. Alumiinikasin kiinnitt\u00e4miseksi tarvitset mahdollisesti kiipeilyyn tarkoitetun sulkurenkaan (karabiini) ja nauhalenkin (slingi).<\/p>\n<p>Korkeus 142mm \/ Leveys 72mm \/ Paksuus 15mm \/ Paino 125g<\/p>\n<p>Murtumispainoraja 3000kg<\/p>\n<\/div>\n","protected":false},"excerpt":{"rendered":"<p>Singing Rock -merkkinen kuumataotusta alumiinista valmistettu &#8221;kasi&#8221;, joka soveltuu erinomaisesti hiuksistariipunnan harjoittamiseen. Alumiinista valmistetut kiinnikkeet ja varusteet vaativat kunnon tarkistuksen joka k\u00e4ytt\u00f6kerran yhteydess\u00e4, ja niit\u00e4 ei saa pudottaa kovalle lattialle korkealta. Iskut saattavat heikent\u00e4\u00e4 murtolujuutta. Alumiinikasin kiinnitt\u00e4miseksi tarvitset mahdollisesti kiipeilyyn tarkoitetun sulkurenkaan (karabiini) ja nauhalenkin (slingi). Korkeus 142mm \/ Leveys 72mm \/ Paksuus 15mm \/ [&hellip;]<\/p>\n","protected":false},"featured_media":4222,"template":"","meta":{"site-sidebar-layout":"default","site-content-layout":"default","ast-site-content-layout":"default","site-content-style":"default","site-sidebar-style":"default","ast-global-header-display":"","ast-banner-title-visibility":"","ast-main-header-display":"","ast-hfb-above-header-display":"","ast-hfb-below-header-display":"","ast-hfb-mobile-header-display":"","site-post-title":"","ast-breadcrumbs-content":"","ast-featured-img":"","footer-sml-layout":"","theme-transparent-header-meta":"default","adv-header-id-meta":"","stick-header-meta":"","header-above-stick-meta":"","header-main-stick-meta":"","header-below-stick-meta":"","astra-migrate-meta-layouts":"default","ast-page-background-enabled":"default","ast-page-background-meta":{"desktop":{"background-color":"","background-image":"","background-repeat":"repeat","background-position":"center center","background-size":"auto","background-attachment":"scroll","background-type":"","background-media":"","overlay-type":"","overlay-color":"","overlay-opacity":"","overlay-gradient":""},"tablet":{"background-color":"","background-image":"","background-repeat":"repeat","background-position":"center center","background-size":"auto","background-attachment":"scroll","background-type":"","background-media":"","overlay-type":"","overlay-color":"","overlay-opacity":"","overlay-gradient":""},"mobile":{"background-color":"","background-image":"","background-repeat":"repeat","background-position":"center center","background-size":"auto","background-attachment":"scroll","background-type":"","background-media":"","overlay-type":"","overlay-color":"","overlay-opacity":"","overlay-gradient":""}},"ast-content-background-meta":{"desktop":{"background-color":"var(--ast-global-color-5)","background-image":"","background-repeat":"repeat","background-position":"center center","background-size":"auto","background-attachment":"scroll","background-type":"","background-media":"","overlay-type":"","overlay-color":"","overlay-opacity":"","overlay-gradient":""},"tablet":{"background-color":"var(--ast-global-color-5)","background-image":"","background-repeat":"repeat","background-position":"center center","background-size":"auto","background-attachment":"scroll","background-type":"","background-media":"","overlay-type":"","overlay-color":"","overlay-opacity":"","overlay-gradient":""},"mobile":{"background-color":"var(--ast-global-color-5)","background-image":"","background-repeat":"repeat","background-position":"center center","background-size":"auto","background-attachment":"scroll","background-type":"","background-media":"","overlay-type":"","overlay-color":"","overlay-opacity":"","overlay-gradient":""}}},"product_brand":[],"product_cat":[119],"product_tag":[231,117,94,232,235,205],"class_list":{"0":"post-4221","1":"product","2":"type-product","3":"status-publish","4":"has-post-thumbnail","6":"product_cat-ripustus","7":"product_tag-231","8":"product_tag-alumiini","9":"product_tag-ilma-akrobatia","10":"product_tag-kasi","11":"product_tag-pieni","12":"product_tag-sr","13":"desktop-align-center","14":"tablet-align-left","15":"mobile-align-left","17":"first","18":"instock","19":"taxable","20":"shipping-taxable","21":"purchasable","22":"product-type-simple"},"_links":{"self":[{"href":"https:\/\/sirkussirkus.com\/kauppa\/wp-json\/wp\/v2\/product\/4221","targetHints":{"allow":["GET"]}}],"collection":[{"href":"https:\/\/sirkussirkus.com\/kauppa\/wp-json\/wp\/v2\/product"}],"about":[{"href":"https:\/\/sirkussirkus.com\/kauppa\/wp-json\/wp\/v2\/types\/product"}],"version-history":[{"count":2,"href":"https:\/\/sirkussirkus.com\/kauppa\/wp-json\/wp\/v2\/product\/4221\/revisions"}],"predecessor-version":[{"id":4224,"href":"https:\/\/sirkussirkus.com\/kauppa\/wp-json\/wp\/v2\/product\/4221\/revisions\/4224"}],"wp:featuredmedia":[{"embeddable":true,"href":"https:\/\/sirkussirkus.com\/kauppa\/wp-json\/wp\/v2\/media\/4222"}],"wp:attachment":[{"href":"https:\/\/sirkussirkus.com\/kauppa\/wp-json\/wp\/v2\/media?parent=4221"}],"wp:term":[{"taxonomy":"product_brand","embeddable":true,"href":"https:\/\/sirkussirkus.com\/kauppa\/wp-json\/wp\/v2\/product_brand?post=4221"},{"taxonomy":"product_cat","embeddable":true,"href":"https:\/\/sirkussirkus.com\/kauppa\/wp-json\/wp\/v2\/product_cat?post=4221"},{"taxonomy":"product_tag","embeddable":true,"href":"https:\/\/sirkussirkus.com\/kauppa\/wp-json\/wp\/v2\/product_tag?post=4221"}],"curies":[{"name":"wp","href":"https:\/\/api.w.org\/{rel}","templated":true}]}}