{"id":4217,"date":"2022-05-05T16:08:15","date_gmt":"2022-05-05T16:08:15","guid":{"rendered":"https:\/\/sirkussirkus.com\/kauppa\/?post_type=product&#038;p=4217"},"modified":"2025-11-01T07:39:03","modified_gmt":"2025-11-01T07:39:03","slug":"ct-teras-8-teras","status":"publish","type":"product","link":"https:\/\/sirkussirkus.com\/kauppa\/product\/ct-teras-8-teras\/","title":{"rendered":"CT &#8211; Ter\u00e4s-8 (ter\u00e4s)"},"content":{"rendered":"<p>Muun muassa armeijan k\u00e4ytt\u00e4m\u00e4 ja miltei tuhoutumaton kasi kankaan kiinnitt\u00e4mist\u00e4 varten. Ruostumattomasta ter\u00e4ksest\u00e4 valmistettu kasi on kalliimpi, mutta maksaa pitk\u00e4ss\u00e4 juoksussa itsens\u00e4 takaisin. Elinkaari on huomattavasti pidempi kuin alumiinisessa kasissa erityisesti, jos kasia joutuu k\u00e4ytt\u00e4m\u00e4\u00e4n suorassa kontaktissa ter\u00e4skarabiinin kanssa. Ter\u00e4skasin kiinnitt\u00e4miseksi tarvitset mahdollisesti kiipeilyyn tarkoitetun sulkurenkaan (karabiini) ja nauhalenkin (slingi).<\/p>\n<p><a href=\"https:\/\/www.youtube.com\/watch?v=TiI8mgLXT4U\" target=\"_blank\" rel=\"noopener noreferrer\">Katso kankaan solmimisohjeet t\u00e4\u00e4lt\u00e4.<\/a><\/p>\n<p>Korkeus 17cm \/ Leveys 16cm \/ Paksuus 1,5cm \/ Paino 540g<\/p>\n<p>Murtumispainoraja 4000kg<\/p>\n","protected":false},"excerpt":{"rendered":"<p>Muun muassa armeijan k\u00e4ytt\u00e4m\u00e4 ja miltei tuhoutumaton kasi kankaan kiinnitt\u00e4mist\u00e4 varten. Ruostumattomasta ter\u00e4ksest\u00e4 valmistettu kasi on kalliimpi, mutta maksaa pitk\u00e4ss\u00e4 juoksussa itsens\u00e4 takaisin. Elinkaari on huomattavasti pidempi kuin alumiinisessa kasissa erityisesti, jos kasia joutuu k\u00e4ytt\u00e4m\u00e4\u00e4n suorassa kontaktissa ter\u00e4skarabiinin kanssa. Ter\u00e4skasin kiinnitt\u00e4miseksi tarvitset mahdollisesti kiipeilyyn tarkoitetun sulkurenkaan (karabiini) ja nauhalenkin (slingi). Katso kankaan solmimisohjeet t\u00e4\u00e4lt\u00e4. Korkeus [&hellip;]<\/p>\n","protected":false},"featured_media":4218,"template":"","meta":{"site-sidebar-layout":"default","site-content-layout":"default","ast-site-content-layout":"default","site-content-style":"default","site-sidebar-style":"default","ast-global-header-display":"","ast-banner-title-visibility":"","ast-main-header-display":"","ast-hfb-above-header-display":"","ast-hfb-below-header-display":"","ast-hfb-mobile-header-display":"","site-post-title":"","ast-breadcrumbs-content":"","ast-featured-img":"","footer-sml-layout":"","theme-transparent-header-meta":"default","adv-header-id-meta":"","stick-header-meta":"","header-above-stick-meta":"","header-main-stick-meta":"","header-below-stick-meta":"","astra-migrate-meta-layouts":"set","ast-page-background-enabled":"default","ast-page-background-meta":{"desktop":{"background-color":"","background-image":"","background-repeat":"repeat","background-position":"center center","background-size":"auto","background-attachment":"scroll","background-type":"","background-media":"","overlay-type":"","overlay-color":"","overlay-opacity":"","overlay-gradient":""},"tablet":{"background-color":"","background-image":"","background-repeat":"repeat","background-position":"center center","background-size":"auto","background-attachment":"scroll","background-type":"","background-media":"","overlay-type":"","overlay-color":"","overlay-opacity":"","overlay-gradient":""},"mobile":{"background-color":"","background-image":"","background-repeat":"repeat","background-position":"center center","background-size":"auto","background-attachment":"scroll","background-type":"","background-media":"","overlay-type":"","overlay-color":"","overlay-opacity":"","overlay-gradient":""}},"ast-content-background-meta":{"desktop":{"background-color":"var(--ast-global-color-5)","background-image":"","background-repeat":"repeat","background-position":"center center","background-size":"auto","background-attachment":"scroll","background-type":"","background-media":"","overlay-type":"","overlay-color":"","overlay-opacity":"","overlay-gradient":""},"tablet":{"background-color":"var(--ast-global-color-5)","background-image":"","background-repeat":"repeat","background-position":"center center","background-size":"auto","background-attachment":"scroll","background-type":"","background-media":"","overlay-type":"","overlay-color":"","overlay-opacity":"","overlay-gradient":""},"mobile":{"background-color":"var(--ast-global-color-5)","background-image":"","background-repeat":"repeat","background-position":"center center","background-size":"auto","background-attachment":"scroll","background-type":"","background-media":"","overlay-type":"","overlay-color":"","overlay-opacity":"","overlay-gradient":""}}},"product_brand":[],"product_cat":[119],"product_tag":[231,217,94,232,204],"class_list":{"0":"post-4217","1":"product","2":"type-product","3":"status-publish","4":"has-post-thumbnail","6":"product_cat-ripustus","7":"product_tag-231","8":"product_tag-ct","9":"product_tag-ilma-akrobatia","10":"product_tag-kasi","11":"product_tag-teras","12":"desktop-align-center","13":"tablet-align-left","14":"mobile-align-left","16":"first","17":"instock","18":"taxable","19":"shipping-taxable","20":"purchasable","21":"product-type-simple"},"_links":{"self":[{"href":"https:\/\/sirkussirkus.com\/kauppa\/wp-json\/wp\/v2\/product\/4217","targetHints":{"allow":["GET"]}}],"collection":[{"href":"https:\/\/sirkussirkus.com\/kauppa\/wp-json\/wp\/v2\/product"}],"about":[{"href":"https:\/\/sirkussirkus.com\/kauppa\/wp-json\/wp\/v2\/types\/product"}],"version-history":[{"count":6,"href":"https:\/\/sirkussirkus.com\/kauppa\/wp-json\/wp\/v2\/product\/4217\/revisions"}],"predecessor-version":[{"id":7918,"href":"https:\/\/sirkussirkus.com\/kauppa\/wp-json\/wp\/v2\/product\/4217\/revisions\/7918"}],"wp:featuredmedia":[{"embeddable":true,"href":"https:\/\/sirkussirkus.com\/kauppa\/wp-json\/wp\/v2\/media\/4218"}],"wp:attachment":[{"href":"https:\/\/sirkussirkus.com\/kauppa\/wp-json\/wp\/v2\/media?parent=4217"}],"wp:term":[{"taxonomy":"product_brand","embeddable":true,"href":"https:\/\/sirkussirkus.com\/kauppa\/wp-json\/wp\/v2\/product_brand?post=4217"},{"taxonomy":"product_cat","embeddable":true,"href":"https:\/\/sirkussirkus.com\/kauppa\/wp-json\/wp\/v2\/product_cat?post=4217"},{"taxonomy":"product_tag","embeddable":true,"href":"https:\/\/sirkussirkus.com\/kauppa\/wp-json\/wp\/v2\/product_tag?post=4217"}],"curies":[{"name":"wp","href":"https:\/\/api.w.org\/{rel}","templated":true}]}}