{"id":4147,"date":"2022-05-05T15:31:20","date_gmt":"2022-05-05T15:31:20","guid":{"rendered":"https:\/\/sirkussirkus.com\/kauppa\/?post_type=product&#038;p=4147"},"modified":"2026-04-20T08:11:29","modified_gmt":"2026-04-20T08:11:29","slug":"petzl-open-swivel-leikari","status":"publish","type":"product","link":"https:\/\/sirkussirkus.com\/kauppa\/product\/petzl-open-swivel-leikari\/","title":{"rendered":"Petzl Open Swivel &#8211; Leikari (alumiini)"},"content":{"rendered":"<div class=\"product-wrapper2\">\n<div class=\"product-info\">\n<div class=\"product-text\">\n<p>Laakeroitu leikari eli &#8221;swiveli&#8221;, jonka molemmat lenkit toimivat my\u00f6s karabiineina. Lenkit avataan ja kiristet\u00e4\u00e4n mukana tulevalla 3 mm kuusikulmioavaimella. Erinomainen leikari kotik\u00e4ytt\u00f6\u00f6n tai muihin mahdollisesti mataliin tiloihin. Koska erillisi\u00e4 karabiineja ei tarvita leikarin kiinnityksess\u00e4, s\u00e4\u00e4st\u00e4\u00e4 t\u00e4m\u00e4 kiinnitysv\u00e4lineiden mittaa noin 20 cm tuoden lis\u00e4\u00e4 k\u00e4ytt\u00f6korkeutta v\u00e4lineelle (esimerkiksi kankaalle). Useamman leikarin remmiripustuksessa (aerial straps) voivat n\u00e4m\u00e4 leikarit tuoda jopa yli 40 cm lis\u00e4\u00e4 k\u00e4ytt\u00f6mittaa.<\/p>\n<p>Leikari mahdollistaa py\u00f6rimisen pituusakselin ymp\u00e4ri, ja est\u00e4\u00e4 esimerkiksi ilma-akrobatiakankaan kiertymisen. Leikarissa huoltovapaa suljettu laakeri. Valmistettu kuumataotusta alumiinista. Alumiinista valmistetut kiinnikkeet ja varusteet vaativat kunnon tarkistuksen joka k\u00e4ytt\u00f6kerran yhteydess\u00e4, ja niit\u00e4 ei saa pudottaa kovalle lattialle edes p\u00f6yt\u00e4korkeudelta. Iskut saattavat heikent\u00e4\u00e4 murtolujuutta. Yksil\u00f6llisesti tarkastettu ja numeroitu. (CE, NFPA 1983 Technical Use, EAC)<\/p>\n<p>Pituus 98 mm \/ Leveys 50 mm \/ Paino 130 g<\/p>\n<p>Murtumispainoraja 2300 kg<\/p>\n<p>Huoltovapaa laakeri. Kuusikulmioavain (3 mm) sis\u00e4ltyy pakettiin.<\/p>\n<\/div>\n<\/div>\n<\/div>\n<div class=\"product-line\"><\/div>\n<div class=\"emptyspace\"><\/div>\n","protected":false},"excerpt":{"rendered":"<p>Laakeroitu leikari eli &#8221;swiveli&#8221;, jonka molemmat lenkit toimivat my\u00f6s karabiineina. Lenkit avataan ja kiristet\u00e4\u00e4n mukana tulevalla 3 mm kuusikulmioavaimella. Erinomainen leikari kotik\u00e4ytt\u00f6\u00f6n tai muihin mahdollisesti mataliin tiloihin. Koska erillisi\u00e4 karabiineja ei tarvita leikarin kiinnityksess\u00e4, s\u00e4\u00e4st\u00e4\u00e4 t\u00e4m\u00e4 kiinnitysv\u00e4lineiden mittaa noin 20 cm tuoden lis\u00e4\u00e4 k\u00e4ytt\u00f6korkeutta v\u00e4lineelle (esimerkiksi kankaalle). Useamman leikarin remmiripustuksessa (aerial straps) voivat n\u00e4m\u00e4 leikarit [&hellip;]<\/p>\n","protected":false},"featured_media":4148,"template":"","meta":{"site-sidebar-layout":"default","site-content-layout":"default","ast-site-content-layout":"default","site-content-style":"default","site-sidebar-style":"default","ast-global-header-display":"","ast-banner-title-visibility":"","ast-main-header-display":"","ast-hfb-above-header-display":"","ast-hfb-below-header-display":"","ast-hfb-mobile-header-display":"","site-post-title":"","ast-breadcrumbs-content":"","ast-featured-img":"","footer-sml-layout":"","theme-transparent-header-meta":"default","adv-header-id-meta":"","stick-header-meta":"","header-above-stick-meta":"","header-main-stick-meta":"","header-below-stick-meta":"","astra-migrate-meta-layouts":"set","ast-page-background-enabled":"default","ast-page-background-meta":{"desktop":{"background-color":"","background-image":"","background-repeat":"repeat","background-position":"center center","background-size":"auto","background-attachment":"scroll","background-type":"","background-media":"","overlay-type":"","overlay-color":"","overlay-opacity":"","overlay-gradient":""},"tablet":{"background-color":"","background-image":"","background-repeat":"repeat","background-position":"center center","background-size":"auto","background-attachment":"scroll","background-type":"","background-media":"","overlay-type":"","overlay-color":"","overlay-opacity":"","overlay-gradient":""},"mobile":{"background-color":"","background-image":"","background-repeat":"repeat","background-position":"center center","background-size":"auto","background-attachment":"scroll","background-type":"","background-media":"","overlay-type":"","overlay-color":"","overlay-opacity":"","overlay-gradient":""}},"ast-content-background-meta":{"desktop":{"background-color":"var(--ast-global-color-5)","background-image":"","background-repeat":"repeat","background-position":"center center","background-size":"auto","background-attachment":"scroll","background-type":"","background-media":"","overlay-type":"","overlay-color":"","overlay-opacity":"","overlay-gradient":""},"tablet":{"background-color":"var(--ast-global-color-5)","background-image":"","background-repeat":"repeat","background-position":"center center","background-size":"auto","background-attachment":"scroll","background-type":"","background-media":"","overlay-type":"","overlay-color":"","overlay-opacity":"","overlay-gradient":""},"mobile":{"background-color":"var(--ast-global-color-5)","background-image":"","background-repeat":"repeat","background-position":"center center","background-size":"auto","background-attachment":"scroll","background-type":"","background-media":"","overlay-type":"","overlay-color":"","overlay-opacity":"","overlay-gradient":""}}},"product_brand":[],"product_cat":[119],"product_tag":[117,94,199,202,714,200],"class_list":{"0":"post-4147","1":"product","2":"type-product","3":"status-publish","4":"has-post-thumbnail","6":"product_cat-ripustus","7":"product_tag-alumiini","8":"product_tag-ilma-akrobatia","9":"product_tag-leikari","10":"product_tag-petzl","11":"product_tag-sviveli","12":"product_tag-swiveli","13":"desktop-align-center","14":"tablet-align-left","15":"mobile-align-left","17":"first","18":"outofstock","19":"featured","20":"taxable","21":"shipping-taxable","22":"purchasable","23":"product-type-simple"},"_links":{"self":[{"href":"https:\/\/sirkussirkus.com\/kauppa\/wp-json\/wp\/v2\/product\/4147","targetHints":{"allow":["GET"]}}],"collection":[{"href":"https:\/\/sirkussirkus.com\/kauppa\/wp-json\/wp\/v2\/product"}],"about":[{"href":"https:\/\/sirkussirkus.com\/kauppa\/wp-json\/wp\/v2\/types\/product"}],"version-history":[{"count":2,"href":"https:\/\/sirkussirkus.com\/kauppa\/wp-json\/wp\/v2\/product\/4147\/revisions"}],"predecessor-version":[{"id":7338,"href":"https:\/\/sirkussirkus.com\/kauppa\/wp-json\/wp\/v2\/product\/4147\/revisions\/7338"}],"wp:featuredmedia":[{"embeddable":true,"href":"https:\/\/sirkussirkus.com\/kauppa\/wp-json\/wp\/v2\/media\/4148"}],"wp:attachment":[{"href":"https:\/\/sirkussirkus.com\/kauppa\/wp-json\/wp\/v2\/media?parent=4147"}],"wp:term":[{"taxonomy":"product_brand","embeddable":true,"href":"https:\/\/sirkussirkus.com\/kauppa\/wp-json\/wp\/v2\/product_brand?post=4147"},{"taxonomy":"product_cat","embeddable":true,"href":"https:\/\/sirkussirkus.com\/kauppa\/wp-json\/wp\/v2\/product_cat?post=4147"},{"taxonomy":"product_tag","embeddable":true,"href":"https:\/\/sirkussirkus.com\/kauppa\/wp-json\/wp\/v2\/product_tag?post=4147"}],"curies":[{"name":"wp","href":"https:\/\/api.w.org\/{rel}","templated":true}]}}