{"id":4144,"date":"2022-05-05T15:28:40","date_gmt":"2022-05-05T15:28:40","guid":{"rendered":"https:\/\/sirkussirkus.com\/kauppa\/?post_type=product&#038;p=4144"},"modified":"2026-04-22T17:05:48","modified_gmt":"2026-04-22T17:05:48","slug":"camp-leikari","status":"publish","type":"product","link":"https:\/\/sirkussirkus.com\/kauppa\/product\/camp-leikari\/","title":{"rendered":"CAMP &#8211; Leikari \/ Swivel (alumiini)"},"content":{"rendered":"<p>Laakeroitu leikari eli &#8221;swiveli&#8221;, joka on valmistettu kuumataotusta alumiinista. Yksi vahvimmista markkinoilla olevista alumiinileikareista. Leikarin murtolujuus on 35 kilonewtonia, jolloin se kannattaa noin 3500 kilogramman painon. Leikari mahdollistaa py\u00f6rimisen pituusakselin ymp\u00e4ri, ja est\u00e4\u00e4 esimerkiksi ilma-akrobatiakankaan kiertymisen. Alumiinista valmistetut kiinnikkeet ja varusteet vaativat kunnon tarkistuksen joka k\u00e4ytt\u00f6kerran yhteydess\u00e4, ja niit\u00e4 ei saa pudottaa kovalle lattialle edes p\u00f6yt\u00e4korkeudelta. Iskut saattavat heikent\u00e4\u00e4 murtolujuutta. Yksil\u00f6llisesti tarkastettu ja numeroitu. (CE EN354)<\/p>\n<p>Pituus 116 mm \/ Leveys 53 mm \/ Paino 160 g<\/p>\n<p>Murtumispainoraja 3500 kg, ty\u00f6skentelypainoraja 500 kg.<\/p>\n","protected":false},"excerpt":{"rendered":"<p>Laakeroitu leikari eli &#8221;swiveli&#8221;, joka on valmistettu kuumataotusta alumiinista. Yksi vahvimmista markkinoilla olevista alumiinileikareista. Leikarin murtolujuus on 35 kilonewtonia, jolloin se kannattaa noin 3500 kilogramman painon. Leikari mahdollistaa py\u00f6rimisen pituusakselin ymp\u00e4ri, ja est\u00e4\u00e4 esimerkiksi ilma-akrobatiakankaan kiertymisen. Alumiinista valmistetut kiinnikkeet ja varusteet vaativat kunnon tarkistuksen joka k\u00e4ytt\u00f6kerran yhteydess\u00e4, ja niit\u00e4 ei saa pudottaa kovalle lattialle edes [&hellip;]<\/p>\n","protected":false},"featured_media":4145,"template":"","meta":{"site-sidebar-layout":"default","site-content-layout":"default","ast-site-content-layout":"default","site-content-style":"default","site-sidebar-style":"default","ast-global-header-display":"","ast-banner-title-visibility":"","ast-main-header-display":"","ast-hfb-above-header-display":"","ast-hfb-below-header-display":"","ast-hfb-mobile-header-display":"","site-post-title":"","ast-breadcrumbs-content":"","ast-featured-img":"","footer-sml-layout":"","theme-transparent-header-meta":"default","adv-header-id-meta":"","stick-header-meta":"","header-above-stick-meta":"","header-main-stick-meta":"","header-below-stick-meta":"","astra-migrate-meta-layouts":"set","ast-page-background-enabled":"default","ast-page-background-meta":{"desktop":{"background-color":"","background-image":"","background-repeat":"repeat","background-position":"center center","background-size":"auto","background-attachment":"scroll","background-type":"","background-media":"","overlay-type":"","overlay-color":"","overlay-opacity":"","overlay-gradient":""},"tablet":{"background-color":"","background-image":"","background-repeat":"repeat","background-position":"center center","background-size":"auto","background-attachment":"scroll","background-type":"","background-media":"","overlay-type":"","overlay-color":"","overlay-opacity":"","overlay-gradient":""},"mobile":{"background-color":"","background-image":"","background-repeat":"repeat","background-position":"center center","background-size":"auto","background-attachment":"scroll","background-type":"","background-media":"","overlay-type":"","overlay-color":"","overlay-opacity":"","overlay-gradient":""}},"ast-content-background-meta":{"desktop":{"background-color":"var(--ast-global-color-5)","background-image":"","background-repeat":"repeat","background-position":"center center","background-size":"auto","background-attachment":"scroll","background-type":"","background-media":"","overlay-type":"","overlay-color":"","overlay-opacity":"","overlay-gradient":""},"tablet":{"background-color":"var(--ast-global-color-5)","background-image":"","background-repeat":"repeat","background-position":"center center","background-size":"auto","background-attachment":"scroll","background-type":"","background-media":"","overlay-type":"","overlay-color":"","overlay-opacity":"","overlay-gradient":""},"mobile":{"background-color":"var(--ast-global-color-5)","background-image":"","background-repeat":"repeat","background-position":"center center","background-size":"auto","background-attachment":"scroll","background-type":"","background-media":"","overlay-type":"","overlay-color":"","overlay-opacity":"","overlay-gradient":""}}},"product_brand":[],"product_cat":[119],"product_tag":[117,201,94,199,715,615,190,714,200],"class_list":{"0":"post-4144","1":"product","2":"type-product","3":"status-publish","4":"has-post-thumbnail","6":"product_cat-ripustus","7":"product_tag-alumiini","8":"product_tag-camp","9":"product_tag-ilma-akrobatia","10":"product_tag-leikari","11":"product_tag-pyoriva","12":"product_tag-riggaus","13":"product_tag-ripustus","14":"product_tag-sviveli","15":"product_tag-swiveli","16":"desktop-align-center","17":"tablet-align-left","18":"mobile-align-left","20":"first","21":"instock","22":"taxable","23":"shipping-taxable","24":"purchasable","25":"product-type-simple"},"_links":{"self":[{"href":"https:\/\/sirkussirkus.com\/kauppa\/wp-json\/wp\/v2\/product\/4144","targetHints":{"allow":["GET"]}}],"collection":[{"href":"https:\/\/sirkussirkus.com\/kauppa\/wp-json\/wp\/v2\/product"}],"about":[{"href":"https:\/\/sirkussirkus.com\/kauppa\/wp-json\/wp\/v2\/types\/product"}],"version-history":[{"count":3,"href":"https:\/\/sirkussirkus.com\/kauppa\/wp-json\/wp\/v2\/product\/4144\/revisions"}],"predecessor-version":[{"id":8920,"href":"https:\/\/sirkussirkus.com\/kauppa\/wp-json\/wp\/v2\/product\/4144\/revisions\/8920"}],"wp:featuredmedia":[{"embeddable":true,"href":"https:\/\/sirkussirkus.com\/kauppa\/wp-json\/wp\/v2\/media\/4145"}],"wp:attachment":[{"href":"https:\/\/sirkussirkus.com\/kauppa\/wp-json\/wp\/v2\/media?parent=4144"}],"wp:term":[{"taxonomy":"product_brand","embeddable":true,"href":"https:\/\/sirkussirkus.com\/kauppa\/wp-json\/wp\/v2\/product_brand?post=4144"},{"taxonomy":"product_cat","embeddable":true,"href":"https:\/\/sirkussirkus.com\/kauppa\/wp-json\/wp\/v2\/product_cat?post=4144"},{"taxonomy":"product_tag","embeddable":true,"href":"https:\/\/sirkussirkus.com\/kauppa\/wp-json\/wp\/v2\/product_tag?post=4144"}],"curies":[{"name":"wp","href":"https:\/\/api.w.org\/{rel}","templated":true}]}}