{"id":4119,"date":"2022-05-05T15:17:52","date_gmt":"2022-05-05T15:17:52","guid":{"rendered":"https:\/\/sirkussirkus.com\/kauppa\/?post_type=product&#038;p=4119"},"modified":"2026-02-20T09:44:18","modified_gmt":"2026-02-20T09:44:18","slug":"firetoys-kasilenkki","status":"publish","type":"product","link":"https:\/\/sirkussirkus.com\/kauppa\/product\/firetoys-kasilenkki\/","title":{"rendered":"Firetoys &#8211; K\u00e4silenkki"},"content":{"rendered":"<p>Eritt\u00e4in kest\u00e4v\u00e4 ja eritt\u00e4in mukava k\u00e4silenkki esimerkiksi rengastrapetsin tai k\u00f6yden kiinnityspisteen kanssa k\u00e4ytett\u00e4v\u00e4ksi. K\u00e4silenkki on p\u00e4\u00e4llystetty puuvillasukalla samoin kuin Firetoysin p\u00e4\u00e4llystetyt ilma-akrobatiak\u00f6ydet.<\/p>\n<p>Lenkiss\u00e4 on mukana kiristett\u00e4v\u00e4 lukkolenkki, jota voi k\u00e4ytt\u00e4\u00e4 lis\u00e4varmistuksena lipe\u00e4misen varalta. K\u00e4silenkki\u00e4 voi my\u00f6s k\u00e4ytt\u00e4\u00e4 voimaharjoitteluun tai ranteen kuntoutukseen haluamallaan tavalla.<\/p>\n<p>Pituus 49 cm<\/p>\n<p>Ty\u00f6skentelypainoraja 1700 kg<\/p>\n","protected":false},"excerpt":{"rendered":"<p>Eritt\u00e4in kest\u00e4v\u00e4 ja eritt\u00e4in mukava k\u00e4silenkki esimerkiksi rengastrapetsin tai k\u00f6yden kiinnityspisteen kanssa k\u00e4ytett\u00e4v\u00e4ksi. K\u00e4silenkki on p\u00e4\u00e4llystetty puuvillasukalla samoin kuin Firetoysin p\u00e4\u00e4llystetyt ilma-akrobatiak\u00f6ydet. Lenkiss\u00e4 on mukana kiristett\u00e4v\u00e4 lukkolenkki, jota voi k\u00e4ytt\u00e4\u00e4 lis\u00e4varmistuksena lipe\u00e4misen varalta. K\u00e4silenkki\u00e4 voi my\u00f6s k\u00e4ytt\u00e4\u00e4 voimaharjoitteluun tai ranteen kuntoutukseen haluamallaan tavalla. Pituus 49 cm Ty\u00f6skentelypainoraja 1700 kg<\/p>\n","protected":false},"featured_media":4120,"template":"","meta":{"site-sidebar-layout":"default","site-content-layout":"default","ast-site-content-layout":"default","site-content-style":"default","site-sidebar-style":"default","ast-global-header-display":"","ast-banner-title-visibility":"","ast-main-header-display":"","ast-hfb-above-header-display":"","ast-hfb-below-header-display":"","ast-hfb-mobile-header-display":"","site-post-title":"","ast-breadcrumbs-content":"","ast-featured-img":"","footer-sml-layout":"","theme-transparent-header-meta":"default","adv-header-id-meta":"","stick-header-meta":"","header-above-stick-meta":"","header-main-stick-meta":"","header-below-stick-meta":"","astra-migrate-meta-layouts":"set","ast-page-background-enabled":"default","ast-page-background-meta":{"desktop":{"background-color":"","background-image":"","background-repeat":"repeat","background-position":"center center","background-size":"auto","background-attachment":"scroll","background-type":"","background-media":"","overlay-type":"","overlay-color":"","overlay-opacity":"","overlay-gradient":""},"tablet":{"background-color":"","background-image":"","background-repeat":"repeat","background-position":"center center","background-size":"auto","background-attachment":"scroll","background-type":"","background-media":"","overlay-type":"","overlay-color":"","overlay-opacity":"","overlay-gradient":""},"mobile":{"background-color":"","background-image":"","background-repeat":"repeat","background-position":"center center","background-size":"auto","background-attachment":"scroll","background-type":"","background-media":"","overlay-type":"","overlay-color":"","overlay-opacity":"","overlay-gradient":""}},"ast-content-background-meta":{"desktop":{"background-color":"var(--ast-global-color-5)","background-image":"","background-repeat":"repeat","background-position":"center center","background-size":"auto","background-attachment":"scroll","background-type":"","background-media":"","overlay-type":"","overlay-color":"","overlay-opacity":"","overlay-gradient":""},"tablet":{"background-color":"var(--ast-global-color-5)","background-image":"","background-repeat":"repeat","background-position":"center center","background-size":"auto","background-attachment":"scroll","background-type":"","background-media":"","overlay-type":"","overlay-color":"","overlay-opacity":"","overlay-gradient":""},"mobile":{"background-color":"var(--ast-global-color-5)","background-image":"","background-repeat":"repeat","background-position":"center center","background-size":"auto","background-attachment":"scroll","background-type":"","background-media":"","overlay-type":"","overlay-color":"","overlay-opacity":"","overlay-gradient":""}}},"product_brand":[],"product_cat":[121,68,119],"product_tag":[184,94,188,228,214,92,190],"class_list":{"0":"post-4119","1":"product","2":"type-product","3":"status-publish","4":"has-post-thumbnail","6":"product_cat-koydet","7":"product_cat-rengastrapetsit","8":"product_cat-ripustus","9":"product_tag-firetoys","10":"product_tag-ilma-akrobatia","11":"product_tag-kasilenkki","12":"product_tag-koysi","13":"product_tag-lenkki","14":"product_tag-rengastrapetsi","15":"product_tag-ripustus","16":"desktop-align-center","17":"tablet-align-left","18":"mobile-align-left","20":"first","21":"instock","22":"taxable","23":"shipping-taxable","24":"purchasable","25":"product-type-variable","26":"has-default-attributes"},"_links":{"self":[{"href":"https:\/\/sirkussirkus.com\/kauppa\/wp-json\/wp\/v2\/product\/4119","targetHints":{"allow":["GET"]}}],"collection":[{"href":"https:\/\/sirkussirkus.com\/kauppa\/wp-json\/wp\/v2\/product"}],"about":[{"href":"https:\/\/sirkussirkus.com\/kauppa\/wp-json\/wp\/v2\/types\/product"}],"version-history":[{"count":2,"href":"https:\/\/sirkussirkus.com\/kauppa\/wp-json\/wp\/v2\/product\/4119\/revisions"}],"predecessor-version":[{"id":8848,"href":"https:\/\/sirkussirkus.com\/kauppa\/wp-json\/wp\/v2\/product\/4119\/revisions\/8848"}],"wp:featuredmedia":[{"embeddable":true,"href":"https:\/\/sirkussirkus.com\/kauppa\/wp-json\/wp\/v2\/media\/4120"}],"wp:attachment":[{"href":"https:\/\/sirkussirkus.com\/kauppa\/wp-json\/wp\/v2\/media?parent=4119"}],"wp:term":[{"taxonomy":"product_brand","embeddable":true,"href":"https:\/\/sirkussirkus.com\/kauppa\/wp-json\/wp\/v2\/product_brand?post=4119"},{"taxonomy":"product_cat","embeddable":true,"href":"https:\/\/sirkussirkus.com\/kauppa\/wp-json\/wp\/v2\/product_cat?post=4119"},{"taxonomy":"product_tag","embeddable":true,"href":"https:\/\/sirkussirkus.com\/kauppa\/wp-json\/wp\/v2\/product_tag?post=4119"}],"curies":[{"name":"wp","href":"https:\/\/api.w.org\/{rel}","templated":true}]}}