{"id":4087,"date":"2022-05-05T15:02:19","date_gmt":"2022-05-05T15:02:19","guid":{"rendered":"https:\/\/sirkussirkus.com\/kauppa\/?post_type=product&#038;p=4087"},"modified":"2026-02-10T12:12:22","modified_gmt":"2026-02-10T12:12:22","slug":"stage-ball-72mm-matta","status":"publish","type":"product","link":"https:\/\/sirkussirkus.com\/kauppa\/product\/stage-ball-72mm-matta\/","title":{"rendered":"Stage Ball 72mm (matta)"},"content":{"rendered":"<p>Nimens\u00e4 mukaisesti n\u00e4ytt\u00e4m\u00f6pallo. Ontto paksupintainen hieman joustava ja pienesti pomppaava muovipallo, joka on k\u00e4yt\u00e4nn\u00f6ss\u00e4 tuhoutumaton. Matta pinta. Hyv\u00e4 pito. Toimii hyvin my\u00f6s kontaktijongleerauksessa. Vierii hyvin keholla ja lattialla aina \u00e4rsytt\u00e4v\u00e4n kauas.<\/p>\n<p>Halkaisija 72 mm \/ Paino 110 g<\/p>\n","protected":false},"excerpt":{"rendered":"<p>Nimens\u00e4 mukaisesti n\u00e4ytt\u00e4m\u00f6pallo. Ontto paksupintainen hieman joustava ja pienesti pomppaava muovipallo, joka on k\u00e4yt\u00e4nn\u00f6ss\u00e4 tuhoutumaton. Matta pinta. Hyv\u00e4 pito. Toimii hyvin my\u00f6s kontaktijongleerauksessa. Vierii hyvin keholla ja lattialla aina \u00e4rsytt\u00e4v\u00e4n kauas. Halkaisija 72 mm \/ Paino 110 g<\/p>\n","protected":false},"featured_media":4095,"template":"","meta":{"site-sidebar-layout":"default","site-content-layout":"default","ast-site-content-layout":"default","site-content-style":"default","site-sidebar-style":"default","ast-global-header-display":"","ast-banner-title-visibility":"","ast-main-header-display":"","ast-hfb-above-header-display":"","ast-hfb-below-header-display":"","ast-hfb-mobile-header-display":"","site-post-title":"","ast-breadcrumbs-content":"","ast-featured-img":"","footer-sml-layout":"","theme-transparent-header-meta":"default","adv-header-id-meta":"","stick-header-meta":"","header-above-stick-meta":"","header-main-stick-meta":"","header-below-stick-meta":"","astra-migrate-meta-layouts":"default","ast-page-background-enabled":"default","ast-page-background-meta":{"desktop":{"background-color":"","background-image":"","background-repeat":"repeat","background-position":"center center","background-size":"auto","background-attachment":"scroll","background-type":"","background-media":"","overlay-type":"","overlay-color":"","overlay-opacity":"","overlay-gradient":""},"tablet":{"background-color":"","background-image":"","background-repeat":"repeat","background-position":"center center","background-size":"auto","background-attachment":"scroll","background-type":"","background-media":"","overlay-type":"","overlay-color":"","overlay-opacity":"","overlay-gradient":""},"mobile":{"background-color":"","background-image":"","background-repeat":"repeat","background-position":"center center","background-size":"auto","background-attachment":"scroll","background-type":"","background-media":"","overlay-type":"","overlay-color":"","overlay-opacity":"","overlay-gradient":""}},"ast-content-background-meta":{"desktop":{"background-color":"var(--ast-global-color-5)","background-image":"","background-repeat":"repeat","background-position":"center center","background-size":"auto","background-attachment":"scroll","background-type":"","background-media":"","overlay-type":"","overlay-color":"","overlay-opacity":"","overlay-gradient":""},"tablet":{"background-color":"var(--ast-global-color-5)","background-image":"","background-repeat":"repeat","background-position":"center center","background-size":"auto","background-attachment":"scroll","background-type":"","background-media":"","overlay-type":"","overlay-color":"","overlay-opacity":"","overlay-gradient":""},"mobile":{"background-color":"var(--ast-global-color-5)","background-image":"","background-repeat":"repeat","background-position":"center center","background-size":"auto","background-attachment":"scroll","background-type":"","background-media":"","overlay-type":"","overlay-color":"","overlay-opacity":"","overlay-gradient":""}}},"product_brand":[],"product_cat":[55],"product_tag":[185,80,186,56,57],"class_list":{"0":"post-4087","1":"product","2":"type-product","3":"status-publish","4":"has-post-thumbnail","6":"product_cat-jongleerauspallot","7":"product_tag-185","8":"product_tag-jongleeraus","9":"product_tag-matta","10":"product_tag-pallo","11":"product_tag-pallot","12":"desktop-align-center","13":"tablet-align-left","14":"mobile-align-left","16":"first","17":"instock","18":"taxable","19":"shipping-taxable","20":"purchasable","21":"product-type-variable","22":"has-default-attributes"},"_links":{"self":[{"href":"https:\/\/sirkussirkus.com\/kauppa\/wp-json\/wp\/v2\/product\/4087","targetHints":{"allow":["GET"]}}],"collection":[{"href":"https:\/\/sirkussirkus.com\/kauppa\/wp-json\/wp\/v2\/product"}],"about":[{"href":"https:\/\/sirkussirkus.com\/kauppa\/wp-json\/wp\/v2\/types\/product"}],"version-history":[{"count":2,"href":"https:\/\/sirkussirkus.com\/kauppa\/wp-json\/wp\/v2\/product\/4087\/revisions"}],"predecessor-version":[{"id":5534,"href":"https:\/\/sirkussirkus.com\/kauppa\/wp-json\/wp\/v2\/product\/4087\/revisions\/5534"}],"wp:featuredmedia":[{"embeddable":true,"href":"https:\/\/sirkussirkus.com\/kauppa\/wp-json\/wp\/v2\/media\/4095"}],"wp:attachment":[{"href":"https:\/\/sirkussirkus.com\/kauppa\/wp-json\/wp\/v2\/media?parent=4087"}],"wp:term":[{"taxonomy":"product_brand","embeddable":true,"href":"https:\/\/sirkussirkus.com\/kauppa\/wp-json\/wp\/v2\/product_brand?post=4087"},{"taxonomy":"product_cat","embeddable":true,"href":"https:\/\/sirkussirkus.com\/kauppa\/wp-json\/wp\/v2\/product_cat?post=4087"},{"taxonomy":"product_tag","embeddable":true,"href":"https:\/\/sirkussirkus.com\/kauppa\/wp-json\/wp\/v2\/product_tag?post=4087"}],"curies":[{"name":"wp","href":"https:\/\/api.w.org\/{rel}","templated":true}]}}