{"id":4080,"date":"2022-05-05T14:58:15","date_gmt":"2022-05-05T14:58:15","guid":{"rendered":"https:\/\/sirkussirkus.com\/kauppa\/?post_type=product&#038;p=4080"},"modified":"2025-02-14T20:10:35","modified_gmt":"2025-02-14T20:10:35","slug":"valopallo-70mm-oranssi","status":"publish","type":"product","link":"https:\/\/sirkussirkus.com\/kauppa\/product\/valopallo-70mm-oranssi\/","title":{"rendered":"LED Valopallo 70mm"},"content":{"rendered":"<p>Yksikertainen ja kest\u00e4v\u00e4 Firetoys-valopallo. T\u00e4ll\u00e4 hetkell\u00e4 vain oranssina. Sopiva paino, hyv\u00e4 pit\u00e4v\u00e4 pinta ja mukava pehme\u00e4 kuori. Pallo on hyvin kest\u00e4v\u00e4, ja valo jakautuu pintaan tasaisesti ja kauniisti. Patterikorkki on hyvin suojassa syvemm\u00e4ll\u00e4 pintaa, mutta suosittelemme harjoittelua pehme\u00e4ll\u00e4 alustalla. Korkki on pallon ainoa heikko kohta.<\/p>\n<p>Vain yksi asetus valolle. Toimii paristoilla. Saatavana kolmessa v\u00e4riss\u00e4 t\u00e4ll\u00e4 hetkell\u00e4. Valkoinen, oranssi ja sininen. Muut v\u00e4rit tilauksesta.<\/p>\n<p>Paristot: kolme LR44-nappiparistoa. Paristot sis\u00e4ltyv\u00e4t hintaan.<\/p>\n<p>Halkaisija 70 mm \/ Paino 155 g<\/p>\n","protected":false},"excerpt":{"rendered":"<p>Yksikertainen ja kest\u00e4v\u00e4 Firetoys-valopallo. T\u00e4ll\u00e4 hetkell\u00e4 vain oranssina. Sopiva paino, hyv\u00e4 pit\u00e4v\u00e4 pinta ja mukava pehme\u00e4 kuori. Pallo on hyvin kest\u00e4v\u00e4, ja valo jakautuu pintaan tasaisesti ja kauniisti. Patterikorkki on hyvin suojassa syvemm\u00e4ll\u00e4 pintaa, mutta suosittelemme harjoittelua pehme\u00e4ll\u00e4 alustalla. Korkki on pallon ainoa heikko kohta. Vain yksi asetus valolle. Toimii paristoilla. Saatavana kolmessa v\u00e4riss\u00e4 t\u00e4ll\u00e4 [&hellip;]<\/p>\n","protected":false},"featured_media":5899,"template":"","meta":{"site-sidebar-layout":"default","site-content-layout":"default","ast-site-content-layout":"default","site-content-style":"default","site-sidebar-style":"default","ast-global-header-display":"","ast-banner-title-visibility":"","ast-main-header-display":"","ast-hfb-above-header-display":"","ast-hfb-below-header-display":"","ast-hfb-mobile-header-display":"","site-post-title":"","ast-breadcrumbs-content":"","ast-featured-img":"","footer-sml-layout":"","theme-transparent-header-meta":"default","adv-header-id-meta":"","stick-header-meta":"","header-above-stick-meta":"","header-main-stick-meta":"","header-below-stick-meta":"","astra-migrate-meta-layouts":"set","ast-page-background-enabled":"default","ast-page-background-meta":{"desktop":{"background-color":"","background-image":"","background-repeat":"repeat","background-position":"center center","background-size":"auto","background-attachment":"scroll","background-type":"","background-media":"","overlay-type":"","overlay-color":"","overlay-opacity":"","overlay-gradient":""},"tablet":{"background-color":"","background-image":"","background-repeat":"repeat","background-position":"center center","background-size":"auto","background-attachment":"scroll","background-type":"","background-media":"","overlay-type":"","overlay-color":"","overlay-opacity":"","overlay-gradient":""},"mobile":{"background-color":"","background-image":"","background-repeat":"repeat","background-position":"center center","background-size":"auto","background-attachment":"scroll","background-type":"","background-media":"","overlay-type":"","overlay-color":"","overlay-opacity":"","overlay-gradient":""}},"ast-content-background-meta":{"desktop":{"background-color":"var(--ast-global-color-5)","background-image":"","background-repeat":"repeat","background-position":"center center","background-size":"auto","background-attachment":"scroll","background-type":"","background-media":"","overlay-type":"","overlay-color":"","overlay-opacity":"","overlay-gradient":""},"tablet":{"background-color":"var(--ast-global-color-5)","background-image":"","background-repeat":"repeat","background-position":"center center","background-size":"auto","background-attachment":"scroll","background-type":"","background-media":"","overlay-type":"","overlay-color":"","overlay-opacity":"","overlay-gradient":""},"mobile":{"background-color":"var(--ast-global-color-5)","background-image":"","background-repeat":"repeat","background-position":"center center","background-size":"auto","background-attachment":"scroll","background-type":"","background-media":"","overlay-type":"","overlay-color":"","overlay-opacity":"","overlay-gradient":""}}},"product_brand":[],"product_cat":[55,677,452],"product_tag":[182,184,424,56,57,702,183,701],"class_list":{"0":"post-4080","1":"product","2":"type-product","3":"status-publish","4":"has-post-thumbnail","6":"product_cat-jongleerauspallot","7":"product_cat-uutuudet","8":"product_cat-led-valineet","9":"product_tag-182","10":"product_tag-firetoys","11":"product_tag-led","12":"product_tag-pallo","13":"product_tag-pallot","14":"product_tag-paristo","15":"product_tag-valo","16":"product_tag-valopallo","17":"desktop-align-center","18":"tablet-align-left","19":"mobile-align-left","21":"first","22":"instock","23":"taxable","24":"shipping-taxable","25":"purchasable","26":"product-type-variable"},"_links":{"self":[{"href":"https:\/\/sirkussirkus.com\/kauppa\/wp-json\/wp\/v2\/product\/4080","targetHints":{"allow":["GET"]}}],"collection":[{"href":"https:\/\/sirkussirkus.com\/kauppa\/wp-json\/wp\/v2\/product"}],"about":[{"href":"https:\/\/sirkussirkus.com\/kauppa\/wp-json\/wp\/v2\/types\/product"}],"version-history":[{"count":5,"href":"https:\/\/sirkussirkus.com\/kauppa\/wp-json\/wp\/v2\/product\/4080\/revisions"}],"predecessor-version":[{"id":6796,"href":"https:\/\/sirkussirkus.com\/kauppa\/wp-json\/wp\/v2\/product\/4080\/revisions\/6796"}],"wp:featuredmedia":[{"embeddable":true,"href":"https:\/\/sirkussirkus.com\/kauppa\/wp-json\/wp\/v2\/media\/5899"}],"wp:attachment":[{"href":"https:\/\/sirkussirkus.com\/kauppa\/wp-json\/wp\/v2\/media?parent=4080"}],"wp:term":[{"taxonomy":"product_brand","embeddable":true,"href":"https:\/\/sirkussirkus.com\/kauppa\/wp-json\/wp\/v2\/product_brand?post=4080"},{"taxonomy":"product_cat","embeddable":true,"href":"https:\/\/sirkussirkus.com\/kauppa\/wp-json\/wp\/v2\/product_cat?post=4080"},{"taxonomy":"product_tag","embeddable":true,"href":"https:\/\/sirkussirkus.com\/kauppa\/wp-json\/wp\/v2\/product_tag?post=4080"}],"curies":[{"name":"wp","href":"https:\/\/api.w.org\/{rel}","templated":true}]}}