{"id":4068,"date":"2022-05-05T14:49:41","date_gmt":"2022-05-05T14:49:41","guid":{"rendered":"https:\/\/sirkussirkus.com\/kauppa\/?post_type=product&#038;p=4068"},"modified":"2023-12-05T10:25:51","modified_gmt":"2023-12-05T10:25:51","slug":"turbo-bouncing-ball-69mm","status":"publish","type":"product","link":"https:\/\/sirkussirkus.com\/kauppa\/product\/turbo-bouncing-ball-69mm\/","title":{"rendered":"Turbo Bouncing Ball 69mm"},"content":{"rendered":"<p>Mister Babachen edullinen mutta laadukas vaihtoehto kalliille silikonipomppupallolle. Pinnassa miellytt\u00e4v\u00e4 viimeistely ja hyv\u00e4 pito. Pomppu on yht\u00e4 hyv\u00e4 kuin silikonipallossa, mutta pallomateriaali on arka kylmyydelle. +15 asteen l\u00e4mm\u00f6st\u00e4 alasp\u00e4in pomppu huononee huomattavasti. Muutoin erinomainen pomppupallo hyv\u00e4ll\u00e4 hintalaatusuhteella. Kes\u00e4keleill\u00e4 ja sis\u00e4tiloissa toimii moitteetta.<\/p>\n<p>69 mm \/ 190 g<\/p>\n","protected":false},"excerpt":{"rendered":"<p>Mister Babachen edullinen mutta laadukas vaihtoehto kalliille silikonipomppupallolle. Pinnassa miellytt\u00e4v\u00e4 viimeistely ja hyv\u00e4 pito. Pomppu on yht\u00e4 hyv\u00e4 kuin silikonipallossa, mutta pallomateriaali on arka kylmyydelle. +15 asteen l\u00e4mm\u00f6st\u00e4 alasp\u00e4in pomppu huononee huomattavasti. Muutoin erinomainen pomppupallo hyv\u00e4ll\u00e4 hintalaatusuhteella. Kes\u00e4keleill\u00e4 ja sis\u00e4tiloissa toimii moitteetta. 69 mm \/ 190 g<\/p>\n","protected":false},"featured_media":4069,"template":"","meta":{"site-sidebar-layout":"default","site-content-layout":"default","ast-site-content-layout":"default","site-content-style":"default","site-sidebar-style":"default","ast-global-header-display":"","ast-banner-title-visibility":"","ast-main-header-display":"","ast-hfb-above-header-display":"","ast-hfb-below-header-display":"","ast-hfb-mobile-header-display":"","site-post-title":"","ast-breadcrumbs-content":"","ast-featured-img":"","footer-sml-layout":"","theme-transparent-header-meta":"default","adv-header-id-meta":"","stick-header-meta":"","header-above-stick-meta":"","header-main-stick-meta":"","header-below-stick-meta":"","astra-migrate-meta-layouts":"default","ast-page-background-enabled":"default","ast-page-background-meta":{"desktop":{"background-color":"","background-image":"","background-repeat":"repeat","background-position":"center center","background-size":"auto","background-attachment":"scroll","background-type":"","background-media":"","overlay-type":"","overlay-color":"","overlay-opacity":"","overlay-gradient":""},"tablet":{"background-color":"","background-image":"","background-repeat":"repeat","background-position":"center center","background-size":"auto","background-attachment":"scroll","background-type":"","background-media":"","overlay-type":"","overlay-color":"","overlay-opacity":"","overlay-gradient":""},"mobile":{"background-color":"","background-image":"","background-repeat":"repeat","background-position":"center center","background-size":"auto","background-attachment":"scroll","background-type":"","background-media":"","overlay-type":"","overlay-color":"","overlay-opacity":"","overlay-gradient":""}},"ast-content-background-meta":{"desktop":{"background-color":"var(--ast-global-color-5)","background-image":"","background-repeat":"repeat","background-position":"center center","background-size":"auto","background-attachment":"scroll","background-type":"","background-media":"","overlay-type":"","overlay-color":"","overlay-opacity":"","overlay-gradient":""},"tablet":{"background-color":"var(--ast-global-color-5)","background-image":"","background-repeat":"repeat","background-position":"center center","background-size":"auto","background-attachment":"scroll","background-type":"","background-media":"","overlay-type":"","overlay-color":"","overlay-opacity":"","overlay-gradient":""},"mobile":{"background-color":"var(--ast-global-color-5)","background-image":"","background-repeat":"repeat","background-position":"center center","background-size":"auto","background-attachment":"scroll","background-type":"","background-media":"","overlay-type":"","overlay-color":"","overlay-opacity":"","overlay-gradient":""}}},"product_brand":[],"product_cat":[55],"product_tag":[180,149,148,56,57,635],"class_list":{"0":"post-4068","1":"product","2":"type-product","3":"status-publish","4":"has-post-thumbnail","6":"product_cat-jongleerauspallot","7":"product_tag-180","8":"product_tag-babache","9":"product_tag-mister-babache","10":"product_tag-pallo","11":"product_tag-pallot","12":"product_tag-pomppu","13":"desktop-align-center","14":"tablet-align-left","15":"mobile-align-left","17":"first","18":"instock","19":"taxable","20":"shipping-taxable","21":"purchasable","22":"product-type-variable","23":"has-default-attributes"},"_links":{"self":[{"href":"https:\/\/sirkussirkus.com\/kauppa\/wp-json\/wp\/v2\/product\/4068","targetHints":{"allow":["GET"]}}],"collection":[{"href":"https:\/\/sirkussirkus.com\/kauppa\/wp-json\/wp\/v2\/product"}],"about":[{"href":"https:\/\/sirkussirkus.com\/kauppa\/wp-json\/wp\/v2\/types\/product"}],"version-history":[{"count":1,"href":"https:\/\/sirkussirkus.com\/kauppa\/wp-json\/wp\/v2\/product\/4068\/revisions"}],"predecessor-version":[{"id":4076,"href":"https:\/\/sirkussirkus.com\/kauppa\/wp-json\/wp\/v2\/product\/4068\/revisions\/4076"}],"wp:featuredmedia":[{"embeddable":true,"href":"https:\/\/sirkussirkus.com\/kauppa\/wp-json\/wp\/v2\/media\/4069"}],"wp:attachment":[{"href":"https:\/\/sirkussirkus.com\/kauppa\/wp-json\/wp\/v2\/media?parent=4068"}],"wp:term":[{"taxonomy":"product_brand","embeddable":true,"href":"https:\/\/sirkussirkus.com\/kauppa\/wp-json\/wp\/v2\/product_brand?post=4068"},{"taxonomy":"product_cat","embeddable":true,"href":"https:\/\/sirkussirkus.com\/kauppa\/wp-json\/wp\/v2\/product_cat?post=4068"},{"taxonomy":"product_tag","embeddable":true,"href":"https:\/\/sirkussirkus.com\/kauppa\/wp-json\/wp\/v2\/product_tag?post=4068"}],"curies":[{"name":"wp","href":"https:\/\/api.w.org\/{rel}","templated":true}]}}