{"id":4053,"date":"2022-05-05T14:35:20","date_gmt":"2022-05-05T14:35:20","guid":{"rendered":"https:\/\/sirkussirkus.com\/kauppa\/?post_type=product&#038;p=4053"},"modified":"2024-11-29T09:53:16","modified_gmt":"2024-11-29T09:53:16","slug":"spotlight-silicone-64mm","status":"publish","type":"product","link":"https:\/\/sirkussirkus.com\/kauppa\/product\/spotlight-silicone-64mm\/","title":{"rendered":"Spotlight Silicone 64mm"},"content":{"rendered":"<p>Spotlight-silikonipallot valmistetaan yli kahdenkymmenen vuoden kokemuksella ja niit\u00e4 k\u00e4ytt\u00e4v\u00e4t artistit ja jongleerausryhm\u00e4t ymp\u00e4ri maailmaa. Erinomainen suorituskyky ja n\u00e4kyvyys yhdistyv\u00e4t t\u00e4ss\u00e4 laatupallossa parhaalla mahdollisella tavalla. Pehme\u00e4 tuntuma, erinomainen hallinta sek\u00e4 vastustuskyky kosteudelle ja vaihteleville l\u00e4mp\u00f6tiloille tekev\u00e4t t\u00e4st\u00e4 pallosta parhaan mahdollisen vaihtoehdon esiintyv\u00e4lle pompottovalle jongl\u00f6\u00f6rille.<\/p>\n<p>64 mm (2,5&#8243;) \/ 154 g<\/p>\n<p>HUOM! Kappalehinta. V\u00e4rin\u00e4 vain valkoinen.<\/p>\n<p>64 mm on klassinen koko, joka on ollut suosituin kansainv\u00e4lisesti vuodesta 1997 l\u00e4htien. Spotlight-silikonipallo kunnioittaa Frank Fakini Radtken perint\u00f6\u00e4, joka toi silikonipallon pompotusjongleerauksen pariin.<\/p>\n","protected":false},"excerpt":{"rendered":"<p>Spotlight-silikonipallot valmistetaan yli kahdenkymmenen vuoden kokemuksella ja niit\u00e4 k\u00e4ytt\u00e4v\u00e4t artistit ja jongleerausryhm\u00e4t ymp\u00e4ri maailmaa. Erinomainen suorituskyky ja n\u00e4kyvyys yhdistyv\u00e4t t\u00e4ss\u00e4 laatupallossa parhaalla mahdollisella tavalla. Pehme\u00e4 tuntuma, erinomainen hallinta sek\u00e4 vastustuskyky kosteudelle ja vaihteleville l\u00e4mp\u00f6tiloille tekev\u00e4t t\u00e4st\u00e4 pallosta parhaan mahdollisen vaihtoehdon esiintyv\u00e4lle pompottovalle jongl\u00f6\u00f6rille. 64 mm (2,5&#8243;) \/ 154 g HUOM! Kappalehinta. V\u00e4rin\u00e4 vain valkoinen. 64 [&hellip;]<\/p>\n","protected":false},"featured_media":4054,"template":"","meta":{"site-sidebar-layout":"default","site-content-layout":"default","ast-site-content-layout":"default","site-content-style":"default","site-sidebar-style":"default","ast-global-header-display":"","ast-banner-title-visibility":"","ast-main-header-display":"","ast-hfb-above-header-display":"","ast-hfb-below-header-display":"","ast-hfb-mobile-header-display":"","site-post-title":"","ast-breadcrumbs-content":"","ast-featured-img":"","footer-sml-layout":"","theme-transparent-header-meta":"default","adv-header-id-meta":"","stick-header-meta":"","header-above-stick-meta":"","header-main-stick-meta":"","header-below-stick-meta":"","astra-migrate-meta-layouts":"default","ast-page-background-enabled":"default","ast-page-background-meta":{"desktop":{"background-color":"","background-image":"","background-repeat":"repeat","background-position":"center center","background-size":"auto","background-attachment":"scroll","background-type":"","background-media":"","overlay-type":"","overlay-color":"","overlay-opacity":"","overlay-gradient":""},"tablet":{"background-color":"","background-image":"","background-repeat":"repeat","background-position":"center center","background-size":"auto","background-attachment":"scroll","background-type":"","background-media":"","overlay-type":"","overlay-color":"","overlay-opacity":"","overlay-gradient":""},"mobile":{"background-color":"","background-image":"","background-repeat":"repeat","background-position":"center center","background-size":"auto","background-attachment":"scroll","background-type":"","background-media":"","overlay-type":"","overlay-color":"","overlay-opacity":"","overlay-gradient":""}},"ast-content-background-meta":{"desktop":{"background-color":"var(--ast-global-color-5)","background-image":"","background-repeat":"repeat","background-position":"center center","background-size":"auto","background-attachment":"scroll","background-type":"","background-media":"","overlay-type":"","overlay-color":"","overlay-opacity":"","overlay-gradient":""},"tablet":{"background-color":"var(--ast-global-color-5)","background-image":"","background-repeat":"repeat","background-position":"center center","background-size":"auto","background-attachment":"scroll","background-type":"","background-media":"","overlay-type":"","overlay-color":"","overlay-opacity":"","overlay-gradient":""},"mobile":{"background-color":"var(--ast-global-color-5)","background-image":"","background-repeat":"repeat","background-position":"center center","background-size":"auto","background-attachment":"scroll","background-type":"","background-media":"","overlay-type":"","overlay-color":"","overlay-opacity":"","overlay-gradient":""}}},"product_brand":[],"product_cat":[55],"product_tag":[178,80,56,57,179,177],"class_list":{"0":"post-4053","1":"product","2":"type-product","3":"status-publish","4":"has-post-thumbnail","6":"product_cat-jongleerauspallot","7":"product_tag-178","8":"product_tag-jongleeraus","9":"product_tag-pallo","10":"product_tag-pallot","11":"product_tag-silikoni","12":"product_tag-spotlight","13":"desktop-align-center","14":"tablet-align-left","15":"mobile-align-left","17":"first","18":"instock","19":"taxable","20":"shipping-taxable","21":"purchasable","22":"product-type-simple"},"_links":{"self":[{"href":"https:\/\/sirkussirkus.com\/kauppa\/wp-json\/wp\/v2\/product\/4053","targetHints":{"allow":["GET"]}}],"collection":[{"href":"https:\/\/sirkussirkus.com\/kauppa\/wp-json\/wp\/v2\/product"}],"about":[{"href":"https:\/\/sirkussirkus.com\/kauppa\/wp-json\/wp\/v2\/types\/product"}],"version-history":[{"count":1,"href":"https:\/\/sirkussirkus.com\/kauppa\/wp-json\/wp\/v2\/product\/4053\/revisions"}],"predecessor-version":[{"id":4056,"href":"https:\/\/sirkussirkus.com\/kauppa\/wp-json\/wp\/v2\/product\/4053\/revisions\/4056"}],"wp:featuredmedia":[{"embeddable":true,"href":"https:\/\/sirkussirkus.com\/kauppa\/wp-json\/wp\/v2\/media\/4054"}],"wp:attachment":[{"href":"https:\/\/sirkussirkus.com\/kauppa\/wp-json\/wp\/v2\/media?parent=4053"}],"wp:term":[{"taxonomy":"product_brand","embeddable":true,"href":"https:\/\/sirkussirkus.com\/kauppa\/wp-json\/wp\/v2\/product_brand?post=4053"},{"taxonomy":"product_cat","embeddable":true,"href":"https:\/\/sirkussirkus.com\/kauppa\/wp-json\/wp\/v2\/product_cat?post=4053"},{"taxonomy":"product_tag","embeddable":true,"href":"https:\/\/sirkussirkus.com\/kauppa\/wp-json\/wp\/v2\/product_tag?post=4053"}],"curies":[{"name":"wp","href":"https:\/\/api.w.org\/{rel}","templated":true}]}}