{"id":4041,"date":"2022-05-05T14:26:27","date_gmt":"2022-05-05T14:26:27","guid":{"rendered":"https:\/\/sirkussirkus.com\/kauppa\/?post_type=product&#038;p=4041"},"modified":"2024-01-22T12:30:00","modified_gmt":"2024-01-22T12:30:00","slug":"red-velvet-100mm","status":"publish","type":"product","link":"https:\/\/sirkussirkus.com\/kauppa\/product\/red-velvet-100mm\/","title":{"rendered":"Red Velvet 100mm"},"content":{"rendered":"<p>Playn valmistama vallankumouksellinen kontaktijongleerauspallo. Pallo on vuorattu punaisella sametilla, joka tuntuu \u00e4\u00e4rimm\u00e4isen mukavalta ja antaa pinnalle hyv\u00e4n pidon. Pallossa on my\u00f6s mukavasti lis\u00e4tty\u00e4 painoa, joka antaa hyv\u00e4n tuntuman kontaktijongleeraustemppuihin verrattuna tavallisiin n\u00e4ytt\u00e4m\u00f6palloihin (stage ball). Erinomaisen tuntuinen ja n\u00e4k\u00f6inen pallo n\u00e4ytt\u00e4m\u00f6lle ja sis\u00e4tilaharjoituksiin. Samettia ei ole helppo pest\u00e4 tai puhdistaa ja se my\u00f6s kuluu kankaan lailla kovassa k\u00e4yt\u00f6ss\u00e4, joten pallosta tulee pit\u00e4\u00e4 hyv\u00e4\u00e4 huolta.<\/p>\n<p>100 mm \/ 260 g<\/p>\n<p>Saatavana vain punaisena yhdess\u00e4 koossa (100mm).<\/p>\n","protected":false},"excerpt":{"rendered":"<p>Playn valmistama vallankumouksellinen kontaktijongleerauspallo. Pallo on vuorattu punaisella sametilla, joka tuntuu \u00e4\u00e4rimm\u00e4isen mukavalta ja antaa pinnalle hyv\u00e4n pidon. Pallossa on my\u00f6s mukavasti lis\u00e4tty\u00e4 painoa, joka antaa hyv\u00e4n tuntuman kontaktijongleeraustemppuihin verrattuna tavallisiin n\u00e4ytt\u00e4m\u00f6palloihin (stage ball). Erinomaisen tuntuinen ja n\u00e4k\u00f6inen pallo n\u00e4ytt\u00e4m\u00f6lle ja sis\u00e4tilaharjoituksiin. Samettia ei ole helppo pest\u00e4 tai puhdistaa ja se my\u00f6s kuluu kankaan lailla [&hellip;]<\/p>\n","protected":false},"featured_media":4042,"template":"","meta":{"site-sidebar-layout":"default","site-content-layout":"default","ast-site-content-layout":"default","site-content-style":"default","site-sidebar-style":"default","ast-global-header-display":"","ast-banner-title-visibility":"","ast-main-header-display":"","ast-hfb-above-header-display":"","ast-hfb-below-header-display":"","ast-hfb-mobile-header-display":"","site-post-title":"","ast-breadcrumbs-content":"","ast-featured-img":"","footer-sml-layout":"","theme-transparent-header-meta":"default","adv-header-id-meta":"","stick-header-meta":"","header-above-stick-meta":"","header-main-stick-meta":"","header-below-stick-meta":"","astra-migrate-meta-layouts":"set","ast-page-background-enabled":"default","ast-page-background-meta":{"desktop":{"background-color":"","background-image":"","background-repeat":"repeat","background-position":"center center","background-size":"auto","background-attachment":"scroll","background-type":"","background-media":"","overlay-type":"","overlay-color":"","overlay-opacity":"","overlay-gradient":""},"tablet":{"background-color":"","background-image":"","background-repeat":"repeat","background-position":"center center","background-size":"auto","background-attachment":"scroll","background-type":"","background-media":"","overlay-type":"","overlay-color":"","overlay-opacity":"","overlay-gradient":""},"mobile":{"background-color":"","background-image":"","background-repeat":"repeat","background-position":"center center","background-size":"auto","background-attachment":"scroll","background-type":"","background-media":"","overlay-type":"","overlay-color":"","overlay-opacity":"","overlay-gradient":""}},"ast-content-background-meta":{"desktop":{"background-color":"var(--ast-global-color-5)","background-image":"","background-repeat":"repeat","background-position":"center center","background-size":"auto","background-attachment":"scroll","background-type":"","background-media":"","overlay-type":"","overlay-color":"","overlay-opacity":"","overlay-gradient":""},"tablet":{"background-color":"var(--ast-global-color-5)","background-image":"","background-repeat":"repeat","background-position":"center center","background-size":"auto","background-attachment":"scroll","background-type":"","background-media":"","overlay-type":"","overlay-color":"","overlay-opacity":"","overlay-gradient":""},"mobile":{"background-color":"var(--ast-global-color-5)","background-image":"","background-repeat":"repeat","background-position":"center center","background-size":"auto","background-attachment":"scroll","background-type":"","background-media":"","overlay-type":"","overlay-color":"","overlay-opacity":"","overlay-gradient":""}}},"product_brand":[],"product_cat":[55],"product_tag":[175,80,56,57],"class_list":{"0":"post-4041","1":"product","2":"type-product","3":"status-publish","4":"has-post-thumbnail","6":"product_cat-jongleerauspallot","7":"product_tag-175","8":"product_tag-jongleeraus","9":"product_tag-pallo","10":"product_tag-pallot","11":"desktop-align-center","12":"tablet-align-left","13":"mobile-align-left","15":"first","16":"instock","17":"taxable","18":"shipping-taxable","19":"purchasable","20":"product-type-simple"},"_links":{"self":[{"href":"https:\/\/sirkussirkus.com\/kauppa\/wp-json\/wp\/v2\/product\/4041","targetHints":{"allow":["GET"]}}],"collection":[{"href":"https:\/\/sirkussirkus.com\/kauppa\/wp-json\/wp\/v2\/product"}],"about":[{"href":"https:\/\/sirkussirkus.com\/kauppa\/wp-json\/wp\/v2\/types\/product"}],"version-history":[{"count":1,"href":"https:\/\/sirkussirkus.com\/kauppa\/wp-json\/wp\/v2\/product\/4041\/revisions"}],"predecessor-version":[{"id":4043,"href":"https:\/\/sirkussirkus.com\/kauppa\/wp-json\/wp\/v2\/product\/4041\/revisions\/4043"}],"wp:featuredmedia":[{"embeddable":true,"href":"https:\/\/sirkussirkus.com\/kauppa\/wp-json\/wp\/v2\/media\/4042"}],"wp:attachment":[{"href":"https:\/\/sirkussirkus.com\/kauppa\/wp-json\/wp\/v2\/media?parent=4041"}],"wp:term":[{"taxonomy":"product_brand","embeddable":true,"href":"https:\/\/sirkussirkus.com\/kauppa\/wp-json\/wp\/v2\/product_brand?post=4041"},{"taxonomy":"product_cat","embeddable":true,"href":"https:\/\/sirkussirkus.com\/kauppa\/wp-json\/wp\/v2\/product_cat?post=4041"},{"taxonomy":"product_tag","embeddable":true,"href":"https:\/\/sirkussirkus.com\/kauppa\/wp-json\/wp\/v2\/product_tag?post=4041"}],"curies":[{"name":"wp","href":"https:\/\/api.w.org\/{rel}","templated":true}]}}