{"id":4016,"date":"2022-05-05T14:15:45","date_gmt":"2022-05-05T14:15:45","guid":{"rendered":"https:\/\/sirkussirkus.com\/kauppa\/?post_type=product&#038;p=4016"},"modified":"2025-12-05T11:05:23","modified_gmt":"2025-12-05T11:05:23","slug":"bubble-ball-63mm","status":"publish","type":"product","link":"https:\/\/sirkussirkus.com\/kauppa\/product\/bubble-ball-63mm\/","title":{"rendered":"Bubble Ball 63mm"},"content":{"rendered":"<p>Pallo, jota on kutsuttu t\u00e4ydelliseksi n\u00e4ytt\u00e4m\u00f6pallon ja tekstiilipallon v\u00e4limuodoksi. Bubble-pallo soveltuu hienosti kokonsa puolesta lapsille ja aloittelijoille. Pallo on eritt\u00e4in kest\u00e4v\u00e4, ja sen voi t\u00e4ytt\u00e4\u00e4 haluamallaan t\u00e4ytteell\u00e4. Vakiot\u00e4yte pallossa on hirssi. Tulppaa ei saa poistettua ilman ty\u00f6kaluja.<\/p>\n<p>63 mm \/ 120 g<\/p>\n","protected":false},"excerpt":{"rendered":"<p>Pallo, jota on kutsuttu t\u00e4ydelliseksi n\u00e4ytt\u00e4m\u00f6pallon ja tekstiilipallon v\u00e4limuodoksi. Bubble-pallo soveltuu hienosti kokonsa puolesta lapsille ja aloittelijoille. Pallo on eritt\u00e4in kest\u00e4v\u00e4, ja sen voi t\u00e4ytt\u00e4\u00e4 haluamallaan t\u00e4ytteell\u00e4. Vakiot\u00e4yte pallossa on hirssi. Tulppaa ei saa poistettua ilman ty\u00f6kaluja. 63 mm \/ 120 g<\/p>\n","protected":false},"featured_media":4025,"template":"","meta":{"site-sidebar-layout":"default","site-content-layout":"default","ast-site-content-layout":"default","site-content-style":"default","site-sidebar-style":"default","ast-global-header-display":"","ast-banner-title-visibility":"","ast-main-header-display":"","ast-hfb-above-header-display":"","ast-hfb-below-header-display":"","ast-hfb-mobile-header-display":"","site-post-title":"","ast-breadcrumbs-content":"","ast-featured-img":"","footer-sml-layout":"","theme-transparent-header-meta":"default","adv-header-id-meta":"","stick-header-meta":"","header-above-stick-meta":"","header-main-stick-meta":"","header-below-stick-meta":"","astra-migrate-meta-layouts":"default","ast-page-background-enabled":"default","ast-page-background-meta":{"desktop":{"background-color":"","background-image":"","background-repeat":"repeat","background-position":"center center","background-size":"auto","background-attachment":"scroll","background-type":"","background-media":"","overlay-type":"","overlay-color":"","overlay-opacity":"","overlay-gradient":""},"tablet":{"background-color":"","background-image":"","background-repeat":"repeat","background-position":"center center","background-size":"auto","background-attachment":"scroll","background-type":"","background-media":"","overlay-type":"","overlay-color":"","overlay-opacity":"","overlay-gradient":""},"mobile":{"background-color":"","background-image":"","background-repeat":"repeat","background-position":"center center","background-size":"auto","background-attachment":"scroll","background-type":"","background-media":"","overlay-type":"","overlay-color":"","overlay-opacity":"","overlay-gradient":""}},"ast-content-background-meta":{"desktop":{"background-color":"var(--ast-global-color-5)","background-image":"","background-repeat":"repeat","background-position":"center center","background-size":"auto","background-attachment":"scroll","background-type":"","background-media":"","overlay-type":"","overlay-color":"","overlay-opacity":"","overlay-gradient":""},"tablet":{"background-color":"var(--ast-global-color-5)","background-image":"","background-repeat":"repeat","background-position":"center center","background-size":"auto","background-attachment":"scroll","background-type":"","background-media":"","overlay-type":"","overlay-color":"","overlay-opacity":"","overlay-gradient":""},"mobile":{"background-color":"var(--ast-global-color-5)","background-image":"","background-repeat":"repeat","background-position":"center center","background-size":"auto","background-attachment":"scroll","background-type":"","background-media":"","overlay-type":"","overlay-color":"","overlay-opacity":"","overlay-gradient":""}}},"product_brand":[],"product_cat":[55],"product_tag":[170,171,172,80,56,57],"class_list":{"0":"post-4016","1":"product","2":"type-product","3":"status-publish","4":"has-post-thumbnail","6":"product_cat-jongleerauspallot","7":"product_tag-170","8":"product_tag-bubble","9":"product_tag-bubble-ball","10":"product_tag-jongleeraus","11":"product_tag-pallo","12":"product_tag-pallot","13":"desktop-align-center","14":"tablet-align-left","15":"mobile-align-left","17":"first","18":"outofstock","19":"taxable","20":"shipping-taxable","21":"purchasable","22":"product-type-variable"},"_links":{"self":[{"href":"https:\/\/sirkussirkus.com\/kauppa\/wp-json\/wp\/v2\/product\/4016","targetHints":{"allow":["GET"]}}],"collection":[{"href":"https:\/\/sirkussirkus.com\/kauppa\/wp-json\/wp\/v2\/product"}],"about":[{"href":"https:\/\/sirkussirkus.com\/kauppa\/wp-json\/wp\/v2\/types\/product"}],"version-history":[{"count":1,"href":"https:\/\/sirkussirkus.com\/kauppa\/wp-json\/wp\/v2\/product\/4016\/revisions"}],"predecessor-version":[{"id":4026,"href":"https:\/\/sirkussirkus.com\/kauppa\/wp-json\/wp\/v2\/product\/4016\/revisions\/4026"}],"wp:featuredmedia":[{"embeddable":true,"href":"https:\/\/sirkussirkus.com\/kauppa\/wp-json\/wp\/v2\/media\/4025"}],"wp:attachment":[{"href":"https:\/\/sirkussirkus.com\/kauppa\/wp-json\/wp\/v2\/media?parent=4016"}],"wp:term":[{"taxonomy":"product_brand","embeddable":true,"href":"https:\/\/sirkussirkus.com\/kauppa\/wp-json\/wp\/v2\/product_brand?post=4016"},{"taxonomy":"product_cat","embeddable":true,"href":"https:\/\/sirkussirkus.com\/kauppa\/wp-json\/wp\/v2\/product_cat?post=4016"},{"taxonomy":"product_tag","embeddable":true,"href":"https:\/\/sirkussirkus.com\/kauppa\/wp-json\/wp\/v2\/product_tag?post=4016"}],"curies":[{"name":"wp","href":"https:\/\/api.w.org\/{rel}","templated":true}]}}