{"id":3801,"date":"2022-04-26T19:16:38","date_gmt":"2022-04-26T19:16:38","guid":{"rendered":"https:\/\/sirkussirkus.com\/kauppa\/?post_type=product&#038;p=3801"},"modified":"2022-09-23T10:51:45","modified_gmt":"2022-09-23T10:51:45","slug":"record-beanbag-65mm","status":"publish","type":"product","link":"https:\/\/sirkussirkus.com\/kauppa\/product\/record-beanbag-65mm\/","title":{"rendered":"Record Beanbag 65mm"},"content":{"rendered":"<div class=\"product-text\">\n<p>Mister Babachen valmistama huippulaadukas tekstiilipallo (beanbag) n\u00e4ytt\u00e4\u00e4 hyv\u00e4lt\u00e4 ja tuntuu mahtavalta! Kest\u00e4v\u00e4\u00e4 ja laadukasta tekonahkaa. Valmiiksi pehme\u00e4 ja kokonsa puolesta hyvin pienemp\u00e4\u00e4nkin k\u00e4teen istuva. Nimens\u00e4 mukaisesti n\u00e4ill\u00e4 palloilla my\u00f6s tehd\u00e4\u00e4n jongleerausm\u00e4\u00e4riss\u00e4 enn\u00e4tyksi\u00e4. Kokonsa ja pehmeytens\u00e4 ansiosta niit\u00e4 on helppo my\u00f6s ahtaa k\u00e4siin enn\u00e4tysm\u00e4\u00e4ri\u00e4! Ommeltu kuudesta osasta.<\/p>\n<p>T\u00e4ytteen\u00e4 hirssi. Palloa ei kannata p\u00e4\u00e4st\u00e4\u00e4 kostumaan tai j\u00e4tt\u00e4\u00e4 jyrsij\u00f6ille alttiiseen paikkaan.<\/p>\n<p>65 mm \/ 130 g<\/p>\n<p>V\u00e4rin\u00e4 vain valkoinen.<\/p>\n<p>T\u00e4t\u00e4 palloa on k\u00e4ytt\u00e4nyt muun muassa maineikas Les Objets Volants -ryhm\u00e4 Dropline-esityksess\u00e4.<\/p>\n<p>Katso video linkist\u00e4: <a href=\"https:\/\/www.youtube.com\/watch?v=4EKEoUOokkA\" target=\"_blank\" rel=\"noopener noreferrer\">Dropline &#8211; Les Objets Volants<\/a><\/p>\n<\/div>\n","protected":false},"excerpt":{"rendered":"<p>Mister Babachen valmistama huippulaadukas tekstiilipallo (beanbag) n\u00e4ytt\u00e4\u00e4 hyv\u00e4lt\u00e4 ja tuntuu mahtavalta! Kest\u00e4v\u00e4\u00e4 ja laadukasta tekonahkaa. Valmiiksi pehme\u00e4 ja kokonsa puolesta hyvin pienemp\u00e4\u00e4nkin k\u00e4teen istuva. Nimens\u00e4 mukaisesti n\u00e4ill\u00e4 palloilla my\u00f6s tehd\u00e4\u00e4n jongleerausm\u00e4\u00e4riss\u00e4 enn\u00e4tyksi\u00e4. Kokonsa ja pehmeytens\u00e4 ansiosta niit\u00e4 on helppo my\u00f6s ahtaa k\u00e4siin enn\u00e4tysm\u00e4\u00e4ri\u00e4! Ommeltu kuudesta osasta. T\u00e4ytteen\u00e4 hirssi. Palloa ei kannata p\u00e4\u00e4st\u00e4\u00e4 kostumaan tai j\u00e4tt\u00e4\u00e4 [&hellip;]<\/p>\n","protected":false},"featured_media":3165,"template":"","meta":{"site-sidebar-layout":"default","site-content-layout":"default","ast-site-content-layout":"default","site-content-style":"default","site-sidebar-style":"default","ast-global-header-display":"","ast-banner-title-visibility":"","ast-main-header-display":"","ast-hfb-above-header-display":"","ast-hfb-below-header-display":"","ast-hfb-mobile-header-display":"","site-post-title":"","ast-breadcrumbs-content":"","ast-featured-img":"","footer-sml-layout":"","theme-transparent-header-meta":"default","adv-header-id-meta":"","stick-header-meta":"","header-above-stick-meta":"","header-main-stick-meta":"","header-below-stick-meta":"","astra-migrate-meta-layouts":"default","ast-page-background-enabled":"default","ast-page-background-meta":{"desktop":{"background-color":"","background-image":"","background-repeat":"repeat","background-position":"center center","background-size":"auto","background-attachment":"scroll","background-type":"","background-media":"","overlay-type":"","overlay-color":"","overlay-opacity":"","overlay-gradient":""},"tablet":{"background-color":"","background-image":"","background-repeat":"repeat","background-position":"center center","background-size":"auto","background-attachment":"scroll","background-type":"","background-media":"","overlay-type":"","overlay-color":"","overlay-opacity":"","overlay-gradient":""},"mobile":{"background-color":"","background-image":"","background-repeat":"repeat","background-position":"center center","background-size":"auto","background-attachment":"scroll","background-type":"","background-media":"","overlay-type":"","overlay-color":"","overlay-opacity":"","overlay-gradient":""}},"ast-content-background-meta":{"desktop":{"background-color":"var(--ast-global-color-5)","background-image":"","background-repeat":"repeat","background-position":"center center","background-size":"auto","background-attachment":"scroll","background-type":"","background-media":"","overlay-type":"","overlay-color":"","overlay-opacity":"","overlay-gradient":""},"tablet":{"background-color":"var(--ast-global-color-5)","background-image":"","background-repeat":"repeat","background-position":"center center","background-size":"auto","background-attachment":"scroll","background-type":"","background-media":"","overlay-type":"","overlay-color":"","overlay-opacity":"","overlay-gradient":""},"mobile":{"background-color":"var(--ast-global-color-5)","background-image":"","background-repeat":"repeat","background-position":"center center","background-size":"auto","background-attachment":"scroll","background-type":"","background-media":"","overlay-type":"","overlay-color":"","overlay-opacity":"","overlay-gradient":""}}},"product_brand":[],"product_cat":[55],"product_tag":[153,149,99,56,57,147,100],"class_list":{"0":"post-3801","1":"product","2":"type-product","3":"status-publish","4":"has-post-thumbnail","6":"product_cat-jongleerauspallot","7":"product_tag-153","8":"product_tag-babache","9":"product_tag-beanbag","10":"product_tag-pallo","11":"product_tag-pallot","12":"product_tag-record","13":"product_tag-sakki","14":"desktop-align-center","15":"tablet-align-left","16":"mobile-align-left","18":"first","19":"outofstock","20":"taxable","21":"shipping-taxable","22":"purchasable","23":"product-type-simple"},"_links":{"self":[{"href":"https:\/\/sirkussirkus.com\/kauppa\/wp-json\/wp\/v2\/product\/3801","targetHints":{"allow":["GET"]}}],"collection":[{"href":"https:\/\/sirkussirkus.com\/kauppa\/wp-json\/wp\/v2\/product"}],"about":[{"href":"https:\/\/sirkussirkus.com\/kauppa\/wp-json\/wp\/v2\/types\/product"}],"version-history":[{"count":8,"href":"https:\/\/sirkussirkus.com\/kauppa\/wp-json\/wp\/v2\/product\/3801\/revisions"}],"predecessor-version":[{"id":3954,"href":"https:\/\/sirkussirkus.com\/kauppa\/wp-json\/wp\/v2\/product\/3801\/revisions\/3954"}],"wp:featuredmedia":[{"embeddable":true,"href":"https:\/\/sirkussirkus.com\/kauppa\/wp-json\/wp\/v2\/media\/3165"}],"wp:attachment":[{"href":"https:\/\/sirkussirkus.com\/kauppa\/wp-json\/wp\/v2\/media?parent=3801"}],"wp:term":[{"taxonomy":"product_brand","embeddable":true,"href":"https:\/\/sirkussirkus.com\/kauppa\/wp-json\/wp\/v2\/product_brand?post=3801"},{"taxonomy":"product_cat","embeddable":true,"href":"https:\/\/sirkussirkus.com\/kauppa\/wp-json\/wp\/v2\/product_cat?post=3801"},{"taxonomy":"product_tag","embeddable":true,"href":"https:\/\/sirkussirkus.com\/kauppa\/wp-json\/wp\/v2\/product_tag?post=3801"}],"curies":[{"name":"wp","href":"https:\/\/api.w.org\/{rel}","templated":true}]}}