{"id":3607,"date":"2022-04-17T13:00:28","date_gmt":"2022-04-17T13:00:28","guid":{"rendered":"https:\/\/sirkussirkus.com\/kauppa\/?post_type=product&#038;p=3607"},"modified":"2026-04-16T18:29:39","modified_gmt":"2026-04-16T18:29:39","slug":"aluminium-stilts-alumiiniset-saadettavat-puujalat","status":"publish","type":"product","link":"https:\/\/sirkussirkus.com\/kauppa\/product\/aluminium-stilts-alumiiniset-saadettavat-puujalat\/","title":{"rendered":"Aluminium Stilts &#8211; Alumiiniset s\u00e4\u00e4dett\u00e4v\u00e4t puujalat"},"content":{"rendered":"<p>N\u00e4m\u00e4 ammattimaiset &#8221;puujalat&#8221; on valmistettu alumiinista ja ne on alun perin suunniteltu maalarien ja hedelm\u00e4npoimijoiden ty\u00f6v\u00e4lineeksi. Kekseli\u00e4s jousitus jalkojen rungossa matkii ihmiskehon nilkan toimintaa. N\u00e4ill\u00e4 jaloilla voikin siksi seist\u00e4 aivan paikallaan ilman jatkuvaa askellusta, joka on ominaista perinteisille puujaloille. Ahkeralla harjoittelulla n\u00e4ill\u00e4 jaloilla voi jousituksen ansiosta jopa jalkoja liikuttamatta hieman nojailla eri suuntiin. S\u00e4\u00e4dett\u00e4v\u00e4 korkeus, jossa jalansija on 60-100 cm korkealla. Jalkojen paino yhteens\u00e4 on 7 kg.<\/p>\n<p>K\u00e4ytt\u00f6korkeus 60-100 cm \/ paino yhteens\u00e4 7 kg<\/p>\n<p>V\u00e4rin\u00e4 vain metallinharmaa.<\/p>\n<p>Myyd\u00e4\u00e4n pareittain. Hinta sis\u00e4lt\u00e4\u00e4 kaksi jalkaa.<\/p>\n","protected":false},"excerpt":{"rendered":"<p>N\u00e4m\u00e4 ammattimaiset &#8221;puujalat&#8221; on valmistettu alumiinista ja ne on alun perin suunniteltu maalarien ja hedelm\u00e4npoimijoiden ty\u00f6v\u00e4lineeksi. Kekseli\u00e4s jousitus jalkojen rungossa matkii ihmiskehon nilkan toimintaa. N\u00e4ill\u00e4 jaloilla voikin siksi seist\u00e4 aivan paikallaan ilman jatkuvaa askellusta, joka on ominaista perinteisille puujaloille. Ahkeralla harjoittelulla n\u00e4ill\u00e4 jaloilla voi jousituksen ansiosta jopa jalkoja liikuttamatta hieman nojailla eri suuntiin. S\u00e4\u00e4dett\u00e4v\u00e4 korkeus, [&hellip;]<\/p>\n","protected":false},"featured_media":3609,"template":"","meta":{"site-sidebar-layout":"default","site-content-layout":"default","ast-site-content-layout":"default","site-content-style":"default","site-sidebar-style":"default","ast-global-header-display":"","ast-banner-title-visibility":"","ast-main-header-display":"","ast-hfb-above-header-display":"","ast-hfb-below-header-display":"","ast-hfb-mobile-header-display":"","site-post-title":"","ast-breadcrumbs-content":"","ast-featured-img":"","footer-sml-layout":"","theme-transparent-header-meta":"default","adv-header-id-meta":"","stick-header-meta":"","header-above-stick-meta":"","header-main-stick-meta":"","header-below-stick-meta":"","astra-migrate-meta-layouts":"default","ast-page-background-enabled":"default","ast-page-background-meta":{"desktop":{"background-color":"","background-image":"","background-repeat":"repeat","background-position":"center center","background-size":"auto","background-attachment":"scroll","background-type":"","background-media":"","overlay-type":"","overlay-color":"","overlay-opacity":"","overlay-gradient":""},"tablet":{"background-color":"","background-image":"","background-repeat":"repeat","background-position":"center center","background-size":"auto","background-attachment":"scroll","background-type":"","background-media":"","overlay-type":"","overlay-color":"","overlay-opacity":"","overlay-gradient":""},"mobile":{"background-color":"","background-image":"","background-repeat":"repeat","background-position":"center center","background-size":"auto","background-attachment":"scroll","background-type":"","background-media":"","overlay-type":"","overlay-color":"","overlay-opacity":"","overlay-gradient":""}},"ast-content-background-meta":{"desktop":{"background-color":"var(--ast-global-color-5)","background-image":"","background-repeat":"repeat","background-position":"center center","background-size":"auto","background-attachment":"scroll","background-type":"","background-media":"","overlay-type":"","overlay-color":"","overlay-opacity":"","overlay-gradient":""},"tablet":{"background-color":"var(--ast-global-color-5)","background-image":"","background-repeat":"repeat","background-position":"center center","background-size":"auto","background-attachment":"scroll","background-type":"","background-media":"","overlay-type":"","overlay-color":"","overlay-opacity":"","overlay-gradient":""},"mobile":{"background-color":"var(--ast-global-color-5)","background-image":"","background-repeat":"repeat","background-position":"center center","background-size":"auto","background-attachment":"scroll","background-type":"","background-media":"","overlay-type":"","overlay-color":"","overlay-opacity":"","overlay-gradient":""}}},"product_brand":[],"product_cat":[109,677],"product_tag":[117,113,110,111,114,116,115,112],"class_list":{"0":"post-3607","1":"product","2":"type-product","3":"status-publish","4":"has-post-thumbnail","6":"product_cat-puujalat","7":"product_cat-uutuudet","8":"product_tag-alumiini","9":"product_tag-aluminium","10":"product_tag-puujalat","11":"product_tag-puujalka","12":"product_tag-stilt","13":"product_tag-stiltit","14":"product_tag-stilts","15":"product_tag-vitsi","16":"desktop-align-center","17":"tablet-align-left","18":"mobile-align-left","20":"first","21":"instock","22":"taxable","23":"shipping-taxable","24":"purchasable","25":"product-type-simple"},"_links":{"self":[{"href":"https:\/\/sirkussirkus.com\/kauppa\/wp-json\/wp\/v2\/product\/3607","targetHints":{"allow":["GET"]}}],"collection":[{"href":"https:\/\/sirkussirkus.com\/kauppa\/wp-json\/wp\/v2\/product"}],"about":[{"href":"https:\/\/sirkussirkus.com\/kauppa\/wp-json\/wp\/v2\/types\/product"}],"version-history":[{"count":1,"href":"https:\/\/sirkussirkus.com\/kauppa\/wp-json\/wp\/v2\/product\/3607\/revisions"}],"predecessor-version":[{"id":3615,"href":"https:\/\/sirkussirkus.com\/kauppa\/wp-json\/wp\/v2\/product\/3607\/revisions\/3615"}],"wp:featuredmedia":[{"embeddable":true,"href":"https:\/\/sirkussirkus.com\/kauppa\/wp-json\/wp\/v2\/media\/3609"}],"wp:attachment":[{"href":"https:\/\/sirkussirkus.com\/kauppa\/wp-json\/wp\/v2\/media?parent=3607"}],"wp:term":[{"taxonomy":"product_brand","embeddable":true,"href":"https:\/\/sirkussirkus.com\/kauppa\/wp-json\/wp\/v2\/product_brand?post=3607"},{"taxonomy":"product_cat","embeddable":true,"href":"https:\/\/sirkussirkus.com\/kauppa\/wp-json\/wp\/v2\/product_cat?post=3607"},{"taxonomy":"product_tag","embeddable":true,"href":"https:\/\/sirkussirkus.com\/kauppa\/wp-json\/wp\/v2\/product_tag?post=3607"}],"curies":[{"name":"wp","href":"https:\/\/api.w.org\/{rel}","templated":true}]}}