{"id":3591,"date":"2025-04-17T07:04:26","date_gmt":"2025-04-17T07:04:26","guid":{"rendered":"https:\/\/sirkussirkus.com\/kauppa\/?post_type=product&#038;p=3591"},"modified":"2026-04-07T16:13:41","modified_gmt":"2026-04-07T16:13:41","slug":"fluo-eco-beanbag-67mm","status":"publish","type":"product","link":"https:\/\/sirkussirkus.com\/kauppa\/product\/fluo-eco-beanbag-67mm\/","title":{"rendered":"Fluo Eco Beanbag 67mm"},"content":{"rendered":"<p>Suositun Eco Leather Beanbag -pallon fluorisoiva versio. UV-v\u00e4rit hohtavat kirkkaana mustavalossa. N\u00e4ytt\u00e4v\u00e4n v\u00e4rivalikoiman lis\u00e4ksi pallo on vakuuttavan hyv\u00e4 tekstiilipallo. Vahvat ompeleet ja laadukas tekonahka kest\u00e4v\u00e4t ajan patinaa, ja pallon pinta on my\u00f6s erityisen miellytt\u00e4v\u00e4n tuntuinen. Erinomainen hintalaatusuhde.<\/p>\n<p>Pallon t\u00e4ytteen\u00e4 on hirssi, joten \u00e4l\u00e4 p\u00e4\u00e4st\u00e4 palloa kastumaan \u00e4l\u00e4k\u00e4 varastoi sit\u00e4 kosteassa paikassa. Pid\u00e4 pallo my\u00f6s erossa jyrsij\u00f6ist\u00e4.<\/p>\n<p>67mm \/ 120g<\/p>\n","protected":false},"excerpt":{"rendered":"<p>Suositun Eco Leather Beanbag -pallon fluorisoiva versio. UV-v\u00e4rit hohtavat kirkkaana mustavalossa. N\u00e4ytt\u00e4v\u00e4n v\u00e4rivalikoiman lis\u00e4ksi pallo on vakuuttavan hyv\u00e4 tekstiilipallo. Vahvat ompeleet ja laadukas tekonahka kest\u00e4v\u00e4t ajan patinaa, ja pallon pinta on my\u00f6s erityisen miellytt\u00e4v\u00e4n tuntuinen. Erinomainen hintalaatusuhde. Pallon t\u00e4ytteen\u00e4 on hirssi, joten \u00e4l\u00e4 p\u00e4\u00e4st\u00e4 palloa kastumaan \u00e4l\u00e4k\u00e4 varastoi sit\u00e4 kosteassa paikassa. Pid\u00e4 pallo my\u00f6s erossa [&hellip;]<\/p>\n","protected":false},"featured_media":3026,"template":"","meta":{"site-sidebar-layout":"default","site-content-layout":"default","ast-site-content-layout":"default","site-content-style":"default","site-sidebar-style":"default","ast-global-header-display":"","ast-banner-title-visibility":"","ast-main-header-display":"","ast-hfb-above-header-display":"","ast-hfb-below-header-display":"","ast-hfb-mobile-header-display":"","site-post-title":"","ast-breadcrumbs-content":"","ast-featured-img":"","footer-sml-layout":"","theme-transparent-header-meta":"default","adv-header-id-meta":"","stick-header-meta":"","header-above-stick-meta":"","header-main-stick-meta":"","header-below-stick-meta":"","astra-migrate-meta-layouts":"set","ast-page-background-enabled":"default","ast-page-background-meta":{"desktop":{"background-color":"","background-image":"","background-repeat":"repeat","background-position":"center center","background-size":"auto","background-attachment":"scroll","background-type":"","background-media":"","overlay-type":"","overlay-color":"","overlay-opacity":"","overlay-gradient":""},"tablet":{"background-color":"","background-image":"","background-repeat":"repeat","background-position":"center center","background-size":"auto","background-attachment":"scroll","background-type":"","background-media":"","overlay-type":"","overlay-color":"","overlay-opacity":"","overlay-gradient":""},"mobile":{"background-color":"","background-image":"","background-repeat":"repeat","background-position":"center center","background-size":"auto","background-attachment":"scroll","background-type":"","background-media":"","overlay-type":"","overlay-color":"","overlay-opacity":"","overlay-gradient":""}},"ast-content-background-meta":{"desktop":{"background-color":"var(--ast-global-color-5)","background-image":"","background-repeat":"repeat","background-position":"center center","background-size":"auto","background-attachment":"scroll","background-type":"","background-media":"","overlay-type":"","overlay-color":"","overlay-opacity":"","overlay-gradient":""},"tablet":{"background-color":"var(--ast-global-color-5)","background-image":"","background-repeat":"repeat","background-position":"center center","background-size":"auto","background-attachment":"scroll","background-type":"","background-media":"","overlay-type":"","overlay-color":"","overlay-opacity":"","overlay-gradient":""},"mobile":{"background-color":"var(--ast-global-color-5)","background-image":"","background-repeat":"repeat","background-position":"center center","background-size":"auto","background-attachment":"scroll","background-type":"","background-media":"","overlay-type":"","overlay-color":"","overlay-opacity":"","overlay-gradient":""}}},"product_brand":[],"product_cat":[55,677],"product_tag":[99,102,103,80,56,57,100],"class_list":{"0":"post-3591","1":"product","2":"type-product","3":"status-publish","4":"has-post-thumbnail","6":"product_cat-jongleerauspallot","7":"product_cat-uutuudet","8":"product_tag-beanbag","9":"product_tag-eco","10":"product_tag-fluo","11":"product_tag-jongleeraus","12":"product_tag-pallo","13":"product_tag-pallot","14":"product_tag-sakki","15":"desktop-align-center","16":"tablet-align-left","17":"mobile-align-left","19":"first","20":"instock","21":"taxable","22":"shipping-taxable","23":"purchasable","24":"product-type-variable"},"_links":{"self":[{"href":"https:\/\/sirkussirkus.com\/kauppa\/wp-json\/wp\/v2\/product\/3591","targetHints":{"allow":["GET"]}}],"collection":[{"href":"https:\/\/sirkussirkus.com\/kauppa\/wp-json\/wp\/v2\/product"}],"about":[{"href":"https:\/\/sirkussirkus.com\/kauppa\/wp-json\/wp\/v2\/types\/product"}],"version-history":[{"count":6,"href":"https:\/\/sirkussirkus.com\/kauppa\/wp-json\/wp\/v2\/product\/3591\/revisions"}],"predecessor-version":[{"id":8951,"href":"https:\/\/sirkussirkus.com\/kauppa\/wp-json\/wp\/v2\/product\/3591\/revisions\/8951"}],"wp:featuredmedia":[{"embeddable":true,"href":"https:\/\/sirkussirkus.com\/kauppa\/wp-json\/wp\/v2\/media\/3026"}],"wp:attachment":[{"href":"https:\/\/sirkussirkus.com\/kauppa\/wp-json\/wp\/v2\/media?parent=3591"}],"wp:term":[{"taxonomy":"product_brand","embeddable":true,"href":"https:\/\/sirkussirkus.com\/kauppa\/wp-json\/wp\/v2\/product_brand?post=3591"},{"taxonomy":"product_cat","embeddable":true,"href":"https:\/\/sirkussirkus.com\/kauppa\/wp-json\/wp\/v2\/product_cat?post=3591"},{"taxonomy":"product_tag","embeddable":true,"href":"https:\/\/sirkussirkus.com\/kauppa\/wp-json\/wp\/v2\/product_tag?post=3591"}],"curies":[{"name":"wp","href":"https:\/\/api.w.org\/{rel}","templated":true}]}}