{"id":3581,"date":"2023-04-17T05:06:58","date_gmt":"2023-04-17T05:06:58","guid":{"rendered":"https:\/\/sirkussirkus.com\/kauppa\/?post_type=product&#038;p=3581"},"modified":"2024-05-11T06:47:33","modified_gmt":"2024-05-11T06:47:33","slug":"3581","status":"publish","type":"product","link":"https:\/\/sirkussirkus.com\/kauppa\/product\/3581\/","title":{"rendered":"Macaco Slackline 26m"},"content":{"rendered":"<p>Macacon 26 metrin slackline niille, jotka kaipaavat lis\u00e4\u00e4 mittaa liinaansa. Laadukas 50mm leve\u00e4 ja hyv\u00e4n pidon tarjoava tasapainoliina t\u00e4ytt\u00e4\u00e4 my\u00f6s vaativamman tekij\u00e4n tarpeet. Kattava paketti samaten kuin Barefootin lyhyempi slackline, mutta ei sis\u00e4ll\u00e4 harjoitteluliinaa eik\u00e4 aloittelijan opasta. Saatavana vain vihre\u00e4n\u00e4. Paketin sis\u00e4lt\u00f6: 26 metrin slackline, puusuojat, pystytysohjekirja sek\u00e4 kantopussukka.<\/p>\n<p>Pituus 26m \/ Leveys 50mm \/ Paino 3kg<\/p>\n<p>Ty\u00f6skentelypainoraja 150kg<\/p>\n<p>V\u00e4rin\u00e4 vain vihre\u00e4.<\/p>\n","protected":false},"excerpt":{"rendered":"<p>Macacon 26 metrin slackline niille, jotka kaipaavat lis\u00e4\u00e4 mittaa liinaansa. Laadukas 50mm leve\u00e4 ja hyv\u00e4n pidon tarjoava tasapainoliina t\u00e4ytt\u00e4\u00e4 my\u00f6s vaativamman tekij\u00e4n tarpeet. Kattava paketti samaten kuin Barefootin lyhyempi slackline, mutta ei sis\u00e4ll\u00e4 harjoitteluliinaa eik\u00e4 aloittelijan opasta. Saatavana vain vihre\u00e4n\u00e4. Paketin sis\u00e4lt\u00f6: 26 metrin slackline, puusuojat, pystytysohjekirja sek\u00e4 kantopussukka. Pituus 26m \/ Leveys 50mm \/ [&hellip;]<\/p>\n","protected":false},"featured_media":3582,"template":"","meta":{"site-sidebar-layout":"default","site-content-layout":"default","ast-site-content-layout":"default","site-content-style":"default","site-sidebar-style":"default","ast-global-header-display":"","ast-banner-title-visibility":"","ast-main-header-display":"","ast-hfb-above-header-display":"","ast-hfb-below-header-display":"","ast-hfb-mobile-header-display":"","site-post-title":"","ast-breadcrumbs-content":"","ast-featured-img":"","footer-sml-layout":"","theme-transparent-header-meta":"default","adv-header-id-meta":"","stick-header-meta":"","header-above-stick-meta":"","header-main-stick-meta":"","header-below-stick-meta":"","astra-migrate-meta-layouts":"default","ast-page-background-enabled":"default","ast-page-background-meta":{"desktop":{"background-color":"","background-image":"","background-repeat":"repeat","background-position":"center center","background-size":"auto","background-attachment":"scroll","background-type":"","background-media":"","overlay-type":"","overlay-color":"","overlay-opacity":"","overlay-gradient":""},"tablet":{"background-color":"","background-image":"","background-repeat":"repeat","background-position":"center center","background-size":"auto","background-attachment":"scroll","background-type":"","background-media":"","overlay-type":"","overlay-color":"","overlay-opacity":"","overlay-gradient":""},"mobile":{"background-color":"","background-image":"","background-repeat":"repeat","background-position":"center center","background-size":"auto","background-attachment":"scroll","background-type":"","background-media":"","overlay-type":"","overlay-color":"","overlay-opacity":"","overlay-gradient":""}},"ast-content-background-meta":{"desktop":{"background-color":"var(--ast-global-color-5)","background-image":"","background-repeat":"repeat","background-position":"center center","background-size":"auto","background-attachment":"scroll","background-type":"","background-media":"","overlay-type":"","overlay-color":"","overlay-opacity":"","overlay-gradient":""},"tablet":{"background-color":"var(--ast-global-color-5)","background-image":"","background-repeat":"repeat","background-position":"center center","background-size":"auto","background-attachment":"scroll","background-type":"","background-media":"","overlay-type":"","overlay-color":"","overlay-opacity":"","overlay-gradient":""},"mobile":{"background-color":"var(--ast-global-color-5)","background-image":"","background-repeat":"repeat","background-position":"center center","background-size":"auto","background-attachment":"scroll","background-type":"","background-media":"","overlay-type":"","overlay-color":"","overlay-opacity":"","overlay-gradient":""}}},"product_brand":[],"product_cat":[76,677],"product_tag":[],"class_list":{"0":"post-3581","1":"product","2":"type-product","3":"status-publish","4":"has-post-thumbnail","6":"product_cat-slackline","7":"product_cat-uutuudet","8":"desktop-align-center","9":"tablet-align-left","10":"mobile-align-left","12":"first","13":"outofstock","14":"sale","15":"taxable","16":"shipping-taxable","17":"purchasable","18":"product-type-simple"},"_links":{"self":[{"href":"https:\/\/sirkussirkus.com\/kauppa\/wp-json\/wp\/v2\/product\/3581","targetHints":{"allow":["GET"]}}],"collection":[{"href":"https:\/\/sirkussirkus.com\/kauppa\/wp-json\/wp\/v2\/product"}],"about":[{"href":"https:\/\/sirkussirkus.com\/kauppa\/wp-json\/wp\/v2\/types\/product"}],"version-history":[{"count":4,"href":"https:\/\/sirkussirkus.com\/kauppa\/wp-json\/wp\/v2\/product\/3581\/revisions"}],"predecessor-version":[{"id":3974,"href":"https:\/\/sirkussirkus.com\/kauppa\/wp-json\/wp\/v2\/product\/3581\/revisions\/3974"}],"wp:featuredmedia":[{"embeddable":true,"href":"https:\/\/sirkussirkus.com\/kauppa\/wp-json\/wp\/v2\/media\/3582"}],"wp:attachment":[{"href":"https:\/\/sirkussirkus.com\/kauppa\/wp-json\/wp\/v2\/media?parent=3581"}],"wp:term":[{"taxonomy":"product_brand","embeddable":true,"href":"https:\/\/sirkussirkus.com\/kauppa\/wp-json\/wp\/v2\/product_brand?post=3581"},{"taxonomy":"product_cat","embeddable":true,"href":"https:\/\/sirkussirkus.com\/kauppa\/wp-json\/wp\/v2\/product_cat?post=3581"},{"taxonomy":"product_tag","embeddable":true,"href":"https:\/\/sirkussirkus.com\/kauppa\/wp-json\/wp\/v2\/product_tag?post=3581"}],"curies":[{"name":"wp","href":"https:\/\/api.w.org\/{rel}","templated":true}]}}