{"id":3579,"date":"2022-04-16T18:27:08","date_gmt":"2022-04-16T18:27:08","guid":{"rendered":"https:\/\/sirkussirkus.com\/kauppa\/?post_type=product&#038;p=3579"},"modified":"2024-04-26T03:09:43","modified_gmt":"2024-04-26T03:09:43","slug":"kultainen-kuutamo-75mm","status":"publish","type":"product","link":"https:\/\/sirkussirkus.com\/kauppa\/product\/kultainen-kuutamo-75mm\/","title":{"rendered":"Kultainen Kuutamo 75mm"},"content":{"rendered":"<p>Kultaisen v\u00e4rinen erikoispainos suositusta Kuutamo-pallosta!<\/p>\n<p>Kai Kuutamon oma henkil\u00f6kohtainen pallomalli. Pallo on niin kutsuttu ukrainalaistyylinen pallo, jossa on ohuen kuoren sis\u00e4ll\u00e4 vain 1\/3 hiekkat\u00e4ytett\u00e4 pallon tilavuudesta. Vapaasti liikkuva hiekka antaa pallolle vakautta ilmassa pallon kevyest\u00e4 painosta huolimatta. Keveys taas helpottaa korkeita heittoja ja yli seitsem\u00e4n pallon jongleerauskuvioita huomattavasti. Lis\u00e4ksi pudotessaan pallo j\u00e4\u00e4 hiekan ansiosta usein aloilleen, eik\u00e4 vieri niin kauas kuin n\u00e4ytt\u00e4m\u00f6- tai tekstiilipallot.<\/p>\n<p>Kuutamo-pallo on ilmatiivis, joten se kest\u00e4\u00e4 my\u00f6s kosteutta ja sill\u00e4 voi jongleerata vaikka vedess\u00e4. Pallo on my\u00f6s jyrsij\u00e4turvallinen, koska t\u00e4ytteen\u00e4 ei ole hirssi tai muu elintarvike.<\/p>\n<p>Kuutamo-pallot sopivat erinomaisesti my\u00f6s aloittelijoille. N\u00e4ill\u00e4 palloilla Kai Kuutamo teki Suomen enn\u00e4tyksen 10 pallon jongleerauksessa vuonna 2015.<\/p>\n<p>75mm \/ 70g<\/p>\n<p>Sosiaalisessa mediassa: #kuutamopallot<\/p>\n","protected":false},"excerpt":{"rendered":"<p>Kultaisen v\u00e4rinen erikoispainos suositusta Kuutamo-pallosta! Kai Kuutamon oma henkil\u00f6kohtainen pallomalli. Pallo on niin kutsuttu ukrainalaistyylinen pallo, jossa on ohuen kuoren sis\u00e4ll\u00e4 vain 1\/3 hiekkat\u00e4ytett\u00e4 pallon tilavuudesta. Vapaasti liikkuva hiekka antaa pallolle vakautta ilmassa pallon kevyest\u00e4 painosta huolimatta. Keveys taas helpottaa korkeita heittoja ja yli seitsem\u00e4n pallon jongleerauskuvioita huomattavasti. Lis\u00e4ksi pudotessaan pallo j\u00e4\u00e4 hiekan ansiosta usein [&hellip;]<\/p>\n","protected":false},"featured_media":3090,"template":"","meta":{"site-sidebar-layout":"default","site-content-layout":"default","ast-site-content-layout":"default","site-content-style":"default","site-sidebar-style":"default","ast-global-header-display":"","ast-banner-title-visibility":"","ast-main-header-display":"","ast-hfb-above-header-display":"","ast-hfb-below-header-display":"","ast-hfb-mobile-header-display":"","site-post-title":"","ast-breadcrumbs-content":"","ast-featured-img":"","footer-sml-layout":"","theme-transparent-header-meta":"default","adv-header-id-meta":"","stick-header-meta":"","header-above-stick-meta":"","header-main-stick-meta":"","header-below-stick-meta":"","astra-migrate-meta-layouts":"set","ast-page-background-enabled":"default","ast-page-background-meta":{"desktop":{"background-color":"","background-image":"","background-repeat":"repeat","background-position":"center center","background-size":"auto","background-attachment":"scroll","background-type":"","background-media":"","overlay-type":"","overlay-color":"","overlay-opacity":"","overlay-gradient":""},"tablet":{"background-color":"","background-image":"","background-repeat":"repeat","background-position":"center center","background-size":"auto","background-attachment":"scroll","background-type":"","background-media":"","overlay-type":"","overlay-color":"","overlay-opacity":"","overlay-gradient":""},"mobile":{"background-color":"","background-image":"","background-repeat":"repeat","background-position":"center center","background-size":"auto","background-attachment":"scroll","background-type":"","background-media":"","overlay-type":"","overlay-color":"","overlay-opacity":"","overlay-gradient":""}},"ast-content-background-meta":{"desktop":{"background-color":"var(--ast-global-color-5)","background-image":"","background-repeat":"repeat","background-position":"center center","background-size":"auto","background-attachment":"scroll","background-type":"","background-media":"","overlay-type":"","overlay-color":"","overlay-opacity":"","overlay-gradient":""},"tablet":{"background-color":"var(--ast-global-color-5)","background-image":"","background-repeat":"repeat","background-position":"center center","background-size":"auto","background-attachment":"scroll","background-type":"","background-media":"","overlay-type":"","overlay-color":"","overlay-opacity":"","overlay-gradient":""},"mobile":{"background-color":"var(--ast-global-color-5)","background-image":"","background-repeat":"repeat","background-position":"center center","background-size":"auto","background-attachment":"scroll","background-type":"","background-media":"","overlay-type":"","overlay-color":"","overlay-opacity":"","overlay-gradient":""}}},"product_brand":[],"product_cat":[55],"product_tag":[80,98,58,97,56,57],"class_list":{"0":"post-3579","1":"product","2":"type-product","3":"status-publish","4":"has-post-thumbnail","6":"product_cat-jongleerauspallot","7":"product_tag-jongleeraus","8":"product_tag-kultainen","9":"product_tag-kuutamo","10":"product_tag-kuutamopallo","11":"product_tag-pallo","12":"product_tag-pallot","13":"desktop-align-center","14":"tablet-align-left","15":"mobile-align-left","17":"first","18":"outofstock","19":"sale","20":"taxable","21":"shipping-taxable","22":"purchasable","23":"product-type-simple"},"_links":{"self":[{"href":"https:\/\/sirkussirkus.com\/kauppa\/wp-json\/wp\/v2\/product\/3579","targetHints":{"allow":["GET"]}}],"collection":[{"href":"https:\/\/sirkussirkus.com\/kauppa\/wp-json\/wp\/v2\/product"}],"about":[{"href":"https:\/\/sirkussirkus.com\/kauppa\/wp-json\/wp\/v2\/types\/product"}],"version-history":[{"count":3,"href":"https:\/\/sirkussirkus.com\/kauppa\/wp-json\/wp\/v2\/product\/3579\/revisions"}],"predecessor-version":[{"id":3975,"href":"https:\/\/sirkussirkus.com\/kauppa\/wp-json\/wp\/v2\/product\/3579\/revisions\/3975"}],"wp:featuredmedia":[{"embeddable":true,"href":"https:\/\/sirkussirkus.com\/kauppa\/wp-json\/wp\/v2\/media\/3090"}],"wp:attachment":[{"href":"https:\/\/sirkussirkus.com\/kauppa\/wp-json\/wp\/v2\/media?parent=3579"}],"wp:term":[{"taxonomy":"product_brand","embeddable":true,"href":"https:\/\/sirkussirkus.com\/kauppa\/wp-json\/wp\/v2\/product_brand?post=3579"},{"taxonomy":"product_cat","embeddable":true,"href":"https:\/\/sirkussirkus.com\/kauppa\/wp-json\/wp\/v2\/product_cat?post=3579"},{"taxonomy":"product_tag","embeddable":true,"href":"https:\/\/sirkussirkus.com\/kauppa\/wp-json\/wp\/v2\/product_tag?post=3579"}],"curies":[{"name":"wp","href":"https:\/\/api.w.org\/{rel}","templated":true}]}}