{"id":3334,"date":"2022-06-10T19:06:30","date_gmt":"2022-06-10T19:06:30","guid":{"rendered":"https:\/\/sirkussirkus.com\/kauppa\/?post_type=product&#038;p=3334"},"modified":"2025-12-16T09:48:12","modified_gmt":"2025-12-16T09:48:12","slug":"monipisterengastrapetsi","status":"publish","type":"product","link":"https:\/\/sirkussirkus.com\/kauppa\/product\/monipisterengastrapetsi\/","title":{"rendered":"Prodigy Monipiste"},"content":{"rendered":"<div class=\"product-text\">\n<p>Prodigyn valmistama englantilainen multi-point aerial hoop eli monipisteinen rengastrapetsi, jossa kiinnityspisteiden paikkaa ja m\u00e4\u00e4r\u00e4\u00e4 voi vaihtaa. Trapetsin voi kiinnitt\u00e4\u00e4 yhdest\u00e4 tai kahdesta kiinnityspisteest\u00e4 tai halutessaan nauhalenkill\u00e4 ilman kiinnityspisteit\u00e4 kuten 0-pistetrapetsin.<\/p>\n<p><a href=\"https:\/\/www.youtube.com\/watch?v=NS_3qTrJedk&amp;feature=emb_logo\" target=\"_blank\" rel=\"noopener noreferrer\">Multi-point -rengastrapetsin esittelyvideo<\/a><\/p>\n<p>T\u00e4m\u00e4 mahtava tilanteeseen mukautuva rengastrapetsi on erinomainen vaihtoehto aloittelijalle, joka haluaa kokeilla erilaisia k\u00e4ytt\u00f6tapoja. Mukana tulevat kaksi kiinnityssakkelia voi kytke\u00e4 keskimm\u00e4siin reikiin, jolloin ne muodostavat yhdess\u00e4 yhden kiinnityspisteen rengastrapetsin. Jos ne taas kytkee uloimpiin reikiin, on sinulla perinteinen kahden kiinnityspisteen rengastrapetsi. Jos otat ne kokonaan pois, voit k\u00e4ytt\u00e4\u00e4 trapetsia kuten 0-pistetrapetsiakin. Erinomaista!<\/p>\n<p>Putken paksuus 25 mm. Putkessa on hyv\u00e4 pito, mutta sen voi my\u00f6s teipata halutessaan. Trapetsiteippej\u00e4 l\u00f6ytyy my\u00f6s valikoimistamme.<\/p>\n<p>Ty\u00f6skentelypainoraja 160 kg<\/p>\n<p>Paketti sis\u00e4lt\u00e4\u00e4 rengastrapetsin, kaksi kiinnityslenkki\u00e4 ja Prodigy-monity\u00f6kalun. Ripustusv\u00e4lineet ja muut tarvikkeet l\u00f6yd\u00e4t omalta osastolta: Sirkusv\u00e4lineet \/ Ilma-akrobatia \/ Tarvikkeet<\/p>\n<p>Ohjeita oikean kokoisen rengastrapetsin valintaan: <a href=\"http:\/\/www.sirkussirkus.com\/rengastrapetsinkoko.pdf\" target=\"_blank\" rel=\"noopener noreferrer\">Rengastrapetsin koko &#8211; Mittausohjeet<\/a><\/p>\n<\/div>\n","protected":false},"excerpt":{"rendered":"<p>Prodigyn valmistama englantilainen multi-point aerial hoop eli monipisteinen rengastrapetsi, jossa kiinnityspisteiden paikkaa ja m\u00e4\u00e4r\u00e4\u00e4 voi vaihtaa. Trapetsin voi kiinnitt\u00e4\u00e4 yhdest\u00e4 tai kahdesta kiinnityspisteest\u00e4 tai halutessaan nauhalenkill\u00e4 ilman kiinnityspisteit\u00e4 kuten 0-pistetrapetsin. Multi-point -rengastrapetsin esittelyvideo T\u00e4m\u00e4 mahtava tilanteeseen mukautuva rengastrapetsi on erinomainen vaihtoehto aloittelijalle, joka haluaa kokeilla erilaisia k\u00e4ytt\u00f6tapoja. Mukana tulevat kaksi kiinnityssakkelia voi kytke\u00e4 keskimm\u00e4siin reikiin, [&hellip;]<\/p>\n","protected":false},"featured_media":3340,"template":"","meta":{"site-sidebar-layout":"default","site-content-layout":"default","ast-site-content-layout":"default","site-content-style":"default","site-sidebar-style":"default","ast-global-header-display":"","ast-banner-title-visibility":"","ast-main-header-display":"","ast-hfb-above-header-display":"","ast-hfb-below-header-display":"","ast-hfb-mobile-header-display":"","site-post-title":"","ast-breadcrumbs-content":"","ast-featured-img":"","footer-sml-layout":"","theme-transparent-header-meta":"default","adv-header-id-meta":"","stick-header-meta":"","header-above-stick-meta":"","header-main-stick-meta":"","header-below-stick-meta":"","astra-migrate-meta-layouts":"set","ast-page-background-enabled":"default","ast-page-background-meta":{"desktop":{"background-color":"","background-image":"","background-repeat":"repeat","background-position":"center center","background-size":"auto","background-attachment":"scroll","background-type":"","background-media":"","overlay-type":"","overlay-color":"","overlay-opacity":"","overlay-gradient":""},"tablet":{"background-color":"","background-image":"","background-repeat":"repeat","background-position":"center center","background-size":"auto","background-attachment":"scroll","background-type":"","background-media":"","overlay-type":"","overlay-color":"","overlay-opacity":"","overlay-gradient":""},"mobile":{"background-color":"","background-image":"","background-repeat":"repeat","background-position":"center center","background-size":"auto","background-attachment":"scroll","background-type":"","background-media":"","overlay-type":"","overlay-color":"","overlay-opacity":"","overlay-gradient":""}},"ast-content-background-meta":{"desktop":{"background-color":"var(--ast-global-color-5)","background-image":"","background-repeat":"repeat","background-position":"center center","background-size":"auto","background-attachment":"scroll","background-type":"","background-media":"","overlay-type":"","overlay-color":"","overlay-opacity":"","overlay-gradient":""},"tablet":{"background-color":"var(--ast-global-color-5)","background-image":"","background-repeat":"repeat","background-position":"center center","background-size":"auto","background-attachment":"scroll","background-type":"","background-media":"","overlay-type":"","overlay-color":"","overlay-opacity":"","overlay-gradient":""},"mobile":{"background-color":"var(--ast-global-color-5)","background-image":"","background-repeat":"repeat","background-position":"center center","background-size":"auto","background-attachment":"scroll","background-type":"","background-media":"","overlay-type":"","overlay-color":"","overlay-opacity":"","overlay-gradient":""}}},"product_brand":[],"product_cat":[68],"product_tag":[93,164,165,94,96,95,166,92,91],"class_list":{"0":"post-3334","1":"product","2":"type-product","3":"status-publish","4":"has-post-thumbnail","6":"product_cat-rengastrapetsit","7":"product_tag-aerial-hoop","8":"product_tag-akrobatia","9":"product_tag-ilma","10":"product_tag-ilma-akrobatia","11":"product_tag-monipiste","12":"product_tag-prodigy","13":"product_tag-rengas","14":"product_tag-rengastrapetsi","15":"product_tag-trapetsi","16":"desktop-align-center","17":"tablet-align-left","18":"mobile-align-left","20":"first","21":"instock","22":"taxable","23":"shipping-taxable","24":"purchasable","25":"product-type-variable"},"_links":{"self":[{"href":"https:\/\/sirkussirkus.com\/kauppa\/wp-json\/wp\/v2\/product\/3334","targetHints":{"allow":["GET"]}}],"collection":[{"href":"https:\/\/sirkussirkus.com\/kauppa\/wp-json\/wp\/v2\/product"}],"about":[{"href":"https:\/\/sirkussirkus.com\/kauppa\/wp-json\/wp\/v2\/types\/product"}],"version-history":[{"count":7,"href":"https:\/\/sirkussirkus.com\/kauppa\/wp-json\/wp\/v2\/product\/3334\/revisions"}],"predecessor-version":[{"id":6502,"href":"https:\/\/sirkussirkus.com\/kauppa\/wp-json\/wp\/v2\/product\/3334\/revisions\/6502"}],"wp:featuredmedia":[{"embeddable":true,"href":"https:\/\/sirkussirkus.com\/kauppa\/wp-json\/wp\/v2\/media\/3340"}],"wp:attachment":[{"href":"https:\/\/sirkussirkus.com\/kauppa\/wp-json\/wp\/v2\/media?parent=3334"}],"wp:term":[{"taxonomy":"product_brand","embeddable":true,"href":"https:\/\/sirkussirkus.com\/kauppa\/wp-json\/wp\/v2\/product_brand?post=3334"},{"taxonomy":"product_cat","embeddable":true,"href":"https:\/\/sirkussirkus.com\/kauppa\/wp-json\/wp\/v2\/product_cat?post=3334"},{"taxonomy":"product_tag","embeddable":true,"href":"https:\/\/sirkussirkus.com\/kauppa\/wp-json\/wp\/v2\/product_tag?post=3334"}],"curies":[{"name":"wp","href":"https:\/\/api.w.org\/{rel}","templated":true}]}}