{"id":3331,"date":"2022-04-10T07:57:54","date_gmt":"2022-04-10T07:57:54","guid":{"rendered":"https:\/\/sirkussirkus.com\/kauppa\/?post_type=product&#038;p=3331"},"modified":"2023-09-07T05:46:11","modified_gmt":"2023-09-07T05:46:11","slug":"juggling-the-past-and-future-karl-heinz-ziethen","status":"publish","type":"product","link":"https:\/\/sirkussirkus.com\/kauppa\/product\/juggling-the-past-and-future-karl-heinz-ziethen\/","title":{"rendered":"Juggling &#8211; The Past and Future"},"content":{"rendered":"<p>Kattavin ikin\u00e4 julkaistu teos jongleerauksen historiasta alkaen Egyptin hautakammioista vuodesta 1994 ennen ajanlaskun alkua, jatkuen aina moderniin aikaan ja nykyisiin innovaatioihin asti. Melkein 600 sivua kovissa kansissa, joita v\u00e4ritt\u00e4v\u00e4t yli 1000 kuvaa ja piirustusta suoraan kirjailijan itsens\u00e4 henkil\u00f6kohtaisista kokoelmista. Karl-Heinz Ziethen on dokumentoinut jongleerauksen kehityst\u00e4 jo viiden vuosikymmenen ajan Berliinist\u00e4 k\u00e4sin. Teos on sukellus Ziethenin intohimoon ja el\u00e4m\u00e4nty\u00f6h\u00f6n historioitsijana ja jongleerauksen yst\u00e4v\u00e4n\u00e4.<\/p>\n<p>Englanninkielinen \/ 596 sivua \/ Sivukoko A4 \/ Kovakantinen \/ 2017<\/p>\n<p><a href=\"https:\/\/www.youtube.com\/watch?v=NHIvmAdUjRw\">Youtube: Niels Duinkerin kirjaesittely<\/a><\/p>\n","protected":false},"excerpt":{"rendered":"<p>Englanninkielinen \/ 596 sivua \/ Kovakantinen \/ 2017<\/p>\n","protected":false},"featured_media":5849,"template":"","meta":{"site-sidebar-layout":"default","site-content-layout":"default","ast-site-content-layout":"default","site-content-style":"default","site-sidebar-style":"default","ast-global-header-display":"","ast-banner-title-visibility":"","ast-main-header-display":"","ast-hfb-above-header-display":"","ast-hfb-below-header-display":"","ast-hfb-mobile-header-display":"","site-post-title":"","ast-breadcrumbs-content":"","ast-featured-img":"","footer-sml-layout":"","theme-transparent-header-meta":"default","adv-header-id-meta":"","stick-header-meta":"","header-above-stick-meta":"","header-main-stick-meta":"","header-below-stick-meta":"","astra-migrate-meta-layouts":"default","ast-page-background-enabled":"default","ast-page-background-meta":{"desktop":{"background-color":"","background-image":"","background-repeat":"repeat","background-position":"center center","background-size":"auto","background-attachment":"scroll","background-type":"","background-media":"","overlay-type":"","overlay-color":"","overlay-opacity":"","overlay-gradient":""},"tablet":{"background-color":"","background-image":"","background-repeat":"repeat","background-position":"center center","background-size":"auto","background-attachment":"scroll","background-type":"","background-media":"","overlay-type":"","overlay-color":"","overlay-opacity":"","overlay-gradient":""},"mobile":{"background-color":"","background-image":"","background-repeat":"repeat","background-position":"center center","background-size":"auto","background-attachment":"scroll","background-type":"","background-media":"","overlay-type":"","overlay-color":"","overlay-opacity":"","overlay-gradient":""}},"ast-content-background-meta":{"desktop":{"background-color":"var(--ast-global-color-5)","background-image":"","background-repeat":"repeat","background-position":"center center","background-size":"auto","background-attachment":"scroll","background-type":"","background-media":"","overlay-type":"","overlay-color":"","overlay-opacity":"","overlay-gradient":""},"tablet":{"background-color":"var(--ast-global-color-5)","background-image":"","background-repeat":"repeat","background-position":"center center","background-size":"auto","background-attachment":"scroll","background-type":"","background-media":"","overlay-type":"","overlay-color":"","overlay-opacity":"","overlay-gradient":""},"mobile":{"background-color":"var(--ast-global-color-5)","background-image":"","background-repeat":"repeat","background-position":"center center","background-size":"auto","background-attachment":"scroll","background-type":"","background-media":"","overlay-type":"","overlay-color":"","overlay-opacity":"","overlay-gradient":""}}},"product_brand":[],"product_cat":[64,677],"product_tag":[162,88,80,160,87,90,161,163,159],"class_list":{"0":"post-3331","1":"product","2":"type-product","3":"status-publish","4":"has-post-thumbnail","6":"product_cat-kirjat","7":"product_cat-uutuudet","8":"product_tag-future","9":"product_tag-historia","10":"product_tag-jongleeraus","11":"product_tag-juggling","12":"product_tag-kirja","13":"product_tag-lahja","14":"product_tag-past","15":"product_tag-sirkus","16":"product_tag-ziethen","17":"desktop-align-center","18":"tablet-align-left","19":"mobile-align-left","21":"first","22":"instock","23":"taxable","24":"shipping-taxable","25":"purchasable","26":"product-type-simple"},"_links":{"self":[{"href":"https:\/\/sirkussirkus.com\/kauppa\/wp-json\/wp\/v2\/product\/3331","targetHints":{"allow":["GET"]}}],"collection":[{"href":"https:\/\/sirkussirkus.com\/kauppa\/wp-json\/wp\/v2\/product"}],"about":[{"href":"https:\/\/sirkussirkus.com\/kauppa\/wp-json\/wp\/v2\/types\/product"}],"version-history":[{"count":5,"href":"https:\/\/sirkussirkus.com\/kauppa\/wp-json\/wp\/v2\/product\/3331\/revisions"}],"predecessor-version":[{"id":3980,"href":"https:\/\/sirkussirkus.com\/kauppa\/wp-json\/wp\/v2\/product\/3331\/revisions\/3980"}],"wp:featuredmedia":[{"embeddable":true,"href":"https:\/\/sirkussirkus.com\/kauppa\/wp-json\/wp\/v2\/media\/5849"}],"wp:attachment":[{"href":"https:\/\/sirkussirkus.com\/kauppa\/wp-json\/wp\/v2\/media?parent=3331"}],"wp:term":[{"taxonomy":"product_brand","embeddable":true,"href":"https:\/\/sirkussirkus.com\/kauppa\/wp-json\/wp\/v2\/product_brand?post=3331"},{"taxonomy":"product_cat","embeddable":true,"href":"https:\/\/sirkussirkus.com\/kauppa\/wp-json\/wp\/v2\/product_cat?post=3331"},{"taxonomy":"product_tag","embeddable":true,"href":"https:\/\/sirkussirkus.com\/kauppa\/wp-json\/wp\/v2\/product_tag?post=3331"}],"curies":[{"name":"wp","href":"https:\/\/api.w.org\/{rel}","templated":true}]}}