{"id":3275,"date":"2023-04-09T17:25:48","date_gmt":"2023-04-09T17:25:48","guid":{"rendered":"https:\/\/sirkussirkus.com\/kauppa\/?post_type=product&#038;p=3275"},"modified":"2026-03-25T20:24:17","modified_gmt":"2026-03-25T20:24:17","slug":"kuutamo-pallo-60mm","status":"publish","type":"product","link":"https:\/\/sirkussirkus.com\/kauppa\/product\/kuutamo-pallo-60mm\/","title":{"rendered":"Kuutamo-pallo 60mm"},"content":{"rendered":"<p>Pienempi Kuutamo-pallo, joka sopii lapsille tai jongl\u00f6\u00f6reille, jotka haluavat heitt\u00e4\u00e4 yli kahdeksaa palloa. Pallo on niin kutsuttu ukrainalaistyylinen pallo, jossa on ohuen kuoren sis\u00e4ll\u00e4 vain 1\/3 hiekkat\u00e4ytett\u00e4. Vapaasti liikkuva hiekka antaa pallolle vakautta ilmassa pallon kevyest\u00e4 painosta huolimatta. Keveys taas helpottaa korkeita heittoja ja yli seitsem\u00e4n pallon jongleerauskuvioita. Lis\u00e4ksi pudotessaan pallo j\u00e4\u00e4 hiekan ansiosta usein aloilleen, eik\u00e4 vieri niin kauas kuin n\u00e4ytt\u00e4m\u00f6- tai tekstiilipallot. Kuutamo-pallot sopivat erinomaisesti my\u00f6s aloittelijoille.<\/p>\n<p>Kuutamo-pallo on ilmatiivis, joten se kest\u00e4\u00e4 my\u00f6s kosteutta ja sill\u00e4 voi jongleerata vaikka vedess\u00e4. Pallo on my\u00f6s jyrsij\u00e4turvallinen, koska t\u00e4ytteen\u00e4 on hiekka eik\u00e4 hirssi tai muu elintarvike.<\/p>\n<p>60mm \/ 60g<\/p>\n","protected":false},"excerpt":{"rendered":"<p>Pienempi Kuutamo-pallo, joka sopii lapsille tai jongl\u00f6\u00f6reille, jotka haluavat heitt\u00e4\u00e4 yli kahdeksaa palloa. Pallo on niin kutsuttu ukrainalaistyylinen pallo, jossa on ohuen kuoren sis\u00e4ll\u00e4 vain 1\/3 hiekkat\u00e4ytett\u00e4. Vapaasti liikkuva hiekka antaa pallolle vakautta ilmassa pallon kevyest\u00e4 painosta huolimatta. Keveys taas helpottaa korkeita heittoja ja yli seitsem\u00e4n pallon jongleerauskuvioita. Lis\u00e4ksi pudotessaan pallo j\u00e4\u00e4 hiekan ansiosta usein [&hellip;]<\/p>\n","protected":false},"featured_media":8972,"template":"","meta":{"site-sidebar-layout":"default","site-content-layout":"default","ast-site-content-layout":"default","site-content-style":"default","site-sidebar-style":"default","ast-global-header-display":"","ast-banner-title-visibility":"","ast-main-header-display":"","ast-hfb-above-header-display":"","ast-hfb-below-header-display":"","ast-hfb-mobile-header-display":"","site-post-title":"","ast-breadcrumbs-content":"","ast-featured-img":"","footer-sml-layout":"","theme-transparent-header-meta":"default","adv-header-id-meta":"","stick-header-meta":"","header-above-stick-meta":"","header-main-stick-meta":"","header-below-stick-meta":"","astra-migrate-meta-layouts":"set","ast-page-background-enabled":"default","ast-page-background-meta":{"desktop":{"background-color":"","background-image":"","background-repeat":"repeat","background-position":"center center","background-size":"auto","background-attachment":"scroll","background-type":"","background-media":"","overlay-type":"","overlay-color":"","overlay-opacity":"","overlay-gradient":""},"tablet":{"background-color":"","background-image":"","background-repeat":"repeat","background-position":"center center","background-size":"auto","background-attachment":"scroll","background-type":"","background-media":"","overlay-type":"","overlay-color":"","overlay-opacity":"","overlay-gradient":""},"mobile":{"background-color":"","background-image":"","background-repeat":"repeat","background-position":"center center","background-size":"auto","background-attachment":"scroll","background-type":"","background-media":"","overlay-type":"","overlay-color":"","overlay-opacity":"","overlay-gradient":""}},"ast-content-background-meta":{"desktop":{"background-color":"var(--ast-global-color-5)","background-image":"","background-repeat":"repeat","background-position":"center center","background-size":"auto","background-attachment":"scroll","background-type":"","background-media":"","overlay-type":"","overlay-color":"","overlay-opacity":"","overlay-gradient":""},"tablet":{"background-color":"var(--ast-global-color-5)","background-image":"","background-repeat":"repeat","background-position":"center center","background-size":"auto","background-attachment":"scroll","background-type":"","background-media":"","overlay-type":"","overlay-color":"","overlay-opacity":"","overlay-gradient":""},"mobile":{"background-color":"var(--ast-global-color-5)","background-image":"","background-repeat":"repeat","background-position":"center center","background-size":"auto","background-attachment":"scroll","background-type":"","background-media":"","overlay-type":"","overlay-color":"","overlay-opacity":"","overlay-gradient":""}}},"product_brand":[],"product_cat":[55,677],"product_tag":[158,80,58,56,57],"class_list":{"0":"post-3275","1":"product","2":"type-product","3":"status-publish","4":"has-post-thumbnail","6":"product_cat-jongleerauspallot","7":"product_cat-uutuudet","8":"product_tag-158","9":"product_tag-jongleeraus","10":"product_tag-kuutamo","11":"product_tag-pallo","12":"product_tag-pallot","13":"desktop-align-center","14":"tablet-align-left","15":"mobile-align-left","17":"first","18":"instock","19":"taxable","20":"shipping-taxable","21":"purchasable","22":"product-type-variable","23":"has-default-attributes"},"_links":{"self":[{"href":"https:\/\/sirkussirkus.com\/kauppa\/wp-json\/wp\/v2\/product\/3275","targetHints":{"allow":["GET"]}}],"collection":[{"href":"https:\/\/sirkussirkus.com\/kauppa\/wp-json\/wp\/v2\/product"}],"about":[{"href":"https:\/\/sirkussirkus.com\/kauppa\/wp-json\/wp\/v2\/types\/product"}],"version-history":[{"count":6,"href":"https:\/\/sirkussirkus.com\/kauppa\/wp-json\/wp\/v2\/product\/3275\/revisions"}],"predecessor-version":[{"id":8973,"href":"https:\/\/sirkussirkus.com\/kauppa\/wp-json\/wp\/v2\/product\/3275\/revisions\/8973"}],"wp:featuredmedia":[{"embeddable":true,"href":"https:\/\/sirkussirkus.com\/kauppa\/wp-json\/wp\/v2\/media\/8972"}],"wp:attachment":[{"href":"https:\/\/sirkussirkus.com\/kauppa\/wp-json\/wp\/v2\/media?parent=3275"}],"wp:term":[{"taxonomy":"product_brand","embeddable":true,"href":"https:\/\/sirkussirkus.com\/kauppa\/wp-json\/wp\/v2\/product_brand?post=3275"},{"taxonomy":"product_cat","embeddable":true,"href":"https:\/\/sirkussirkus.com\/kauppa\/wp-json\/wp\/v2\/product_cat?post=3275"},{"taxonomy":"product_tag","embeddable":true,"href":"https:\/\/sirkussirkus.com\/kauppa\/wp-json\/wp\/v2\/product_tag?post=3275"}],"curies":[{"name":"wp","href":"https:\/\/api.w.org\/{rel}","templated":true}]}}