{"id":2931,"date":"2023-05-06T18:09:39","date_gmt":"2023-05-06T18:09:39","guid":{"rendered":"https:\/\/sirkussirkus.com\/kauppa\/?post_type=product&#038;p=2931"},"modified":"2024-06-02T20:39:38","modified_gmt":"2024-06-02T20:39:38","slug":"kuutamo-pallo-75mm","status":"publish","type":"product","link":"https:\/\/sirkussirkus.com\/kauppa\/product\/kuutamo-pallo-75mm\/","title":{"rendered":"Kuutamo-pallo 75mm"},"content":{"rendered":"<p>Kai Kuutamon oma henkil\u00f6kohtainen pallomalli. Pallo on ukrainalaistyylinen Rudenko-pallo, jossa on ohuen kuoren sis\u00e4ll\u00e4 vain noin 1\/3 hiekkat\u00e4ytett\u00e4 pallon tilavuudesta. Vapaasti liikkuva hiekka antaa pallolle vakautta ilmassa pallon kevyest\u00e4 painosta huolimatta. Keveys taas helpottaa korkeita heittoja ja yli seitsem\u00e4n pallon jongleerauskuvioita huomattavasti. Lis\u00e4ksi pudotessaan pallo j\u00e4\u00e4 hiekan ansiosta usein aloilleen, eik\u00e4 vieri niin kauas kuin n\u00e4ytt\u00e4m\u00f6- tai tekstiilipallot. Erinomainen ja edullinen pallo sek\u00e4 aloittelijoille ett\u00e4 konkareille.<\/p>\n<p>Kuutamo-pallo on ilmatiivis, joten se kest\u00e4\u00e4 my\u00f6s kosteutta ja sill\u00e4 voi jongleerata vaikka vedess\u00e4. Pallo kelluu vedess\u00e4, ja se on my\u00f6s jyrsij\u00e4turvallinen, koska t\u00e4ytteen\u00e4 ei ole hirssi tai muu elintarvike.<\/p>\n<p>N\u00e4ill\u00e4 palloilla Kai Kuutamo rikkoi Suomen enn\u00e4tyksen 10 pallon jongleerauksessa vuonna 2015.<\/p>\n<p>75 mm \/ 70 g<\/p>\n<p>Sosiaalisessa mediassa: #kuutamopallot<\/p>\n","protected":false},"excerpt":{"rendered":"<p>Kai Kuutamon oma henkil\u00f6kohtainen pallomalli. Pallo on ukrainalaistyylinen Rudenko-pallo, jossa on ohuen kuoren sis\u00e4ll\u00e4 vain noin 1\/3 hiekkat\u00e4ytett\u00e4 pallon tilavuudesta. Vapaasti liikkuva hiekka antaa pallolle vakautta ilmassa pallon kevyest\u00e4 painosta huolimatta. Keveys taas helpottaa korkeita heittoja ja yli seitsem\u00e4n pallon jongleerauskuvioita huomattavasti. Lis\u00e4ksi pudotessaan pallo j\u00e4\u00e4 hiekan ansiosta usein aloilleen, eik\u00e4 vieri niin kauas kuin [&hellip;]<\/p>\n","protected":false},"featured_media":2933,"template":"","meta":{"site-sidebar-layout":"default","site-content-layout":"default","ast-site-content-layout":"default","site-content-style":"default","site-sidebar-style":"default","ast-global-header-display":"","ast-banner-title-visibility":"","ast-main-header-display":"","ast-hfb-above-header-display":"","ast-hfb-below-header-display":"","ast-hfb-mobile-header-display":"","site-post-title":"","ast-breadcrumbs-content":"","ast-featured-img":"","footer-sml-layout":"","theme-transparent-header-meta":"default","adv-header-id-meta":"","stick-header-meta":"","header-above-stick-meta":"","header-main-stick-meta":"","header-below-stick-meta":"","astra-migrate-meta-layouts":"default","ast-page-background-enabled":"default","ast-page-background-meta":{"desktop":{"background-color":"","background-image":"","background-repeat":"repeat","background-position":"center center","background-size":"auto","background-attachment":"scroll","background-type":"","background-media":"","overlay-type":"","overlay-color":"","overlay-opacity":"","overlay-gradient":""},"tablet":{"background-color":"","background-image":"","background-repeat":"repeat","background-position":"center center","background-size":"auto","background-attachment":"scroll","background-type":"","background-media":"","overlay-type":"","overlay-color":"","overlay-opacity":"","overlay-gradient":""},"mobile":{"background-color":"","background-image":"","background-repeat":"repeat","background-position":"center center","background-size":"auto","background-attachment":"scroll","background-type":"","background-media":"","overlay-type":"","overlay-color":"","overlay-opacity":"","overlay-gradient":""}},"ast-content-background-meta":{"desktop":{"background-color":"var(--ast-global-color-5)","background-image":"","background-repeat":"repeat","background-position":"center center","background-size":"auto","background-attachment":"scroll","background-type":"","background-media":"","overlay-type":"","overlay-color":"","overlay-opacity":"","overlay-gradient":""},"tablet":{"background-color":"var(--ast-global-color-5)","background-image":"","background-repeat":"repeat","background-position":"center center","background-size":"auto","background-attachment":"scroll","background-type":"","background-media":"","overlay-type":"","overlay-color":"","overlay-opacity":"","overlay-gradient":""},"mobile":{"background-color":"var(--ast-global-color-5)","background-image":"","background-repeat":"repeat","background-position":"center center","background-size":"auto","background-attachment":"scroll","background-type":"","background-media":"","overlay-type":"","overlay-color":"","overlay-opacity":"","overlay-gradient":""}}},"product_brand":[],"product_cat":[55],"product_tag":[154,80,155,58,157,156,56,57],"class_list":{"0":"post-2931","1":"product","2":"type-product","3":"status-publish","4":"has-post-thumbnail","6":"product_cat-jongleerauspallot","7":"product_tag-154","8":"product_tag-jongleeraus","9":"product_tag-jongloori","10":"product_tag-kuutamo","11":"product_tag-kymmenen","12":"product_tag-kymppi","13":"product_tag-pallo","14":"product_tag-pallot","15":"desktop-align-center","16":"tablet-align-left","17":"mobile-align-left","19":"first","20":"outofstock","21":"taxable","22":"shipping-taxable","23":"purchasable","24":"product-type-variable"},"_links":{"self":[{"href":"https:\/\/sirkussirkus.com\/kauppa\/wp-json\/wp\/v2\/product\/2931","targetHints":{"allow":["GET"]}}],"collection":[{"href":"https:\/\/sirkussirkus.com\/kauppa\/wp-json\/wp\/v2\/product"}],"about":[{"href":"https:\/\/sirkussirkus.com\/kauppa\/wp-json\/wp\/v2\/types\/product"}],"version-history":[{"count":8,"href":"https:\/\/sirkussirkus.com\/kauppa\/wp-json\/wp\/v2\/product\/2931\/revisions"}],"predecessor-version":[{"id":2935,"href":"https:\/\/sirkussirkus.com\/kauppa\/wp-json\/wp\/v2\/product\/2931\/revisions\/2935"}],"wp:featuredmedia":[{"embeddable":true,"href":"https:\/\/sirkussirkus.com\/kauppa\/wp-json\/wp\/v2\/media\/2933"}],"wp:attachment":[{"href":"https:\/\/sirkussirkus.com\/kauppa\/wp-json\/wp\/v2\/media?parent=2931"}],"wp:term":[{"taxonomy":"product_brand","embeddable":true,"href":"https:\/\/sirkussirkus.com\/kauppa\/wp-json\/wp\/v2\/product_brand?post=2931"},{"taxonomy":"product_cat","embeddable":true,"href":"https:\/\/sirkussirkus.com\/kauppa\/wp-json\/wp\/v2\/product_cat?post=2931"},{"taxonomy":"product_tag","embeddable":true,"href":"https:\/\/sirkussirkus.com\/kauppa\/wp-json\/wp\/v2\/product_tag?post=2931"}],"curies":[{"name":"wp","href":"https:\/\/api.w.org\/{rel}","templated":true}]}}