{"id":9,"date":"2022-04-22T08:12:47","date_gmt":"2022-04-22T08:12:47","guid":{"rendered":"https:\/\/sirkussirkus.com\/kauppa\/?page_id=9"},"modified":"2022-04-26T04:44:54","modified_gmt":"2022-04-26T04:44:54","slug":"toimitusehdot","status":"publish","type":"page","link":"https:\/\/sirkussirkus.com\/kauppa\/toimitusehdot\/","title":{"rendered":"Toimitusehdot"},"content":{"rendered":"\n<pre class=\"wp-block-preformatted\">Toimitusehdot\n\nSIRKUSSIRKUS KAJ-MIKAEL SCH\u00dcTT 2003842-8 (j\u00e4ljemp\u00e4n\u00e4 verkkokauppa) myy tuotteita yksityishenkil\u00f6ille ja yrityksille Suomeen. Pid\u00e4t\u00e4mme oikeuden toimitusehtojen ja hintojen muutoksiin. Tuotteiden hinnat sis\u00e4lt\u00e4v\u00e4t arvonlis\u00e4veron.\n\nVerkkokaupan yhteystiedot\n\nS\u00e4hk\u00f6posti: kauppa@sirkussirkus.com\nPuhelin: 040 754 6182\nK\u00e4yntiosoite ja noudot: Lonttistentie 12, kolmas kerros, 20100 Turku\nLaskutusosoite: Laivateollisuudenkatu 28 A 20, 20240 Turku\n\nTilaaminen\n\nTilattavat tuotteet valitaan verkkosivuilla lis\u00e4\u00e4m\u00e4ll\u00e4 ne ostoskoriin. Tilaus l\u00e4hetet\u00e4\u00e4n maksamalla ostoskorin sis\u00e4lt\u00f6 verkkokaupan kassatoiminnossa. Tehdess\u00e4si tilauksen hyv\u00e4ksyt n\u00e4m\u00e4 toimitusehdot, tuotteiden hinnat sek\u00e4 toimituskulut. Tilauksesta l\u00e4hetet\u00e4\u00e4n tilausvahvistus s\u00e4hk\u00f6postitse. Tilausvahvistuksesta ilmenev\u00e4t tilatut tuotteet sek\u00e4 hinta.\n\nToimitus\n\nTilauksia toimitetaan arkip\u00e4ivisin Matkahuollossa. Varastosta toimitettavien tuotteiden toimitusaika on yleens\u00e4 1-4 arkip\u00e4iv\u00e4\u00e4. Mik\u00e4li toimitettavat tuotteet ovat tilaustuotteita, toimitusaika on yleens\u00e4 1-3 viikkoa. Matkahuollon toimituskulut asiakkaalle ovat vakio (5,95 euroa). N\u00e4et toimituskulut verkkokaupan kassatoiminnossa ennen tilauksen lopullista hyv\u00e4ksymist\u00e4.\n\nMik\u00e4li tuote on kadonnut tai vioittunut toimituksen aikana, tulee t\u00e4st\u00e4 ilmoittaa viipym\u00e4tt\u00e4, mutta kuitenkin 14 vuorokauden kuluessa verkkokaupalle. Toimituksessa vioittuneista paketeista tulee viipym\u00e4tt\u00e4 ilmoittaa my\u00f6s Matkahuollolle.\n\nNoudot ovat mahdollisia torstaisin klo 16.00-18.00 osoitteesta Lonttistentie 12, kolmas kerros, 20100 Turku. P\u00e4ivit\u00e4mme poikkeukset aukioloajoissa verkkokaupan INFO-sivulle. Noudot onnistuvat my\u00f6s muina aikoina erikseen sovittaessa.\n\nMaksaminen\n\nVerkkokaupan maksuv\u00e4litt\u00e4j\u00e4n\u00e4 toimii Visma Pay (Visma Payments Oy, y-tunnus 2486559-4), joka on rekister\u00f6ity Finanssivalvonnan yll\u00e4pit\u00e4m\u00e4\u00e4n maksulaitosrekisteriin. Maksamiseen siirryt\u00e4\u00e4n Visma Payn verkkopalvelun kautta ja tiliotteella ja laskulla maksun saajana n\u00e4kyy Visma Pay tai Visma Payments Oy. Visma Pay v\u00e4litt\u00e4\u00e4 maksut verkkokauppiaalle. Maksaminen on turvallista, sill\u00e4 kaikki maksutapahtumaa koskevat tiedot v\u00e4litet\u00e4\u00e4n salattua yhteytt\u00e4 k\u00e4ytt\u00e4en niin ettei kukaan ulkopuolinen taho n\u00e4e maksutapahtuman tietoja.\n\nKauppa syntyy verkkokaupan asiakkaan ja verkkokaupan v\u00e4lille. Verkkokaupan vastuulla ovat kaikki kauppaan liittyv\u00e4t velvoitteet.\n\nLue lis\u00e4\u00e4 Visma Paysta: https:\/\/www.visma.fi\/vismapay\/\n\nMaksutavat\n\nVisma Pay -palvelun kautta voit maksaa verkkopankkitunnuksilla, lompakolla, maksukorteilla (credit\/debit), laskulla tai osamaksulla. K\u00e4ytett\u00e4viss\u00e4 ovat seuraavat maksutavat: Osuuspankki, Nordea, Danske Bank, Oma S\u00e4\u00e4st\u00f6pankki, S\u00e4\u00e4st\u00f6pankki, Aktia, Paikallisosuuspankit, S-Pankki, Handelsbanken, \u00c5landsbanken, MobilePay, Masterpass, Pivo, Visa-, Visa Debit-, Visa Electron-, MasterCard- ja Debit MasterCard -kortit, sek\u00e4 Jousto, Fellow Lasku ja Fellow Yrityslasku.\n\nMobilePay: Voit maksaa MobilePay-lompakollasi mik\u00e4li olet sallinut verkkokaupoissa maksamisen sovelluksen asetuksista. MobilePay-lompakolla suoritetut maksut veloitetaan lompakkoon liitetylt\u00e4 maksukortilta. Mik\u00e4li maksun veloittaminen maksukortilta ep\u00e4onnistuu, MobilePay-lompakolla maksaminen ei ole mahdollista verkkokaupassa.\n\nPivo: K\u00e4ytt\u00f6ehdot ovat tarjolla Pivon sivuilla: https:\/\/pivo.fi\/kayttoehdot\/pivon-kayttoehdot\/\n\nJousto lasku ja osamaksu on kotimainen palvelu, jolla teet ostoksesi nopeasti ja turvallisesti. Jousto on tarkoitettu yksityishenkil\u00f6ille, jotka ovat hoitaneet raha-asiansa moitteettomasti. Joustolla saat 30 vuorokautta korotonta ja kulutonta maksuaikaa. Laskun saatuasi voit p\u00e4\u00e4tt\u00e4\u00e4 maksatko sen kokonaan vai osissa. Osamaksulla voit maksaa ostoksesi jopa 36:ssa er\u00e4ss\u00e4, alkaen 9,90 eur\/kk. Jousto osamaksun kustannukset ovat 3,90 eur\/kk ja 19,90%:n luottokorko. Voit maksaa Joustolla 30\u20133000 euron ostoksia. Luotonmy\u00f6nt\u00e4j\u00e4n\u00e4 toimii Aurajoki Nordic Oy. Lue lis\u00e4\u00e4 Joustosta osoitteessa www.jousto.com.\n \nVisma Pay -maksupalvelun yhteystiedot\n\nVisma Payments Oy (Y-tunnus 2486559-4)\nS\u00e4hk\u00f6posti: helpdesk@vismapay.com\nPuhelin: 09 315 42 037 (arkisin klo 8-16)\nPostiosoite: Brahenkatu 4, 53100 Lappeenranta\n\nTilauksen peruuttaminen, virhevastuu ja reklamaatiot\n\nEnnen tilauksen toimitusta tilauksen voi peruuttaa kirjallisella ilmoituksella s\u00e4hk\u00f6postitse.\n\nVerkkokaupalla on lakis\u00e4\u00e4teinen virhevastuu myydyist\u00e4 tuotteista. Reklamaatiotapauksissa pyyd\u00e4mme olemaan yhteydess\u00e4 asiakaspalveluumme. Kuluttajalla on oikeus vied\u00e4 mahdolliset riitatilanteet kuluttajariitalautakunnan ratkaistavaksi.\n\n<\/pre>\n\n\n\n<p><\/p>\n","protected":false},"excerpt":{"rendered":"<p>Toimitusehdot SIRKUSSIRKUS KAJ-MIKAEL SCH\u00dcTT 2003842-8 (j\u00e4ljemp\u00e4n\u00e4 verkkokauppa) myy tuotteita yksityishenkil\u00f6ille ja yrityksille Suomeen. Pid\u00e4t\u00e4mme oikeuden toimitusehtojen ja hintojen muutoksiin. Tuotteiden hinnat sis\u00e4lt\u00e4v\u00e4t arvonlis\u00e4veron. Verkkokaupan yhteystiedot S\u00e4hk\u00f6posti: kauppa@sirkussirkus.com Puhelin: 040 754 6182 K\u00e4yntiosoite ja noudot: Lonttistentie 12, kolmas kerros, 20100 Turku Laskutusosoite: Laivateollisuudenkatu 28 A 20, 20240 Turku Tilaaminen Tilattavat tuotteet valitaan verkkosivuilla lis\u00e4\u00e4m\u00e4ll\u00e4 ne ostoskoriin. [&hellip;]<\/p>\n","protected":false},"author":1,"featured_media":0,"parent":0,"menu_order":0,"comment_status":"closed","ping_status":"closed","template":"","meta":{"site-sidebar-layout":"default","site-content-layout":"","ast-site-content-layout":"default","site-content-style":"default","site-sidebar-style":"default","ast-global-header-display":"","ast-banner-title-visibility":"","ast-main-header-display":"","ast-hfb-above-header-display":"","ast-hfb-below-header-display":"","ast-hfb-mobile-header-display":"","site-post-title":"","ast-breadcrumbs-content":"","ast-featured-img":"","footer-sml-layout":"","theme-transparent-header-meta":"","adv-header-id-meta":"","stick-header-meta":"","header-above-stick-meta":"","header-main-stick-meta":"","header-below-stick-meta":"","astra-migrate-meta-layouts":"default","ast-page-background-enabled":"default","ast-page-background-meta":{"desktop":{"background-color":"","background-image":"","background-repeat":"repeat","background-position":"center center","background-size":"auto","background-attachment":"scroll","background-type":"","background-media":"","overlay-type":"","overlay-color":"","overlay-opacity":"","overlay-gradient":""},"tablet":{"background-color":"","background-image":"","background-repeat":"repeat","background-position":"center center","background-size":"auto","background-attachment":"scroll","background-type":"","background-media":"","overlay-type":"","overlay-color":"","overlay-opacity":"","overlay-gradient":""},"mobile":{"background-color":"","background-image":"","background-repeat":"repeat","background-position":"center center","background-size":"auto","background-attachment":"scroll","background-type":"","background-media":"","overlay-type":"","overlay-color":"","overlay-opacity":"","overlay-gradient":""}},"ast-content-background-meta":{"desktop":{"background-color":"var(--ast-global-color-5)","background-image":"","background-repeat":"repeat","background-position":"center center","background-size":"auto","background-attachment":"scroll","background-type":"","background-media":"","overlay-type":"","overlay-color":"","overlay-opacity":"","overlay-gradient":""},"tablet":{"background-color":"var(--ast-global-color-5)","background-image":"","background-repeat":"repeat","background-position":"center center","background-size":"auto","background-attachment":"scroll","background-type":"","background-media":"","overlay-type":"","overlay-color":"","overlay-opacity":"","overlay-gradient":""},"mobile":{"background-color":"var(--ast-global-color-5)","background-image":"","background-repeat":"repeat","background-position":"center center","background-size":"auto","background-attachment":"scroll","background-type":"","background-media":"","overlay-type":"","overlay-color":"","overlay-opacity":"","overlay-gradient":""}},"footnotes":""},"class_list":["post-9","page","type-page","status-publish","hentry"],"_links":{"self":[{"href":"https:\/\/sirkussirkus.com\/kauppa\/wp-json\/wp\/v2\/pages\/9","targetHints":{"allow":["GET"]}}],"collection":[{"href":"https:\/\/sirkussirkus.com\/kauppa\/wp-json\/wp\/v2\/pages"}],"about":[{"href":"https:\/\/sirkussirkus.com\/kauppa\/wp-json\/wp\/v2\/types\/page"}],"author":[{"embeddable":true,"href":"https:\/\/sirkussirkus.com\/kauppa\/wp-json\/wp\/v2\/users\/1"}],"replies":[{"embeddable":true,"href":"https:\/\/sirkussirkus.com\/kauppa\/wp-json\/wp\/v2\/comments?post=9"}],"version-history":[{"count":6,"href":"https:\/\/sirkussirkus.com\/kauppa\/wp-json\/wp\/v2\/pages\/9\/revisions"}],"predecessor-version":[{"id":3779,"href":"https:\/\/sirkussirkus.com\/kauppa\/wp-json\/wp\/v2\/pages\/9\/revisions\/3779"}],"wp:attachment":[{"href":"https:\/\/sirkussirkus.com\/kauppa\/wp-json\/wp\/v2\/media?parent=9"}],"curies":[{"name":"wp","href":"https:\/\/api.w.org\/{rel}","templated":true}]}}