{"id":43,"date":"2017-12-17T10:06:43","date_gmt":"2017-12-17T10:06:43","guid":{"rendered":"https:\/\/sirkussirkus.com\/kauppa\/about\/"},"modified":"2026-03-31T09:07:14","modified_gmt":"2026-03-31T09:07:14","slug":"info","status":"publish","type":"page","link":"https:\/\/sirkussirkus.com\/kauppa\/info\/","title":{"rendered":"Info"},"content":{"rendered":"\t\t<div data-elementor-type=\"wp-post\" data-elementor-id=\"43\" class=\"elementor elementor-43\">\n\t\t\t\t\t\t<section class=\"elementor-section elementor-top-section elementor-element elementor-element-8c39fce elementor-section-boxed elementor-section-height-default elementor-section-height-default\" data-id=\"8c39fce\" data-element_type=\"section\" data-e-type=\"section\" data-settings=\"{&quot;background_background&quot;:&quot;classic&quot;}\">\n\t\t\t\t\t\t\t<div class=\"elementor-background-overlay\"><\/div>\n\t\t\t\t\t\t\t<div class=\"elementor-container elementor-column-gap-default\">\n\t\t\t\t\t<div class=\"elementor-column elementor-col-100 elementor-top-column elementor-element elementor-element-b1952b1\" data-id=\"b1952b1\" data-element_type=\"column\" data-e-type=\"column\">\n\t\t\t<div class=\"elementor-widget-wrap elementor-element-populated\">\n\t\t\t\t\t\t<div class=\"elementor-element elementor-element-03b93f0 elementor-widget elementor-widget-heading\" data-id=\"03b93f0\" data-element_type=\"widget\" data-e-type=\"widget\" data-widget_type=\"heading.default\">\n\t\t\t\t<div class=\"elementor-widget-container\">\n\t\t\t\t\t<h1 class=\"elementor-heading-title elementor-size-default\">Kai Kuutamo &amp; Sirkussirkus<br>Sirkuskauppa.com<\/h1>\t\t\t\t<\/div>\n\t\t\t\t<\/div>\n\t\t\t\t\t<\/div>\n\t\t<\/div>\n\t\t\t\t\t<\/div>\n\t\t<\/section>\n\t\t\t\t<section class=\"elementor-section elementor-top-section elementor-element elementor-element-d28c655 elementor-section-full_width elementor-section-height-default elementor-section-height-default\" data-id=\"d28c655\" data-element_type=\"section\" data-e-type=\"section\" data-settings=\"{&quot;background_background&quot;:&quot;classic&quot;}\">\n\t\t\t\t\t\t<div class=\"elementor-container elementor-column-gap-default\">\n\t\t\t\t\t<div class=\"elementor-column elementor-col-100 elementor-top-column elementor-element elementor-element-997bde8\" data-id=\"997bde8\" data-element_type=\"column\" data-e-type=\"column\">\n\t\t\t<div class=\"elementor-widget-wrap elementor-element-populated\">\n\t\t\t\t\t\t<section class=\"elementor-section elementor-inner-section elementor-element elementor-element-83b3443 elementor-section-full_width elementor-section-content-middle elementor-section-height-default elementor-section-height-default\" data-id=\"83b3443\" data-element_type=\"section\" data-e-type=\"section\">\n\t\t\t\t\t\t<div class=\"elementor-container elementor-column-gap-no\">\n\t\t\t\t\t<div class=\"elementor-column elementor-col-50 elementor-inner-column elementor-element elementor-element-fe6e6ed\" data-id=\"fe6e6ed\" data-element_type=\"column\" data-e-type=\"column\" data-settings=\"{&quot;background_background&quot;:&quot;classic&quot;}\">\n\t\t\t<div class=\"elementor-widget-wrap elementor-element-populated\">\n\t\t\t\t\t\t<div class=\"elementor-element elementor-element-2a5a40c elementor-widget-divider--view-line elementor-widget elementor-widget-divider\" data-id=\"2a5a40c\" data-element_type=\"widget\" data-e-type=\"widget\" data-widget_type=\"divider.default\">\n\t\t\t\t<div class=\"elementor-widget-container\">\n\t\t\t\t\t\t\t<div class=\"elementor-divider\">\n\t\t\t<span class=\"elementor-divider-separator\">\n\t\t\t\t\t\t<\/span>\n\t\t<\/div>\n\t\t\t\t\t\t<\/div>\n\t\t\t\t<\/div>\n\t\t\t\t<div class=\"elementor-element elementor-element-ef5188a elementor-widget elementor-widget-image-box\" data-id=\"ef5188a\" data-element_type=\"widget\" data-e-type=\"widget\" data-widget_type=\"image-box.default\">\n\t\t\t\t<div class=\"elementor-widget-container\">\n\t\t\t\t\t<div class=\"elementor-image-box-wrapper\"><div class=\"elementor-image-box-content\"><h3 class=\"elementor-image-box-title\"><font color=\"#FF0F0F\">Ainoa ja asiantunteva. <br>Verkossa ja Turussa.<\/font><\/h3><p class=\"elementor-image-box-description\">Rehellist\u00e4 kauppaa jo vuodesta 2005!<\/p><\/div><\/div>\t\t\t\t<\/div>\n\t\t\t\t<\/div>\n\t\t\t\t<div class=\"elementor-element elementor-element-d83f14e elementor-align-left elementor-widget elementor-widget-button\" data-id=\"d83f14e\" data-element_type=\"widget\" data-e-type=\"widget\" data-widget_type=\"button.default\">\n\t\t\t\t<div class=\"elementor-widget-container\">\n\t\t\t\t\t\t\t\t\t<div class=\"elementor-button-wrapper\">\n\t\t\t\t\t<a class=\"elementor-button elementor-button-link elementor-size-md\" href=\"https:\/\/mailchi.mp\/275598e976fd\/vmhz3dvqpk\">\n\t\t\t\t\t\t<span class=\"elementor-button-content-wrapper\">\n\t\t\t\t\t\t\t\t\t<span class=\"elementor-button-text\">Tilaa Uutiskirje<\/span>\n\t\t\t\t\t<\/span>\n\t\t\t\t\t<\/a>\n\t\t\t\t<\/div>\n\t\t\t\t\t\t\t\t<\/div>\n\t\t\t\t<\/div>\n\t\t\t\t\t<\/div>\n\t\t<\/div>\n\t\t\t\t<div class=\"elementor-column elementor-col-50 elementor-inner-column elementor-element elementor-element-7b5ea60\" data-id=\"7b5ea60\" data-element_type=\"column\" data-e-type=\"column\" data-settings=\"{&quot;background_background&quot;:&quot;classic&quot;}\">\n\t\t\t<div class=\"elementor-widget-wrap\">\n\t\t\t\t\t<div class=\"elementor-background-overlay\"><\/div>\n\t\t\t\t\t\t\t<\/div>\n\t\t<\/div>\n\t\t\t\t\t<\/div>\n\t\t<\/section>\n\t\t\t\t\t<\/div>\n\t\t<\/div>\n\t\t\t\t\t<\/div>\n\t\t<\/section>\n\t\t\t\t<section class=\"elementor-section elementor-top-section elementor-element elementor-element-3a9b7e0 elementor-section-boxed elementor-section-height-default elementor-section-height-default\" data-id=\"3a9b7e0\" data-element_type=\"section\" data-e-type=\"section\" data-settings=\"{&quot;background_background&quot;:&quot;classic&quot;}\">\n\t\t\t\t\t\t<div class=\"elementor-container elementor-column-gap-default\">\n\t\t\t\t\t<div class=\"elementor-column elementor-col-100 elementor-top-column elementor-element elementor-element-a053cfd\" data-id=\"a053cfd\" data-element_type=\"column\" data-e-type=\"column\">\n\t\t\t<div class=\"elementor-widget-wrap elementor-element-populated\">\n\t\t\t\t\t\t<div class=\"elementor-element elementor-element-5a3366c elementor-widget elementor-widget-image-box\" data-id=\"5a3366c\" data-element_type=\"widget\" data-e-type=\"widget\" data-widget_type=\"image-box.default\">\n\t\t\t\t<div class=\"elementor-widget-container\">\n\t\t\t\t\t<div class=\"elementor-image-box-wrapper\"><div class=\"elementor-image-box-content\"><h2 class=\"elementor-image-box-title\"><font color=\"#FF0F0F\">Joulu 2025 - Aikataulu<\/font><\/h2><p class=\"elementor-image-box-description\">Viimeiset l\u00e4hetykset ennen joulua k\u00e4sittelemme perjantaina 19.12. T\u00e4m\u00e4n j\u00e4lkeen tulleet tilaukset liikkuvat taas maanantaina 29.12. alkaen.<\/p><\/div><\/div>\t\t\t\t<\/div>\n\t\t\t\t<\/div>\n\t\t\t\t<div class=\"elementor-element elementor-element-ae35202 elementor-widget-divider--view-line elementor-widget elementor-widget-divider\" data-id=\"ae35202\" data-element_type=\"widget\" data-e-type=\"widget\" data-widget_type=\"divider.default\">\n\t\t\t\t<div class=\"elementor-widget-container\">\n\t\t\t\t\t\t\t<div class=\"elementor-divider\">\n\t\t\t<span class=\"elementor-divider-separator\">\n\t\t\t\t\t\t<\/span>\n\t\t<\/div>\n\t\t\t\t\t\t<\/div>\n\t\t\t\t<\/div>\n\t\t\t\t<div class=\"elementor-element elementor-element-e2fdded elementor-widget elementor-widget-image-box\" data-id=\"e2fdded\" data-element_type=\"widget\" data-e-type=\"widget\" data-widget_type=\"image-box.default\">\n\t\t\t\t<div class=\"elementor-widget-container\">\n\t\t\t\t\t<div class=\"elementor-image-box-wrapper\"><div class=\"elementor-image-box-content\"><h2 class=\"elementor-image-box-title\"><font color=\"#FF0F0F\">Tervetuloa sirkuskauppaan!<\/font><\/h2><p class=\"elementor-image-box-description\">- Sirkuskauppa.com ei pyri tarjoamaan laajinta valikoimaa, vaan pikemminkin vain parasta laatua.<br>- Hinta-laatusuhde on suuri vaikuttaja tuotteiden valikoinnissa myyntilistallemme.<br>- Toinen painava tekij\u00e4 on ammattilaisten ja tosiharrastajien k\u00e4ytt\u00f6kokemukset.<br>- Sirkusv\u00e4lineiden k\u00e4ytt\u00f6 tapahtuu aina omalla vastuulla.<br>- Kaikki hinnat ovat kappalehintoja, ellei toisin mainita.<br><\/p><\/div><\/div>\t\t\t\t<\/div>\n\t\t\t\t<\/div>\n\t\t\t\t<div class=\"elementor-element elementor-element-2c2f0f2 elementor-widget-divider--view-line elementor-widget elementor-widget-divider\" data-id=\"2c2f0f2\" data-element_type=\"widget\" data-e-type=\"widget\" data-widget_type=\"divider.default\">\n\t\t\t\t<div class=\"elementor-widget-container\">\n\t\t\t\t\t\t\t<div class=\"elementor-divider\">\n\t\t\t<span class=\"elementor-divider-separator\">\n\t\t\t\t\t\t<\/span>\n\t\t<\/div>\n\t\t\t\t\t\t<\/div>\n\t\t\t\t<\/div>\n\t\t\t\t<div class=\"elementor-element elementor-element-4d5263d elementor-widget elementor-widget-image-box\" data-id=\"4d5263d\" data-element_type=\"widget\" data-e-type=\"widget\" data-widget_type=\"image-box.default\">\n\t\t\t\t<div class=\"elementor-widget-container\">\n\t\t\t\t\t<div class=\"elementor-image-box-wrapper\"><div class=\"elementor-image-box-content\"><h2 class=\"elementor-image-box-title\"><font color=\"#FF0F0F\">Toimitus ja noudot<\/font><\/h2><p class=\"elementor-image-box-description\">Kaikki toimitukset Matkahuollossa samalla kiinte\u00e4ll\u00e4 hinnalla.<br>Toimitusaika 1-4 arkip\u00e4iv\u00e4\u00e4.<br>Noudot ja aukiolo vain erikseen sovittuna.<br>Lonttistentie 12, kolmas kerros, 20100 Turku.<br>K\u00e4yt\u00e4mme Matkahuoltoa ymp\u00e4rist\u00f6yst\u00e4v\u00e4llisyyden, luotettavuuden ja nopeuden johdosta.<br><\/p><\/div><\/div>\t\t\t\t<\/div>\n\t\t\t\t<\/div>\n\t\t\t\t<div class=\"elementor-element elementor-element-0955f59 elementor-align-center elementor-widget elementor-widget-button\" data-id=\"0955f59\" data-element_type=\"widget\" data-e-type=\"widget\" data-widget_type=\"button.default\">\n\t\t\t\t<div class=\"elementor-widget-container\">\n\t\t\t\t\t\t\t\t\t<div class=\"elementor-button-wrapper\">\n\t\t\t\t\t<a class=\"elementor-button elementor-button-link elementor-size-md\" href=\"https:\/\/sirkussirkus.com\/kauppa\/toimitusehdot\/\">\n\t\t\t\t\t\t<span class=\"elementor-button-content-wrapper\">\n\t\t\t\t\t\t\t\t\t<span class=\"elementor-button-text\">Toimitusehdot<\/span>\n\t\t\t\t\t<\/span>\n\t\t\t\t\t<\/a>\n\t\t\t\t<\/div>\n\t\t\t\t\t\t\t\t<\/div>\n\t\t\t\t<\/div>\n\t\t\t\t<div class=\"elementor-element elementor-element-de86a3c elementor-widget-divider--view-line elementor-widget elementor-widget-divider\" data-id=\"de86a3c\" data-element_type=\"widget\" data-e-type=\"widget\" data-widget_type=\"divider.default\">\n\t\t\t\t<div class=\"elementor-widget-container\">\n\t\t\t\t\t\t\t<div class=\"elementor-divider\">\n\t\t\t<span class=\"elementor-divider-separator\">\n\t\t\t\t\t\t<\/span>\n\t\t<\/div>\n\t\t\t\t\t\t<\/div>\n\t\t\t\t<\/div>\n\t\t\t\t<div class=\"elementor-element elementor-element-0ba693e elementor-widget elementor-widget-image-box\" data-id=\"0ba693e\" data-element_type=\"widget\" data-e-type=\"widget\" data-widget_type=\"image-box.default\">\n\t\t\t\t<div class=\"elementor-widget-container\">\n\t\t\t\t\t<div class=\"elementor-image-box-wrapper\"><div class=\"elementor-image-box-content\"><h2 class=\"elementor-image-box-title\"><font color=\"#FF0F0F\">Tiesitk\u00f6?<\/font><\/h2><p class=\"elementor-image-box-description\">- Kaikki Sirkuskauppa.comin pakkausmateriaalit ovat teippi\u00e4 lukuunottamatta 100% kierr\u00e4tettyj\u00e4. N\u00e4in on ja n\u00e4in on aina ollut vuodesta 2005 l\u00e4htien.<br>- Teippin\u00e4 k\u00e4yt\u00e4mme nyky\u00e4\u00e4n suurimmaksi osaksi kierr\u00e4tett\u00e4v\u00e4\u00e4 paperiteippi\u00e4, jossa on vahva luonnonkumiliima.<\/p><\/div><\/div>\t\t\t\t<\/div>\n\t\t\t\t<\/div>\n\t\t\t\t<div class=\"elementor-element elementor-element-cab4906 elementor-widget-divider--view-line elementor-widget elementor-widget-divider\" data-id=\"cab4906\" data-element_type=\"widget\" data-e-type=\"widget\" data-widget_type=\"divider.default\">\n\t\t\t\t<div class=\"elementor-widget-container\">\n\t\t\t\t\t\t\t<div class=\"elementor-divider\">\n\t\t\t<span class=\"elementor-divider-separator\">\n\t\t\t\t\t\t<\/span>\n\t\t<\/div>\n\t\t\t\t\t\t<\/div>\n\t\t\t\t<\/div>\n\t\t\t\t<div class=\"elementor-element elementor-element-63cc833 elementor-widget elementor-widget-image-box\" data-id=\"63cc833\" data-element_type=\"widget\" data-e-type=\"widget\" data-widget_type=\"image-box.default\">\n\t\t\t\t<div class=\"elementor-widget-container\">\n\t\t\t\t\t<div class=\"elementor-image-box-wrapper\"><div class=\"elementor-image-box-content\"><h2 class=\"elementor-image-box-title\"><font color=\"#FF0F0F\">Historia<\/font><\/h2><p class=\"elementor-image-box-description\">Sirkustaiteilija Kai Kuutamo perusti Sirkussirkus Putiikin alkuper\u00e4isen kivijalkakaupan Jarrumiehenkadulle Turkuun vuonna 2005. Putiikki toimi Jarrumiehenkadulla aina vuoteen 2010 asti. Sirkussirkus Putiikki oli suljettuna kokonaan vuodet 2011-2015 Aasiassa tapahtuvan esitys- ja opetusty\u00f6n johdosta ja se avattiin suomeentumisen my\u00f6t\u00e4 uudestaan verkkokauppana maaliskuussa 2016. Marraskuussa 2017 Sirkussirkus muutti uuteen osoitteeseen Lonttistentie 14, Turku.<br><br>Kivijalkakauppaa pidettiin t\u00e4ll\u00e4 paikalla reilut kaksi vuotta, jonka j\u00e4lkeen jouduimme vuokrasopimuksen loputtua siirtym\u00e4\u00e4n saman rakennuksen kolmanteen kerrokseen. Maaliskuussa 2020 kivijalkakauppa muuttui uusien tilojen ehdoilla varastomyym\u00e4l\u00e4ksi. Nykyinen osoite on Lonttistentie 12, 3. kerros, Turku. Sis\u00e4\u00e4nk\u00e4ynti Helsinginkadun ja Lonttistentien kulmasta.<br><br>Sirkussirkuksen tila on my\u00f6s Kai Kuutamon toimisto, ty\u00f6tila ja varasto. Pyrimme pit\u00e4m\u00e4\u00e4n yll\u00e4 rentoa tunnelmaa ja tarjoamaan asiakkaille yksil\u00f6llist\u00e4 palvelua. Sirkussirkuksen varastomyym\u00e4l\u00e4ss\u00e4 palvelevat my\u00f6s usein Kai Kuutamon lis\u00e4ksi sirkustaiteilijat Marianne, Rosa ja Hanna.<\/p><\/div><\/div>\t\t\t\t<\/div>\n\t\t\t\t<\/div>\n\t\t\t\t<div class=\"elementor-element elementor-element-f572cb9 elementor-widget-divider--view-line elementor-widget elementor-widget-divider\" data-id=\"f572cb9\" data-element_type=\"widget\" data-e-type=\"widget\" data-widget_type=\"divider.default\">\n\t\t\t\t<div class=\"elementor-widget-container\">\n\t\t\t\t\t\t\t<div class=\"elementor-divider\">\n\t\t\t<span class=\"elementor-divider-separator\">\n\t\t\t\t\t\t<\/span>\n\t\t<\/div>\n\t\t\t\t\t\t<\/div>\n\t\t\t\t<\/div>\n\t\t\t\t<div class=\"elementor-element elementor-element-66709a9 elementor-widget elementor-widget-image-box\" data-id=\"66709a9\" data-element_type=\"widget\" data-e-type=\"widget\" data-widget_type=\"image-box.default\">\n\t\t\t\t<div class=\"elementor-widget-container\">\n\t\t\t\t\t<div class=\"elementor-image-box-wrapper\"><div class=\"elementor-image-box-content\"><h2 class=\"elementor-image-box-title\"><font color=\"#FF0F0F\">Henkil\u00f6kunta<\/font><\/h2><\/div><\/div>\t\t\t\t<\/div>\n\t\t\t\t<\/div>\n\t\t\t\t<section class=\"elementor-section elementor-inner-section elementor-element elementor-element-c372f18 elementor-section-boxed elementor-section-height-default elementor-section-height-default\" data-id=\"c372f18\" data-element_type=\"section\" data-e-type=\"section\">\n\t\t\t\t\t\t<div class=\"elementor-container elementor-column-gap-default\">\n\t\t\t\t\t<div class=\"elementor-column elementor-col-33 elementor-inner-column elementor-element elementor-element-42c0bf7\" data-id=\"42c0bf7\" data-element_type=\"column\" data-e-type=\"column\">\n\t\t\t<div class=\"elementor-widget-wrap elementor-element-populated\">\n\t\t\t\t\t\t<div class=\"elementor-element elementor-element-80a54a9 elementor-position-top elementor-widget elementor-widget-image-box\" data-id=\"80a54a9\" data-element_type=\"widget\" data-e-type=\"widget\" data-widget_type=\"image-box.default\">\n\t\t\t\t<div class=\"elementor-widget-container\">\n\t\t\t\t\t<div class=\"elementor-image-box-wrapper\"><figure class=\"elementor-image-box-img\"><img decoding=\"async\" src=\"https:\/\/sirkussirkus.com\/kauppa\/wp-content\/uploads\/2022\/04\/naama1-1-500x500.jpg\" title=\"naama1\" alt=\"naama1\" loading=\"lazy\" \/><\/figure><div class=\"elementor-image-box-content\"><h4 class=\"elementor-image-box-title\"><br><font color=\"#FF0F0F\">Kai Kuutamo<\/font><\/h4><p class=\"elementor-image-box-description\">Perustaja - Johtaja<br>Verkkokaupan yll\u00e4pito<\/p><\/div><\/div>\t\t\t\t<\/div>\n\t\t\t\t<\/div>\n\t\t\t\t\t<\/div>\n\t\t<\/div>\n\t\t\t\t<div class=\"elementor-column elementor-col-33 elementor-inner-column elementor-element elementor-element-f27bf2f\" data-id=\"f27bf2f\" data-element_type=\"column\" data-e-type=\"column\">\n\t\t\t<div class=\"elementor-widget-wrap elementor-element-populated\">\n\t\t\t\t\t\t<div class=\"elementor-element elementor-element-41298ba elementor-position-top elementor-widget elementor-widget-image-box\" data-id=\"41298ba\" data-element_type=\"widget\" data-e-type=\"widget\" data-widget_type=\"image-box.default\">\n\t\t\t\t<div class=\"elementor-widget-container\">\n\t\t\t\t\t<div class=\"elementor-image-box-wrapper\"><figure class=\"elementor-image-box-img\"><img fetchpriority=\"high\" decoding=\"async\" width=\"426\" height=\"431\" src=\"https:\/\/sirkussirkus.com\/kauppa\/wp-content\/uploads\/2022\/04\/naama2b-500x500-e1649763411193.jpg\" class=\"attachment-full size-full wp-image-3474\" alt=\"\" srcset=\"https:\/\/sirkussirkus.com\/kauppa\/wp-content\/uploads\/2022\/04\/naama2b-500x500-e1649763411193.jpg 426w, https:\/\/sirkussirkus.com\/kauppa\/wp-content\/uploads\/2022\/04\/naama2b-500x500-e1649763411193-100x100.jpg 100w, https:\/\/sirkussirkus.com\/kauppa\/wp-content\/uploads\/2022\/04\/naama2b-500x500-e1649763411193-297x300.jpg 297w\" sizes=\"(max-width: 426px) 100vw, 426px\" \/><\/figure><div class=\"elementor-image-box-content\"><h4 class=\"elementor-image-box-title\"><br><font color=\"#FF0F0F\">Marianne Vaalimaa<\/font><\/h4><p class=\"elementor-image-box-description\">Projektijohtaja<\/p><\/div><\/div>\t\t\t\t<\/div>\n\t\t\t\t<\/div>\n\t\t\t\t\t<\/div>\n\t\t<\/div>\n\t\t\t\t<div class=\"elementor-column elementor-col-33 elementor-inner-column elementor-element elementor-element-a2ce1ac\" data-id=\"a2ce1ac\" data-element_type=\"column\" data-e-type=\"column\">\n\t\t\t<div class=\"elementor-widget-wrap elementor-element-populated\">\n\t\t\t\t\t\t<div class=\"elementor-element elementor-element-2dd0cc7 elementor-position-top elementor-widget elementor-widget-image-box\" data-id=\"2dd0cc7\" data-element_type=\"widget\" data-e-type=\"widget\" data-widget_type=\"image-box.default\">\n\t\t\t\t<div class=\"elementor-widget-container\">\n\t\t\t\t\t<div class=\"elementor-image-box-wrapper\"><figure class=\"elementor-image-box-img\"><img decoding=\"async\" width=\"420\" height=\"415\" src=\"https:\/\/sirkussirkus.com\/kauppa\/wp-content\/uploads\/2022\/04\/naama3b-500x500-e1649763461512.jpg\" class=\"attachment-full size-full wp-image-3476\" alt=\"\" srcset=\"https:\/\/sirkussirkus.com\/kauppa\/wp-content\/uploads\/2022\/04\/naama3b-500x500-e1649763461512.jpg 420w, https:\/\/sirkussirkus.com\/kauppa\/wp-content\/uploads\/2022\/04\/naama3b-500x500-e1649763461512-100x100.jpg 100w, https:\/\/sirkussirkus.com\/kauppa\/wp-content\/uploads\/2022\/04\/naama3b-500x500-e1649763461512-300x296.jpg 300w\" sizes=\"(max-width: 420px) 100vw, 420px\" \/><\/figure><div class=\"elementor-image-box-content\"><h4 class=\"elementor-image-box-title\"><font color=\"#FF0F0F\">Rosa Laukkanen<\/font><\/h4><p class=\"elementor-image-box-description\">Myyntikoordinaattori<\/p><\/div><\/div>\t\t\t\t<\/div>\n\t\t\t\t<\/div>\n\t\t\t\t\t<\/div>\n\t\t<\/div>\n\t\t\t\t\t<\/div>\n\t\t<\/section>\n\t\t\t\t<div class=\"elementor-element elementor-element-b38a0b4 elementor-widget-divider--view-line elementor-widget elementor-widget-divider\" data-id=\"b38a0b4\" data-element_type=\"widget\" data-e-type=\"widget\" data-widget_type=\"divider.default\">\n\t\t\t\t<div class=\"elementor-widget-container\">\n\t\t\t\t\t\t\t<div class=\"elementor-divider\">\n\t\t\t<span class=\"elementor-divider-separator\">\n\t\t\t\t\t\t<\/span>\n\t\t<\/div>\n\t\t\t\t\t\t<\/div>\n\t\t\t\t<\/div>\n\t\t\t\t<div class=\"elementor-element elementor-element-3464f42 elementor-widget-divider--view-line elementor-widget elementor-widget-divider\" data-id=\"3464f42\" data-element_type=\"widget\" data-e-type=\"widget\" data-widget_type=\"divider.default\">\n\t\t\t\t<div class=\"elementor-widget-container\">\n\t\t\t\t\t\t\t<div class=\"elementor-divider\">\n\t\t\t<span class=\"elementor-divider-separator\">\n\t\t\t\t\t\t<\/span>\n\t\t<\/div>\n\t\t\t\t\t\t<\/div>\n\t\t\t\t<\/div>\n\t\t\t\t<div class=\"elementor-element elementor-element-0c36ad6 elementor-widget elementor-widget-image-box\" data-id=\"0c36ad6\" data-element_type=\"widget\" data-e-type=\"widget\" data-widget_type=\"image-box.default\">\n\t\t\t\t<div class=\"elementor-widget-container\">\n\t\t\t\t\t<div class=\"elementor-image-box-wrapper\"><div class=\"elementor-image-box-content\"><h2 class=\"elementor-image-box-title\"><font color=\"#FF0F0F\">Sponsorointi<\/font><\/h2><p class=\"elementor-image-box-description\">Sirkussirkus on sponsoroinut vuosien varrella monenlaisia taiteilijoita, esiintyji\u00e4, hankkeita, organisaatioita ja tapahtumia. <br>Nyky\u00e4\u00e4n emme l\u00e4ht\u00f6kohtaisesti sponsoroi mit\u00e4\u00e4n mit\u00e4 emme entuudestaan tunne tai koe \nsponsoroinnin arvoiseksi.<br>Menneit\u00e4 ja nykyisi\u00e4 yhteisty\u00f6kumppaneita ovat muun muassa:<br><br>- Nordic Juggling Convention, Finland<br>- Diabolo, Jojo ja Kendama SM-kisat, Finland<br>- Finnish Diabolo Convention, Finland<br>- Jukka Salminen, Finland<br>- Petter Wadsten, Sweden<br>- Lauri Koskinen (Herra Koskinen), Finland<br>- Circus Kampot, Cambodia<br>- Matkalaukkusirkus, Finland<br>- Circus Lounge, Finland<br>- Aura Company, Finland<br>- Grande Finale -opinn\u00e4ytety\u00f6festivaali, Finland<br>- Sis\u00e4pihasirkus, Finland<br>- Hannu Juntunen, Finland<br>- Peter \u00c5berg, Sweden<br>- Sirkuskiertue Romaniaan - Circus Art Caravan, Finland<br>- Lumous Sirkusvariete, Finland<br>- Sirkusfestivaali \u00c4mm\u00e4, Finland<br>- Linnanm\u00e4en Sirkuskoulu, Finland<br>- SNSL Suomen Nuorisosirkusliitto<br>- Arctic Ensemble, Finland<br>- El\u00e4v\u00e4n Kulttuurin Koroinen, Finland<br>- Perinneleikit ry, Finland<br>- Suomen Lapsellista ry<\/p><\/div><\/div>\t\t\t\t<\/div>\n\t\t\t\t<\/div>\n\t\t\t\t\t<\/div>\n\t\t<\/div>\n\t\t\t\t\t<\/div>\n\t\t<\/section>\n\t\t\t\t<\/div>\n\t\t","protected":false},"excerpt":{"rendered":"<p>Kai Kuutamo &amp; SirkussirkusSirkuskauppa.com Ainoa ja asiantunteva. Verkossa ja Turussa. Rehellist\u00e4 kauppaa jo vuodesta 2005! Tilaa Uutiskirje Joulu 2025 &#8211; Aikataulu Viimeiset l\u00e4hetykset ennen joulua k\u00e4sittelemme perjantaina 19.12. T\u00e4m\u00e4n j\u00e4lkeen tulleet tilaukset liikkuvat taas maanantaina 29.12. alkaen. Tervetuloa sirkuskauppaan! &#8211; Sirkuskauppa.com ei pyri tarjoamaan laajinta valikoimaa, vaan pikemminkin vain parasta laatua.&#8211; Hinta-laatusuhde on suuri vaikuttaja [&hellip;]<\/p>\n","protected":false},"author":1,"featured_media":0,"parent":0,"menu_order":0,"comment_status":"closed","ping_status":"closed","template":"","meta":{"site-sidebar-layout":"no-sidebar","site-content-layout":"page-builder","ast-site-content-layout":"default","site-content-style":"default","site-sidebar-style":"default","ast-global-header-display":"","ast-banner-title-visibility":"","ast-main-header-display":"","ast-hfb-above-header-display":"","ast-hfb-below-header-display":"","ast-hfb-mobile-header-display":"","site-post-title":"","ast-breadcrumbs-content":"","ast-featured-img":"disabled","footer-sml-layout":"","theme-transparent-header-meta":"enabled","adv-header-id-meta":"","stick-header-meta":"","header-above-stick-meta":"","header-main-stick-meta":"","header-below-stick-meta":"","astra-migrate-meta-layouts":"default","ast-page-background-enabled":"default","ast-page-background-meta":{"desktop":{"background-color":"","background-image":"","background-repeat":"repeat","background-position":"center center","background-size":"auto","background-attachment":"scroll","background-type":"","background-media":"","overlay-type":"","overlay-color":"","overlay-opacity":"","overlay-gradient":""},"tablet":{"background-color":"","background-image":"","background-repeat":"repeat","background-position":"center center","background-size":"auto","background-attachment":"scroll","background-type":"","background-media":"","overlay-type":"","overlay-color":"","overlay-opacity":"","overlay-gradient":""},"mobile":{"background-color":"","background-image":"","background-repeat":"repeat","background-position":"center center","background-size":"auto","background-attachment":"scroll","background-type":"","background-media":"","overlay-type":"","overlay-color":"","overlay-opacity":"","overlay-gradient":""}},"ast-content-background-meta":{"desktop":{"background-color":"var(--ast-global-color-5)","background-image":"","background-repeat":"repeat","background-position":"center center","background-size":"auto","background-attachment":"scroll","background-type":"","background-media":"","overlay-type":"","overlay-color":"","overlay-opacity":"","overlay-gradient":""},"tablet":{"background-color":"var(--ast-global-color-5)","background-image":"","background-repeat":"repeat","background-position":"center center","background-size":"auto","background-attachment":"scroll","background-type":"","background-media":"","overlay-type":"","overlay-color":"","overlay-opacity":"","overlay-gradient":""},"mobile":{"background-color":"var(--ast-global-color-5)","background-image":"","background-repeat":"repeat","background-position":"center center","background-size":"auto","background-attachment":"scroll","background-type":"","background-media":"","overlay-type":"","overlay-color":"","overlay-opacity":"","overlay-gradient":""}},"footnotes":""},"class_list":["post-43","page","type-page","status-publish","hentry"],"_links":{"self":[{"href":"https:\/\/sirkussirkus.com\/kauppa\/wp-json\/wp\/v2\/pages\/43","targetHints":{"allow":["GET"]}}],"collection":[{"href":"https:\/\/sirkussirkus.com\/kauppa\/wp-json\/wp\/v2\/pages"}],"about":[{"href":"https:\/\/sirkussirkus.com\/kauppa\/wp-json\/wp\/v2\/types\/page"}],"author":[{"embeddable":true,"href":"https:\/\/sirkussirkus.com\/kauppa\/wp-json\/wp\/v2\/users\/1"}],"replies":[{"embeddable":true,"href":"https:\/\/sirkussirkus.com\/kauppa\/wp-json\/wp\/v2\/comments?post=43"}],"version-history":[{"count":147,"href":"https:\/\/sirkussirkus.com\/kauppa\/wp-json\/wp\/v2\/pages\/43\/revisions"}],"predecessor-version":[{"id":8986,"href":"https:\/\/sirkussirkus.com\/kauppa\/wp-json\/wp\/v2\/pages\/43\/revisions\/8986"}],"wp:attachment":[{"href":"https:\/\/sirkussirkus.com\/kauppa\/wp-json\/wp\/v2\/media?parent=43"}],"curies":[{"name":"wp","href":"https:\/\/api.w.org\/{rel}","templated":true}]}}